{"id":106,"date":"2021-10-26T07:43:33","date_gmt":"2021-10-26T07:43:33","guid":{"rendered":"http:\/\/purotto.com.tr\/?page_id=106"},"modified":"2021-11-15T12:42:34","modified_gmt":"2021-11-15T12:42:34","slug":"puro-floor-zemin-sistemleri-grubu","status":"publish","type":"page","link":"https:\/\/purotto.com.tr\/en\/puro-floor-zemin-sistemleri-grubu\/","title":{"rendered":"Puro Floor Floor Systems Group"},"content":{"rendered":"<div class=\"wp-block-media-text alignwide is-stacked-on-mobile is-image-fill\" style=\"grid-template-columns:31% auto\"><figure class=\"wp-block-media-text__media\" style=\"background-image:url(http:\/\/purotto.com.tr\/wp-content\/uploads\/2021\/11\/PUROTTO-58-1.jpg);background-position:50% 50%\"><img loading=\"lazy\" width=\"982\" height=\"780\" src=\"http:\/\/purotto.com.tr\/wp-content\/uploads\/2021\/11\/PUROTTO-58-1.jpg\" alt=\"\" class=\"wp-image-191 size-full\" srcset=\"https:\/\/purotto.com.tr\/wp-content\/uploads\/2021\/11\/PUROTTO-58-1.jpg 982w, https:\/\/purotto.com.tr\/wp-content\/uploads\/2021\/11\/PUROTTO-58-1-300x238.jpg 300w, https:\/\/purotto.com.tr\/wp-content\/uploads\/2021\/11\/PUROTTO-58-1-768x610.jpg 768w, https:\/\/purotto.com.tr\/wp-content\/uploads\/2021\/11\/PUROTTO-58-1-600x477.jpg 600w\" sizes=\"(max-width: 982px) 100vw, 982px\" \/><\/figure><div class=\"wp-block-media-text__content\">\n<h2 class=\"has-accent-color has-text-color has-large-font-size\">Purofloor END<\/h2>\n\n\n\n<p>As with most floor applications, Purofloor END is a product group consisting of two self-levelling polyurethane based self-levelling components designed from undercoat and topcoat products. It is especially preferred in floors where mechanical and chemical resistance is required.<\/p>\n\n\n\n<p><strong>Usage areas<\/strong><\/p>\n\n\n\n<p>Factory and heavy industry floors,<br>Food, chemical and pharmaceutical industry floors,<br>Warehouse, hangar, parking lot etc.<\/p>\n<\/div><\/div>\n\n\n\n<div style=\"height:31px\" aria-hidden=\"true\" class=\"wp-block-spacer\"><\/div>\n\n\n\n<div class=\"wp-block-media-text alignwide has-media-on-the-right is-stacked-on-mobile is-image-fill\" style=\"grid-template-columns:auto 36%\"><figure class=\"wp-block-media-text__media\" style=\"background-image:url(http:\/\/purotto.com.tr\/wp-content\/uploads\/2021\/11\/PUROTTO-60-1024x571.jpg);background-position:50% 50%\"><img loading=\"lazy\" width=\"1024\" height=\"571\" src=\"http:\/\/purotto.com.tr\/wp-content\/uploads\/2021\/11\/PUROTTO-60-1024x571.jpg\" alt=\"\" class=\"wp-image-196 size-full\" srcset=\"https:\/\/purotto.com.tr\/wp-content\/uploads\/2021\/11\/PUROTTO-60-1024x571.jpg 1024w, https:\/\/purotto.com.tr\/wp-content\/uploads\/2021\/11\/PUROTTO-60-300x167.jpg 300w, https:\/\/purotto.com.tr\/wp-content\/uploads\/2021\/11\/PUROTTO-60-768x428.jpg 768w, https:\/\/purotto.com.tr\/wp-content\/uploads\/2021\/11\/PUROTTO-60-600x334.jpg 600w, https:\/\/purotto.com.tr\/wp-content\/uploads\/2021\/11\/PUROTTO-60.jpg 1172w\" sizes=\"(max-width: 1024px) 100vw, 1024px\" \/><\/figure><div class=\"wp-block-media-text__content\">\n<h2 class=\"has-accent-color has-text-color has-large-font-size\">Purofloor SPR<\/h2>\n\n\n\n<p>Purofloor SPR is a polyurethane based elastic structure consisting of two component paste primer, undercoat and topcoat applications used in indoor and outdoor sports halls. Polyurethane sports flooring systems are used in professional and recreational sports fields due to their resistance to slipping and abrasion.<\/p>\n<\/div><\/div>\n\n\n\n<div style=\"height:35px\" aria-hidden=\"true\" class=\"wp-block-spacer\"><\/div>\n\n\n\n<div class=\"wp-block-media-text alignwide is-stacked-on-mobile is-image-fill\" style=\"grid-template-columns:35% auto\"><figure class=\"wp-block-media-text__media\" style=\"background-image:url(http:\/\/purotto.com.tr\/wp-content\/uploads\/2021\/11\/PUROTTO-63-1024x690.jpg);background-position:50% 50%\"><img loading=\"lazy\" width=\"1024\" height=\"690\" src=\"http:\/\/purotto.com.tr\/wp-content\/uploads\/2021\/11\/PUROTTO-63-1024x690.jpg\" alt=\"\" class=\"wp-image-192 size-full\" srcset=\"https:\/\/purotto.com.tr\/wp-content\/uploads\/2021\/11\/PUROTTO-63-1024x690.jpg 1024w, https:\/\/purotto.com.tr\/wp-content\/uploads\/2021\/11\/PUROTTO-63-300x202.jpg 300w, https:\/\/purotto.com.tr\/wp-content\/uploads\/2021\/11\/PUROTTO-63-768x518.jpg 768w, https:\/\/purotto.com.tr\/wp-content\/uploads\/2021\/11\/PUROTTO-63-600x404.jpg 600w, https:\/\/purotto.com.tr\/wp-content\/uploads\/2021\/11\/PUROTTO-63.jpg 1104w\" sizes=\"(max-width: 1024px) 100vw, 1024px\" \/><\/figure><div class=\"wp-block-media-text__content\">\n<h2 class=\"has-accent-color has-text-color has-large-font-size\">Purofloor BTN<\/h2>\n\n\n\n<p>Purofloor BTN is a water based odourless floor system applied to the two-component polyurethane system by adding a mixture of cement filler and additives as the third component. The polyurethane concrete system applied with this perfect composition has excellent impact and abrasion resistance. Polyurethane concrete system, which is especially preferred in hygienic environments, can be quickly opened to work trace due to hardening in a short time. This product, which is resistant to temperature and elastic, does not create a slippery floor. It can be used for decorative purposes with its matt appearance in different colours and the ability to apply grainy surface if desired.<\/p>\n\n\n\n<p><strong>Usage areas<\/strong><\/p>\n\n\n\n<p>Hospital, medical laboratory etc. floors,<br>Factory and heavy industry floors,<br>Food, chemical and pharmaceutical industry floors,<br>Warehouse, hangar, parking lot etc.<\/p>\n<\/div><\/div>\n\n\n\n<div style=\"height:152px\" aria-hidden=\"true\" class=\"wp-block-spacer\"><\/div>","protected":false},"excerpt":{"rendered":"<p>Purofloor END Purofloor END, bir \u00e7ok zemin uygulamas\u0131nda oldu\u011fu gibi astar, arakat ve sonkat \u00fcr\u00fcnlerden tasarlanm\u0131\u015f, poli\u00fcretan esasl\u0131, kendinden yay\u0131lan, 2 bile\u015fenden olu\u015fan \u00fcr\u00fcn grubudur. Mekanik ve kimyasal dayan\u0131ma ihtiya\u00e7 duyulan zeminlerde \u00f6zellikle tercih edilmektedir. Kullan\u0131m Alanlar\u0131 \u2022 Fabrika ve a\u011f\u0131r sanayi zeminleri,\u2022 G\u0131da, kimya ve ila\u00e7 end\u00fcstrisi zeminleri,\u2022 Depo, [&hellip;]<\/p>","protected":false},"author":1,"featured_media":189,"parent":0,"menu_order":0,"comment_status":"closed","ping_status":"closed","template":"","meta":[],"_links":{"self":[{"href":"https:\/\/purotto.com.tr\/en\/wp-json\/wp\/v2\/pages\/106"}],"collection":[{"href":"https:\/\/purotto.com.tr\/en\/wp-json\/wp\/v2\/pages"}],"about":[{"href":"https:\/\/purotto.com.tr\/en\/wp-json\/wp\/v2\/types\/page"}],"author":[{"embeddable":true,"href":"https:\/\/purotto.com.tr\/en\/wp-json\/wp\/v2\/users\/1"}],"replies":[{"embeddable":true,"href":"https:\/\/purotto.com.tr\/en\/wp-json\/wp\/v2\/comments?post=106"}],"version-history":[{"count":9,"href":"https:\/\/purotto.com.tr\/en\/wp-json\/wp\/v2\/pages\/106\/revisions"}],"predecessor-version":[{"id":358,"href":"https:\/\/purotto.com.tr\/en\/wp-json\/wp\/v2\/pages\/106\/revisions\/358"}],"wp:featuredmedia":[{"embeddable":true,"href":"https:\/\/purotto.com.tr\/en\/wp-json\/wp\/v2\/media\/189"}],"wp:attachment":[{"href":"https:\/\/purotto.com.tr\/en\/wp-json\/wp\/v2\/media?parent=106"}],"curies":[{"name":"wp","href":"https:\/\/api.w.org\/{rel}","templated":true}]}}