{"id":108,"date":"2021-10-26T07:43:33","date_gmt":"2021-10-26T07:43:33","guid":{"rendered":"http:\/\/purotto.com.tr\/?page_id=108"},"modified":"2021-11-23T07:29:59","modified_gmt":"2021-11-23T07:29:59","slug":"puro-seal-sizdirmazlik-ve-yalitim-sistemleri-grubu","status":"publish","type":"page","link":"https:\/\/purotto.com.tr\/en\/puro-seal-sizdirmazlik-ve-yalitim-sistemleri-grubu\/","title":{"rendered":"Puro Seal Sealing and Insulation Systems Group"},"content":{"rendered":"<div class=\"wp-block-media-text alignwide is-stacked-on-mobile\" style=\"grid-template-columns:52% auto\"><figure class=\"wp-block-media-text__media\"><img loading=\"lazy\" width=\"1024\" height=\"784\" src=\"http:\/\/purotto.com.tr\/wp-content\/uploads\/2021\/11\/PUROTTO-31-1024x784-1.jpg\" alt=\"\" class=\"wp-image-218 size-full\" srcset=\"https:\/\/purotto.com.tr\/wp-content\/uploads\/2021\/11\/PUROTTO-31-1024x784-1.jpg 1024w, https:\/\/purotto.com.tr\/wp-content\/uploads\/2021\/11\/PUROTTO-31-1024x784-1-300x230.jpg 300w, https:\/\/purotto.com.tr\/wp-content\/uploads\/2021\/11\/PUROTTO-31-1024x784-1-768x588.jpg 768w, https:\/\/purotto.com.tr\/wp-content\/uploads\/2021\/11\/PUROTTO-31-1024x784-1-600x459.jpg 600w\" sizes=\"(max-width: 1024px) 100vw, 1024px\" \/><\/figure><div class=\"wp-block-media-text__content\">\n<h2 class=\"has-accent-color has-text-color has-large-font-size\">Puroseal FLT<\/h2>\n\n\n\n<h6>Polyurethane Based Sealing\n(Gasket) Systems<\/h6>\n\n\n\n<p class=\"has-small-font-size\">PuroSeal FLT is a two-component water-based integral polyurethane system that is used by molding in filter production and poured into\nthe area where sealing is required by the machine instead of traditional adhesive seals as a new technology in the gasketing process.<\/p>\n\n\n\n<p class=\"has-small-font-size\">The filter elements are fixed to the filter frame with casting compounds (compact and hard foam). Frames are mostly made of thermoplastic\nplastic acrylonitrile - butadiene - styrene copolymer (ABS) or polystyrene (PS) as well as aluminium or medium density MDF.<\/p>\n\n\n\n<p class=\"has-small-font-size\">PuroSeal FLT is a highly flowable, silicone-free and (if necessary) compact, two-component polyurethane casting systems. especially because it adheres well to ABS and PS, the junction bridge can be used as a supporting element that increases the stability of the filter elements. Filled foams are used to fix the filter part to the frame. For\nthis purpose, PuroSeal FLT systems exhibit high mechanical strength, wear-resistant surfaces, very good adhesion properties and high chemical resistance.<\/p>\n\n\n\n<p class=\"has-small-font-size\">PuroSeal FLT group products can also be\nproduced with special formulations suitable for customer needs.<\/p>\n\n\n\n<p class=\"has-small-font-size\">Scope of application<\/p>\n\n\n\n<ul class=\"has-small-font-size\"><li>Automotive Air, Oil and Diesel Filters<\/li><li>Industrial Filters<\/li><li>HEPA filters<\/li><li>F.I.P Gaskets on-site application<\/li><\/ul>\n\n\n\n<p><\/p>\n\n\n\n<p><\/p>\n<\/div><\/div>\n\n\n\n<div style=\"height:58px\" aria-hidden=\"true\" class=\"wp-block-spacer\"><\/div>\n\n\n\n<div class=\"wp-block-media-text alignwide has-media-on-the-right is-stacked-on-mobile is-image-fill\"><figure class=\"wp-block-media-text__media\" style=\"background-image:url(http:\/\/purotto.com.tr\/wp-content\/uploads\/2021\/11\/PUROTTO-29-1024x373.jpg);background-position:50% 50%\"><img loading=\"lazy\" width=\"1024\" height=\"373\" src=\"http:\/\/purotto.com.tr\/wp-content\/uploads\/2021\/11\/PUROTTO-29-1024x373.jpg\" alt=\"\" class=\"wp-image-220 size-full\" srcset=\"https:\/\/purotto.com.tr\/wp-content\/uploads\/2021\/11\/PUROTTO-29-1024x373.jpg 1024w, https:\/\/purotto.com.tr\/wp-content\/uploads\/2021\/11\/PUROTTO-29-300x109.jpg 300w, https:\/\/purotto.com.tr\/wp-content\/uploads\/2021\/11\/PUROTTO-29-768x280.jpg 768w, https:\/\/purotto.com.tr\/wp-content\/uploads\/2021\/11\/PUROTTO-29-1536x560.jpg 1536w, https:\/\/purotto.com.tr\/wp-content\/uploads\/2021\/11\/PUROTTO-29-600x219.jpg 600w, https:\/\/purotto.com.tr\/wp-content\/uploads\/2021\/11\/PUROTTO-29.jpg 1920w\" sizes=\"(max-width: 1024px) 100vw, 1024px\" \/><\/figure><div class=\"wp-block-media-text__content\">\n<h2 class=\"has-accent-color has-text-color has-large-font-size\">Puroseal PVC<\/h2>\n\n\n\n<p>PuroSeal PVC is a PVC Plastisol-based liquid product with a rubber-like closed cell sponge structure that has been expanded with a\nshort-term heat effect. They cure by spraying where applied. They adhere to the surface it is applied to (usually the lid) and act as a\nseal at the point of contact with the lid.<\/p>\n\n\n\n<p>Scope of application<\/p>\n\n\n\n<ul><li>Metal or plastic pail lids<\/li><li>Steel drums<\/li><\/ul>\n<\/div><\/div>\n\n\n\n<div style=\"height:53px\" aria-hidden=\"true\" class=\"wp-block-spacer\"><\/div>\n\n\n\n<div class=\"wp-block-media-text alignwide is-stacked-on-mobile is-image-fill\"><figure class=\"wp-block-media-text__media\" style=\"background-image:url(http:\/\/purotto.com.tr\/wp-content\/uploads\/2021\/11\/c354577c-702f-42ff-a330-fad604c95787.jpg);background-position:50% 50%\"><img loading=\"lazy\" width=\"400\" height=\"400\" src=\"http:\/\/purotto.com.tr\/wp-content\/uploads\/2021\/11\/c354577c-702f-42ff-a330-fad604c95787.jpg\" alt=\"\" class=\"wp-image-224 size-full\" srcset=\"https:\/\/purotto.com.tr\/wp-content\/uploads\/2021\/11\/c354577c-702f-42ff-a330-fad604c95787.jpg 400w, https:\/\/purotto.com.tr\/wp-content\/uploads\/2021\/11\/c354577c-702f-42ff-a330-fad604c95787-300x300.jpg 300w, https:\/\/purotto.com.tr\/wp-content\/uploads\/2021\/11\/c354577c-702f-42ff-a330-fad604c95787-150x150.jpg 150w, https:\/\/purotto.com.tr\/wp-content\/uploads\/2021\/11\/c354577c-702f-42ff-a330-fad604c95787-160x160.jpg 160w\" sizes=\"(max-width: 400px) 100vw, 400px\" \/><\/figure><div class=\"wp-block-media-text__content\">\n<h2 class=\"has-accent-color has-text-color has-large-font-size\">Puroseal INJ<\/h2>\n\n\n\n<h6>Polyurethane Based Waterproofing Systems<\/h6>\n\n\n\n<p>Puroseal INJ is a one-component, polyurethane based waterproofing material that reacts with water with low viscosity and closed cells. It is\nspecially designed to cut water cannons leaking from cracks in concrete surfaces.<\/p>\n\n\n\n<p>Scope of application<\/p>\n\n\n\n<ul><li>In injection systems of dry and moist cracks,<\/li><li>Crack repairs in areas where vibrating machines such as compressors, generators and diesel engines work,<\/li><li>Where there are vibrations such as bridges, viaducts, highways, heavy pedestrian traffic,<\/li><li>In cracks where water leaking into the structure is walked,<\/li><li>In isolation of cracks caused by movement on the ground,<\/li><li>In old and new concrete joints (cold joints),<\/li><li>In water tanks with high pressure,<\/li><li>In swimming pools,<\/li><li>In tunnel and underground warehouses,<\/li><li>Internal Insulation of Building Basements,<\/li><li>Strengthening works of structures such as reinforced concrete, stone and brick,<\/li><li>They can be used easily in closing cracks on surfaces such as concrete and screed.<\/li><\/ul>\n<\/div><\/div>\n\n\n\n<div style=\"height:61px\" aria-hidden=\"true\" class=\"wp-block-spacer\"><\/div>\n\n\n\n<div class=\"wp-block-media-text alignwide has-media-on-the-right is-stacked-on-mobile\" style=\"grid-template-columns:auto 44%\"><figure class=\"wp-block-media-text__media\"><img loading=\"lazy\" width=\"900\" height=\"300\" src=\"https:\/\/purotto.com.tr\/wp-content\/uploads\/2021\/11\/d-poliuretan-esasli-bitum-modifiyeli-tek-bilesenli-su-yalitim-malzemesi_1.jpg\" alt=\"\" class=\"wp-image-205 size-full\" srcset=\"https:\/\/purotto.com.tr\/wp-content\/uploads\/2021\/11\/d-poliuretan-esasli-bitum-modifiyeli-tek-bilesenli-su-yalitim-malzemesi_1.jpg 900w, https:\/\/purotto.com.tr\/wp-content\/uploads\/2021\/11\/d-poliuretan-esasli-bitum-modifiyeli-tek-bilesenli-su-yalitim-malzemesi_1-300x100.jpg 300w, https:\/\/purotto.com.tr\/wp-content\/uploads\/2021\/11\/d-poliuretan-esasli-bitum-modifiyeli-tek-bilesenli-su-yalitim-malzemesi_1-768x256.jpg 768w, https:\/\/purotto.com.tr\/wp-content\/uploads\/2021\/11\/d-poliuretan-esasli-bitum-modifiyeli-tek-bilesenli-su-yalitim-malzemesi_1-600x200.jpg 600w\" sizes=\"(max-width: 900px) 100vw, 900px\" \/><\/figure><div class=\"wp-block-media-text__content\">\n<h2 class=\"has-accent-color has-text-color has-large-font-size\">Puroseal BTM<\/h2>\n\n\n\n<p>PuroSeal BTM are polyurethane-bitumen based, fast drying, super elastic liquid waterproofing and coating materials with one or two component types. These products, which have excellent resistance to hot and cold, can be used up to 80 \u00b0 C easily, but they also maintain their resistance up to 200 \u00b0 C during sudden warming, at the same time, they have the ability to maintain their flexibility up to -40 \u00b0 C cold. PuroSeal BTM products that can be applied on many surfaces from concrete to plaster, metal to mosaic, bridging feature against cracks that\nmay occur on the applied surfaces.It is also perfect with. PuroSeal BTM products have high mechanical resistance and their elongation, tensile, tear and abrasion resistance is quite high. PuroSeal BTM products also show high resistance to chemicals.<\/p>\n\n\n\n<p>Usage areas<\/p>\n\n\n\n<ul><li>Concrete and plasterboard surfaces,<\/li><li>Foundation and curtain concretes, bridge platforms, tunnels and retaining wall insulation,<\/li><li>Under tile waterproofing<\/li><li>Under screed waterproofing on terraces and balconies,<\/li><li>In underground structures,<\/li><li>On old bituminous and EPDM membranes,<\/li><li>On the polyurethane insulation boards,<\/li><li>External insulation of water tanks<\/li><\/ul>\n<\/div><\/div>\n\n\n\n<div style=\"height:48px\" aria-hidden=\"true\" class=\"wp-block-spacer\"><\/div>\n\n\n\n<div class=\"wp-block-media-text alignwide is-stacked-on-mobile is-image-fill\"><figure class=\"wp-block-media-text__media\" style=\"background-image:url(http:\/\/purotto.com.tr\/wp-content\/uploads\/2021\/11\/PUROTTO-35-1024x768.jpg);background-position:50% 50%\"><img loading=\"lazy\" width=\"1024\" height=\"768\" src=\"http:\/\/purotto.com.tr\/wp-content\/uploads\/2021\/11\/PUROTTO-35-1024x768.jpg\" alt=\"\" class=\"wp-image-221 size-full\" srcset=\"https:\/\/purotto.com.tr\/wp-content\/uploads\/2021\/11\/PUROTTO-35-1024x768.jpg 1024w, https:\/\/purotto.com.tr\/wp-content\/uploads\/2021\/11\/PUROTTO-35-300x225.jpg 300w, https:\/\/purotto.com.tr\/wp-content\/uploads\/2021\/11\/PUROTTO-35-768x576.jpg 768w, https:\/\/purotto.com.tr\/wp-content\/uploads\/2021\/11\/PUROTTO-35-600x450.jpg 600w, https:\/\/purotto.com.tr\/wp-content\/uploads\/2021\/11\/PUROTTO-35.jpg 1030w\" sizes=\"(max-width: 1024px) 100vw, 1024px\" \/><\/figure><div class=\"wp-block-media-text__content\">\n<h2 class=\"has-accent-color has-text-color has-large-font-size\">Puroseal SUU<\/h2>\n\n\n\n<p>Puroseal SUU are self-dispersing, liquid applied, solvent-free Polyurethane based waterproofing membranes and coating\nsystems. Our polyurethane based roofing products, which are composed of different formulations and components according to\nthe density of human traffic and the climatic conditions of the application, have ultraviolet heat, high mechanical and chemical\nresistance and can be applied on all roof and terrace surfaces with elastomeric properties. They are long-lasting due to jointless,\nmonolithic structure, that is, they do not have a joint, they can be cleaned with detergents and solvents, they provide hygienic\nenvironments.<\/p>\n<\/div><\/div>\n\n\n\n<div style=\"height:100px\" aria-hidden=\"true\" class=\"wp-block-spacer\"><\/div>","protected":false},"excerpt":{"rendered":"<p>Puroseal FLT Poli\u00fcretan Esasl\u0131 S\u0131zd\u0131rmazl\u0131k (Conta) Sistemleri PuroSeal FLT, filtre \u00fcretiminde kal\u0131planarak kullan\u0131lan, contalama i\u015fleminde, yeni bir teknoloji olarak, geleneksel yap\u0131\u015ft\u0131rma contalar\u0131n yerine, makine ile s\u0131zd\u0131rmazl\u0131k istenen b\u00f6lgeye d\u00f6k\u00fclerek, yerinde s\u00fcngerimsi bir yap\u0131 olu\u015fturarak k\u00fcrlenen \u00e7ift komponentli, su bazl\u0131 integral yap\u0131daki Poli\u00fcretan sistemlerdir. Filtre elemanlar\u0131, filtre \u00e7er\u00e7evesine d\u00f6k\u00fcm bile\u015fikleri (kompakt [&hellip;]<\/p>","protected":false},"author":1,"featured_media":227,"parent":0,"menu_order":0,"comment_status":"closed","ping_status":"closed","template":"","meta":[],"_links":{"self":[{"href":"https:\/\/purotto.com.tr\/en\/wp-json\/wp\/v2\/pages\/108"}],"collection":[{"href":"https:\/\/purotto.com.tr\/en\/wp-json\/wp\/v2\/pages"}],"about":[{"href":"https:\/\/purotto.com.tr\/en\/wp-json\/wp\/v2\/types\/page"}],"author":[{"embeddable":true,"href":"https:\/\/purotto.com.tr\/en\/wp-json\/wp\/v2\/users\/1"}],"replies":[{"embeddable":true,"href":"https:\/\/purotto.com.tr\/en\/wp-json\/wp\/v2\/comments?post=108"}],"version-history":[{"count":10,"href":"https:\/\/purotto.com.tr\/en\/wp-json\/wp\/v2\/pages\/108\/revisions"}],"predecessor-version":[{"id":487,"href":"https:\/\/purotto.com.tr\/en\/wp-json\/wp\/v2\/pages\/108\/revisions\/487"}],"wp:featuredmedia":[{"embeddable":true,"href":"https:\/\/purotto.com.tr\/en\/wp-json\/wp\/v2\/media\/227"}],"wp:attachment":[{"href":"https:\/\/purotto.com.tr\/en\/wp-json\/wp\/v2\/media?parent=108"}],"curies":[{"name":"wp","href":"https:\/\/api.w.org\/{rel}","templated":true}]}}