{"id":110,"date":"2021-10-26T07:43:33","date_gmt":"2021-10-26T07:43:33","guid":{"rendered":"http:\/\/purotto.com.tr\/?page_id=110"},"modified":"2023-11-20T11:54:20","modified_gmt":"2023-11-20T11:54:20","slug":"puro-binder-baglayici-sistemler-grubu","status":"publish","type":"page","link":"https:\/\/purotto.com.tr\/en\/puro-binder-baglayici-sistemler-grubu\/","title":{"rendered":"Puro Binder Ba\u011flay\u0131c\u0131 Sistemler"},"content":{"rendered":"<div class=\"wp-block-media-text alignwide is-stacked-on-mobile is-image-fill\"><figure class=\"wp-block-media-text__media\" style=\"background-image:url(http:\/\/purotto.com.tr\/wp-content\/uploads\/2021\/11\/shutterstock_1094947025.jpg);background-position:50% 50%\"><img src=\"http:\/\/purotto.com.tr\/wp-content\/uploads\/2021\/11\/shutterstock_1094947025.jpg\" alt=\"\" class=\"wp-image-369 size-full\"\/><\/figure><div class=\"wp-block-media-text__content\">\n<h2 class=\"has-accent-color has-text-color has-large-font-size\">Purobinder PDM<\/h2>\n\n\n\n<h6>Polyurethane Based Rubber and EPDM Binders<\/h6>\n\n\n\n<p>Purobinder PDM are one-component, polyurethane-based binders resistant to moisture-cured water and outdoor conditions used in bulk systems. Rubber lock with ballistic protection, sound insulation and comfort feature on the playgrounds of playgrounds, suitable for on-site applications during the construction of tartan tracks,\njogging and walking tracks, in the production of ready-to-use rubber carpets on the floors of sports fields such as Basketball, Volleyball,\nTennis. used for the production of stones.<\/p>\n<\/div><\/div>\n\n\n\n<div style=\"height:47px\" aria-hidden=\"true\" class=\"wp-block-spacer\"><\/div>\n\n\n\n<div class=\"wp-block-media-text alignwide has-media-on-the-right is-stacked-on-mobile is-image-fill\"><figure class=\"wp-block-media-text__media\" style=\"background-image:url(http:\/\/purotto.com.tr\/wp-content\/uploads\/2021\/11\/shutterstock_1391708588-1024x683.jpg);background-position:50% 50%\"><img loading=\"lazy\" width=\"1024\" height=\"683\" src=\"http:\/\/purotto.com.tr\/wp-content\/uploads\/2021\/11\/shutterstock_1391708588-1024x683.jpg\" alt=\"\" class=\"wp-image-233 size-full\" srcset=\"https:\/\/purotto.com.tr\/wp-content\/uploads\/2021\/11\/shutterstock_1391708588-1024x683.jpg 1024w, https:\/\/purotto.com.tr\/wp-content\/uploads\/2021\/11\/shutterstock_1391708588-300x200.jpg 300w, https:\/\/purotto.com.tr\/wp-content\/uploads\/2021\/11\/shutterstock_1391708588-768x512.jpg 768w, https:\/\/purotto.com.tr\/wp-content\/uploads\/2021\/11\/shutterstock_1391708588-1536x1024.jpg 1536w, https:\/\/purotto.com.tr\/wp-content\/uploads\/2021\/11\/shutterstock_1391708588-2048x1365.jpg 2048w, https:\/\/purotto.com.tr\/wp-content\/uploads\/2021\/11\/shutterstock_1391708588-360x240.jpg 360w, https:\/\/purotto.com.tr\/wp-content\/uploads\/2021\/11\/shutterstock_1391708588-600x400.jpg 600w\" sizes=\"(max-width: 1024px) 100vw, 1024px\" \/><\/figure><div class=\"wp-block-media-text__content\">\n<h2 class=\"has-accent-color has-text-color has-large-font-size\">Purobinder SRY<\/h2>\n\n\n\n<p>Probinder SRY is a polyurethane based, one component and solvent containing spray binder. Our product, which creates a flexible coating, has water resistance and water permeability. Curing accelerates in hot and humid weather. It is used in indoor and outdoor areas, sports facilities, playgrounds, walking and cycling routes.<\/p>\n<\/div><\/div>\n\n\n\n<div style=\"height:34px\" aria-hidden=\"true\" class=\"wp-block-spacer\"><\/div>\n\n\n\n<div class=\"wp-block-media-text alignwide is-stacked-on-mobile is-image-fill\"><figure class=\"wp-block-media-text__media\" style=\"background-image:url(http:\/\/purotto.com.tr\/wp-content\/uploads\/2021\/11\/shutterstock_676880869-1024x680.jpg);background-position:50% 50%\"><img loading=\"lazy\" width=\"1024\" height=\"680\" src=\"http:\/\/purotto.com.tr\/wp-content\/uploads\/2021\/11\/shutterstock_676880869-1024x680.jpg\" alt=\"\" class=\"wp-image-234 size-full\" srcset=\"https:\/\/purotto.com.tr\/wp-content\/uploads\/2021\/11\/shutterstock_676880869-1024x680.jpg 1024w, https:\/\/purotto.com.tr\/wp-content\/uploads\/2021\/11\/shutterstock_676880869-300x199.jpg 300w, https:\/\/purotto.com.tr\/wp-content\/uploads\/2021\/11\/shutterstock_676880869-768x510.jpg 768w, https:\/\/purotto.com.tr\/wp-content\/uploads\/2021\/11\/shutterstock_676880869-1536x1021.jpg 1536w, https:\/\/purotto.com.tr\/wp-content\/uploads\/2021\/11\/shutterstock_676880869-2048x1361.jpg 2048w, https:\/\/purotto.com.tr\/wp-content\/uploads\/2021\/11\/shutterstock_676880869-360x240.jpg 360w, https:\/\/purotto.com.tr\/wp-content\/uploads\/2021\/11\/shutterstock_676880869-600x399.jpg 600w\" sizes=\"(max-width: 1024px) 100vw, 1024px\" \/><\/figure><div class=\"wp-block-media-text__content\">\n<h2 class=\"has-accent-color has-text-color has-large-font-size\">Purobinder GRN<\/h2>\n\n\n\n<h6>Polyurethane Based Sponge Granule Binders<\/h6>\n\n\n\n<p>Purobinder GRN are one-component, polyurethane-based binders that accelerate heat reaction, cure with moisture, and do not contain solvent. The product is used in buildings for sound and insulation\npurposes, under carpets for comfort, in car seats as wedges, and in the automotive\nindustry for sound insulation. It is used to connect granules in hot press application. It is resistant to water and outdoor conditions.<\/p>\n<\/div><\/div>\n\n\n\n<div style=\"height:100px\" aria-hidden=\"true\" class=\"wp-block-spacer\"><\/div>","protected":false},"excerpt":{"rendered":"<p>Purobinder PDM Poli\u00fcretan Esasl\u0131 Kau\u00e7uk ve EPDM Ba\u011flay\u0131c\u0131lar\u0131 D\u00f6kme sistemlerde kullan\u0131lan tek bile\u015fenli, nem ile k\u00fcrlenen suya ve d\u0131\u015f mekan ko\u015fullar\u0131na dayan\u0131kl\u0131 poli\u00fcretan esasl\u0131 ba\u011flay\u0131c\u0131lard\u0131r. Tartan Pistlerin, ko\u015fu ve y\u00fcr\u00fcme parkurlar\u0131n\u0131n yap\u0131m\u0131 s\u0131ras\u0131nda yerinde uygulamalara uygun. Basketbol, Voleybol, Tenis gibi spor sahalar\u0131n zeminlerinde yerinde uygulama ya da zemine yap\u0131\u015ft\u0131r\u0131lan, kullan\u0131ma [&hellip;]<\/p>","protected":false},"author":1,"featured_media":229,"parent":0,"menu_order":0,"comment_status":"closed","ping_status":"closed","template":"","meta":[],"_links":{"self":[{"href":"https:\/\/purotto.com.tr\/en\/wp-json\/wp\/v2\/pages\/110"}],"collection":[{"href":"https:\/\/purotto.com.tr\/en\/wp-json\/wp\/v2\/pages"}],"about":[{"href":"https:\/\/purotto.com.tr\/en\/wp-json\/wp\/v2\/types\/page"}],"author":[{"embeddable":true,"href":"https:\/\/purotto.com.tr\/en\/wp-json\/wp\/v2\/users\/1"}],"replies":[{"embeddable":true,"href":"https:\/\/purotto.com.tr\/en\/wp-json\/wp\/v2\/comments?post=110"}],"version-history":[{"count":8,"href":"https:\/\/purotto.com.tr\/en\/wp-json\/wp\/v2\/pages\/110\/revisions"}],"predecessor-version":[{"id":501,"href":"https:\/\/purotto.com.tr\/en\/wp-json\/wp\/v2\/pages\/110\/revisions\/501"}],"wp:featuredmedia":[{"embeddable":true,"href":"https:\/\/purotto.com.tr\/en\/wp-json\/wp\/v2\/media\/229"}],"wp:attachment":[{"href":"https:\/\/purotto.com.tr\/en\/wp-json\/wp\/v2\/media?parent=110"}],"curies":[{"name":"wp","href":"https:\/\/api.w.org\/{rel}","templated":true}]}}