{"id":111,"date":"2021-10-26T07:43:33","date_gmt":"2021-10-26T07:43:33","guid":{"rendered":"http:\/\/purotto.com.tr\/?page_id=111"},"modified":"2021-11-23T07:25:52","modified_gmt":"2021-11-23T07:25:52","slug":"puro-lymer-poliol-ve-prepolimer-sistemleri-grubu","status":"publish","type":"page","link":"https:\/\/purotto.com.tr\/en\/puro-lymer-poliol-ve-prepolimer-sistemleri-grubu\/","title":{"rendered":"Puro Lymer Polyol and Prepolymer Systems Group"},"content":{"rendered":"<div class=\"wp-block-media-text alignwide is-stacked-on-mobile is-image-fill\"><figure class=\"wp-block-media-text__media\" style=\"background-image:url(http:\/\/purotto.com.tr\/wp-content\/uploads\/2021\/11\/PUROTTO-69-e1573781500404-1024x554-2.jpg);background-position:50% 50%\"><img loading=\"lazy\" width=\"1024\" height=\"554\" src=\"http:\/\/purotto.com.tr\/wp-content\/uploads\/2021\/11\/PUROTTO-69-e1573781500404-1024x554-2.jpg\" alt=\"\" class=\"wp-image-239 size-full\" srcset=\"https:\/\/purotto.com.tr\/wp-content\/uploads\/2021\/11\/PUROTTO-69-e1573781500404-1024x554-2.jpg 1024w, https:\/\/purotto.com.tr\/wp-content\/uploads\/2021\/11\/PUROTTO-69-e1573781500404-1024x554-2-300x162.jpg 300w, https:\/\/purotto.com.tr\/wp-content\/uploads\/2021\/11\/PUROTTO-69-e1573781500404-1024x554-2-768x416.jpg 768w, https:\/\/purotto.com.tr\/wp-content\/uploads\/2021\/11\/PUROTTO-69-e1573781500404-1024x554-2-600x325.jpg 600w\" sizes=\"(max-width: 1024px) 100vw, 1024px\" \/><\/figure><div class=\"wp-block-media-text__content\">\n<h2 class=\"has-accent-color has-text-color has-large-font-size\"><strong>Purolymer PLY<\/strong><\/h2>\n\n\n\n<h6>Polyols<\/h6>\n\n\n\n<p>Purolymer PLY, as a main product in the\nproduction of two-component polyurethane\nadhesives, prepolymers, hard castings, surface\ncoatings and polyurethane sealants, as a\nnatural oil-based polyols provides superior\nperformance in both economic efficiency and\nmechanical properties of the final product in\nflexible foam, visco-elastic sponge, integral\nsponge, elastomers and microporous systems.<\/p>\n\n\n\n<p>The main advantages of polyols are:<\/p>\n\n\n\n<ul><li>Resistance to acids<\/li><li>High elasticity at low temperatures<\/li><li>High performance in mechanical properties<\/li><li>Hydrolytic resistance<\/li><\/ul>\n\n\n\n<p><\/p>\n<\/div><\/div>\n\n\n\n<div style=\"height:100px\" aria-hidden=\"true\" class=\"wp-block-spacer\"><\/div>\n\n\n\n<div class=\"wp-block-media-text alignwide has-media-on-the-right is-stacked-on-mobile is-image-fill\"><figure class=\"wp-block-media-text__media\" style=\"background-image:url(http:\/\/purotto.com.tr\/wp-content\/uploads\/2021\/11\/PRP.jpg);background-position:50% 50%\"><img loading=\"lazy\" width=\"538\" height=\"455\" src=\"http:\/\/purotto.com.tr\/wp-content\/uploads\/2021\/11\/PRP.jpg\" alt=\"\" class=\"wp-image-244 size-full\" srcset=\"https:\/\/purotto.com.tr\/wp-content\/uploads\/2021\/11\/PRP.jpg 538w, https:\/\/purotto.com.tr\/wp-content\/uploads\/2021\/11\/PRP-300x254.jpg 300w\" sizes=\"(max-width: 538px) 100vw, 538px\" \/><\/figure><div class=\"wp-block-media-text__content\">\n<h2 class=\"has-accent-color has-text-color has-large-font-size\">Purolymer PRP<\/h2>\n\n\n\n<h6>Prepolymers<\/h6>\n\n\n\n<p>Purolymer PRP is a moisture-curing, one-component, solvent-free, polyurethane-based binder. They are functional adhesives with different hardness and curing times depending on the application purpose.<\/p>\n\n\n\n<p>Prepolymers are reactive, affected by humidity and heat. Therefore, it is necessary to pay attention to its stabilization.<\/p>\n\n\n\n<p>Scope of application<\/p>\n\n\n\n<ul><li>In the Construction Industry, in the production of EPS and Rockwool Sandwich Panels and partitions<\/li><li>In the production of Dish Sponges, lamination of felt and sponge<\/li><li>As Marine Glue and Furniture Glue, it has properties suitable for practical packaging.<\/li><\/ul>\n<\/div><\/div>\n\n\n\n<div style=\"height:100px\" aria-hidden=\"true\" class=\"wp-block-spacer\"><\/div>","protected":false},"excerpt":{"rendered":"<p>Purolymer PLY Polioller Polioller, \u00e7ift komponentli poli\u00fcretan yap\u0131\u015ft\u0131r\u0131c\u0131lar, prepolimerler, sert d\u00f6k\u00fcmler, y\u00fczey kaplamalar\u0131 ve poli\u00fcretan dolgu macunlar\u0131 \u00fcretiminde ana \u00fcr\u00fcn olarak, esnek s\u00fcnger, visko-elastik s\u00fcnger, integral s\u00fcnger, elastomerler ve mikro g\u00f6zenekli sistemlerde gerek ekonomik verimlilik, gerekse de son \u00fcr\u00fcn\u00fcn mekanik \u00f6zelliklerinde \u00fcst\u00fcn performans sa\u011flayan do\u011fal ya\u011f bazl\u0131 poliollerdir. Polionerin sa\u011flad\u0131\u011f\u0131 [&hellip;]<\/p>","protected":false},"author":1,"featured_media":241,"parent":0,"menu_order":0,"comment_status":"closed","ping_status":"closed","template":"","meta":[],"_links":{"self":[{"href":"https:\/\/purotto.com.tr\/en\/wp-json\/wp\/v2\/pages\/111"}],"collection":[{"href":"https:\/\/purotto.com.tr\/en\/wp-json\/wp\/v2\/pages"}],"about":[{"href":"https:\/\/purotto.com.tr\/en\/wp-json\/wp\/v2\/types\/page"}],"author":[{"embeddable":true,"href":"https:\/\/purotto.com.tr\/en\/wp-json\/wp\/v2\/users\/1"}],"replies":[{"embeddable":true,"href":"https:\/\/purotto.com.tr\/en\/wp-json\/wp\/v2\/comments?post=111"}],"version-history":[{"count":6,"href":"https:\/\/purotto.com.tr\/en\/wp-json\/wp\/v2\/pages\/111\/revisions"}],"predecessor-version":[{"id":485,"href":"https:\/\/purotto.com.tr\/en\/wp-json\/wp\/v2\/pages\/111\/revisions\/485"}],"wp:featuredmedia":[{"embeddable":true,"href":"https:\/\/purotto.com.tr\/en\/wp-json\/wp\/v2\/media\/241"}],"wp:attachment":[{"href":"https:\/\/purotto.com.tr\/en\/wp-json\/wp\/v2\/media?parent=111"}],"curies":[{"name":"wp","href":"https:\/\/api.w.org\/{rel}","templated":true}]}}