{"id":112,"date":"2021-10-26T07:43:33","date_gmt":"2021-10-26T07:43:33","guid":{"rendered":"http:\/\/purotto.com.tr\/?page_id=112"},"modified":"2021-11-15T14:09:40","modified_gmt":"2021-11-15T14:09:40","slug":"puro-urea-poliurea-sistemleri-grubu","status":"publish","type":"page","link":"https:\/\/purotto.com.tr\/en\/puro-urea-poliurea-sistemleri-grubu\/","title":{"rendered":"Puro Urea Polyurea Systems Group"},"content":{"rendered":"<h2>Polyurea Systems<\/h2>\n\n\n\n<h6>Polyurea Systems<\/h6>\n\n\n\n<p>Polyurea materials are molecular with a tight internal structure and are chemical materials that show very high performance in the\ncoating of indoor or outdoor spaces and floors exposed to humidity due to their very high resistance to water. Polyurea is a new generation waterproofing and floor covering material that does not contain solvents and volatile substances (VOC), which is applied with two different component spray polyurea machines. It can be applied in any thickness, while providing smoothness on polyurea applied surfaces. Polyurea, which has a flexible structure and maintains its life\nfor a long time, is a type of insulation application that takes place with\na 100% reaction without solvent. Polyurea as a hardener It is a waterproofing application system that is formed by the chemical\nreaction of substances such as isocyanate and synthetic polyol, applied by spraying, and can be used on many surfaces with unlimited application thickness.<\/p>\n\n\n\n<p>There are 3 different polyurea systems.<\/p>\n\n\n\n<p><strong>Purourea ARM,<\/strong>&nbsp;Aromatic polyurea systems have excellent mechanical and thermal resistance, but they do not have UV resistance. The surface changes color in sunlight.<\/p>\n\n\n\n<p><strong>Purourea ALF,<\/strong>&nbsp;Aliphatic polyurea systems are UV resistant systems. The surface does not change color when exposed to the sun or artificial light.<\/p>\n\n\n\n<p><strong>Purourea ASP,<\/strong>&nbsp;Polyaspartic polyurea systems are polyurea systems with excellent high impact, abrasion, chemical resistance and UV resistance.<\/p>\n\n\n\n<div style=\"height:100px\" aria-hidden=\"true\" class=\"wp-block-spacer\"><\/div>\n\n\n\n<div class=\"wp-block-media-text alignwide is-stacked-on-mobile is-image-fill\"><figure class=\"wp-block-media-text__media\" style=\"background-image:url(http:\/\/purotto.com.tr\/wp-content\/uploads\/2021\/11\/PUROTTO-66-1024x576.jpg);background-position:83% 54%\"><img loading=\"lazy\" width=\"1024\" height=\"576\" src=\"http:\/\/purotto.com.tr\/wp-content\/uploads\/2021\/11\/PUROTTO-66-1024x576.jpg\" alt=\"\" class=\"wp-image-248 size-full\" srcset=\"https:\/\/purotto.com.tr\/wp-content\/uploads\/2021\/11\/PUROTTO-66-1024x576.jpg 1024w, https:\/\/purotto.com.tr\/wp-content\/uploads\/2021\/11\/PUROTTO-66-300x169.jpg 300w, https:\/\/purotto.com.tr\/wp-content\/uploads\/2021\/11\/PUROTTO-66-768x432.jpg 768w, https:\/\/purotto.com.tr\/wp-content\/uploads\/2021\/11\/PUROTTO-66-1536x864.jpg 1536w, https:\/\/purotto.com.tr\/wp-content\/uploads\/2021\/11\/PUROTTO-66-600x338.jpg 600w, https:\/\/purotto.com.tr\/wp-content\/uploads\/2021\/11\/PUROTTO-66.jpg 2048w\" sizes=\"(max-width: 1024px) 100vw, 1024px\" \/><\/figure><div class=\"wp-block-media-text__content\">\n<h2 class=\"has-accent-color has-text-color has-large-font-size\">Purourea ARM<\/h2>\n\n\n\n<h6>Polyurea Systems<\/h6>\n\n\n\n<p>Purourea ARM does not contain a catalyst is the first feature that can be listed among the aromatic polyurea properties. It is 100% solid\nmaterial with no liquid content and does not contain VOCs. It is completely odourless so that it does not contain volatile organic\nsubstances. It is an aromatic product that stands out because it is open to extremely fast and practical uses. It has polyurea properties. It realizes temperature stability at an excellent level. It can be used in\nboth thin and thick coating applications upon request. Resistant adhesive strength is manifested in many different structures. You can find the same adhesion strength not only in concrete and ceramic products, but also in metal and wood products. Its flexibility is also\nvery high. It is resistant to corrosion by sea water and is suitable for use in these areas as well. It has excellent chemical, impact and\nabrasion resistance.<\/p>\n\n\n\n<p><strong>Usage areas<\/strong><\/p>\n\n\n\n<ul><li>Tanks, pools, swimming pools, pipes, pipelines, waste water plants, chimneys, roof and terrace coatings<\/li><li>Industrial floors, production facilities, warehouses, hospitals, factories, parking lots and garages<\/li><li>Roads, bridge decks, railways and high-speed railways, tunnels, airports and line strips<\/li><li>Protection and ship piers on the underwater part of the ship and on the ship's decks<\/li><li>Truck and collection bearing liners, steel containers<\/li><li>\u041d\u0435\u0444\u0442\u0435\u0433\u0430\u0437\u043e\u0432\u0430\u044f \u043f\u0440\u043e\u043c\u044b\u0448\u043b\u0435\u043d\u043d\u043e\u0441\u0442\u044c, \u0433\u043e\u0440\u043d\u043e\u0434\u043e\u0431\u044b\u0432\u0430\u044e\u0449\u0430\u044f \u043f\u0440\u043e\u043c\u044b\u0448\u043b\u0435\u043d\u043d\u043e\u0441\u0442\u044c, \u0432\u0442\u043e\u0440\u0438\u0447\u043d\u0430\u044f \u0437\u0430\u0449\u0438\u0442\u0430 \u0438 \u044d\u043d\u0435\u0440\u0433\u0435\u0442\u0438\u043a\u0430.<\/li><li>Water parks, playgrounds and decorative applications<\/li><\/ul>\n<\/div><\/div>\n\n\n\n<div style=\"height:100px\" aria-hidden=\"true\" class=\"wp-block-spacer\"><\/div>\n\n\n\n<div class=\"wp-block-media-text alignwide has-media-on-the-right is-stacked-on-mobile is-image-fill\"><figure class=\"wp-block-media-text__media\" style=\"background-image:url(http:\/\/purotto.com.tr\/wp-content\/uploads\/2021\/11\/PUROTTO-67-1024x768.jpg);background-position:41% 45%\"><img loading=\"lazy\" width=\"1024\" height=\"768\" src=\"http:\/\/purotto.com.tr\/wp-content\/uploads\/2021\/11\/PUROTTO-67-1024x768.jpg\" alt=\"\" class=\"wp-image-251 size-full\" srcset=\"https:\/\/purotto.com.tr\/wp-content\/uploads\/2021\/11\/PUROTTO-67-1024x768.jpg 1024w, https:\/\/purotto.com.tr\/wp-content\/uploads\/2021\/11\/PUROTTO-67-300x225.jpg 300w, https:\/\/purotto.com.tr\/wp-content\/uploads\/2021\/11\/PUROTTO-67-768x576.jpg 768w, https:\/\/purotto.com.tr\/wp-content\/uploads\/2021\/11\/PUROTTO-67-600x450.jpg 600w, https:\/\/purotto.com.tr\/wp-content\/uploads\/2021\/11\/PUROTTO-67.jpg 1200w\" sizes=\"(max-width: 1024px) 100vw, 1024px\" \/><\/figure><div class=\"wp-block-media-text__content\">\n<h2 class=\"has-accent-color has-text-color has-large-font-size\">Purourea ALF<\/h2>\n\n\n\n<h6>Polyurea Systems<\/h6>\n\n\n\n<p>Purourea ALF are compounds containing di-isocyanate and polyamide in aliphatic structure (compounds in branched or straight chain skeleton structure where atoms in their molecular structures are covalently bonded to each other). Due to its molecular structure with this feature, it is highly resistant to the sun or any artificial light source. When aliphatic polyurea is overexposed to a light source, they retain their color and lifetime for many years. Polyurea materials have\na very high resistance to water. Therefore, aliphatic polyurea is generally used safely in all coating applications for insulation purposes.<\/p>\n\n\n\n<p>Purourea ALF is easy to apply and ready to use immediately after application. It is flexible, but it can be easily repaired in case of tearing and deformation. Water permeability is '0'. Aliphatic polyurea coatings are much higher quality and longer lasting than alternative coating methods.<\/p>\n\n\n\n<p><strong>Usage areas<\/strong><\/p>\n\n\n\n<ul><li>On exterior coatings where color stability is required<\/li><li>Swimming pools and water parks<\/li><li>Roofs, garages and car parks<\/li><li>Airports, shipyards and marinas<\/li><li>Wind energy facilities<\/li><li>Amusement parks and playgrounds<\/li><li>Decorative designs<\/li><li>Furniture industry<\/li><\/ul>\n<\/div><\/div>\n\n\n\n<div style=\"height:100px\" aria-hidden=\"true\" class=\"wp-block-spacer\"><\/div>\n\n\n\n<div class=\"wp-block-media-text alignwide is-stacked-on-mobile is-image-fill\"><figure class=\"wp-block-media-text__media\" style=\"background-image:url(http:\/\/purotto.com.tr\/wp-content\/uploads\/2021\/11\/shutterstock_1585434631-1024x819.jpg);background-position:50% 50%\"><img loading=\"lazy\" width=\"1024\" height=\"819\" src=\"http:\/\/purotto.com.tr\/wp-content\/uploads\/2021\/11\/shutterstock_1585434631-1024x819.jpg\" alt=\"\" class=\"wp-image-364 size-full\" srcset=\"https:\/\/purotto.com.tr\/wp-content\/uploads\/2021\/11\/shutterstock_1585434631-1024x819.jpg 1024w, https:\/\/purotto.com.tr\/wp-content\/uploads\/2021\/11\/shutterstock_1585434631-300x240.jpg 300w, https:\/\/purotto.com.tr\/wp-content\/uploads\/2021\/11\/shutterstock_1585434631-768x614.jpg 768w, https:\/\/purotto.com.tr\/wp-content\/uploads\/2021\/11\/shutterstock_1585434631-1536x1229.jpg 1536w, https:\/\/purotto.com.tr\/wp-content\/uploads\/2021\/11\/shutterstock_1585434631-2048x1638.jpg 2048w, https:\/\/purotto.com.tr\/wp-content\/uploads\/2021\/11\/shutterstock_1585434631-16x12.jpg 16w\" sizes=\"(max-width: 1024px) 100vw, 1024px\" \/><\/figure><div class=\"wp-block-media-text__content\">\n<h2 class=\"has-accent-color has-text-color has-large-font-size\">Purourea ASP<\/h2>\n\n\n\n<h6>Polyurea Systems<\/h6>\n\n\n\n<p>Purourea ASP is a 2-component, UV resistant, 100% colour stability, pure polyurea system in polyaspartic structure. It is a polyurea floor\ncoating system obtained from new generation aliphatic polymers that allows the desired floor covering due to its colour protection due to its UV resistance. It is different from spray polyurea systems in terms of application and performance. This system can be used directly as a thin coating, or it can be applied as a top coat on existing coatings. In addition, it can be applied to increase the corrosion resistance of\nindustrial structures. It has high scratch and impact resistance. After the product dries completely, it creates a glossy and smooth\nfinish. It can be applied to the floor with a roller, brush or airless system.<\/p>\n\n\n\n<p><strong>Usage areas<\/strong><\/p>\n\n\n\n<ul><li>For exterior coatings where color stability is required.<\/li><li>In swimming pools and furniture<\/li><li>On roofs and garages<\/li><li>In wind energy facilities<\/li><li>Outdoor and indoor pipe coatings<\/li><li>Amusement parks and playgrounds<\/li><li>In aircraft hangars<\/li><li>On the floors of shopping malls, hospitals and airports<\/li><\/ul>\n<\/div><\/div>\n\n\n\n<div style=\"height:100px\" aria-hidden=\"true\" class=\"wp-block-spacer\"><\/div>","protected":false},"excerpt":{"rendered":"<p>Poli\u00fcrea Sistemler Poli\u00fcrea Sistemler Poli\u00fcrea malzemeler s\u0131k\u0131 bir i\u00e7 yap\u0131ya sahip molek\u00fcler olup suya kar\u015f\u0131 dayan\u0131m\u0131n\u0131n \u00e7ok y\u00fcksek olmas\u0131yla neme maruz kalan i\u00e7 veya d\u0131\u015f mekanlar\u0131n, zeminlerin kaplanmas\u0131nda \u00e7ok y\u00fcksek performans g\u00f6steren kimyasal malzemelerdir. Poli\u00fcrea iki farkl\u0131 bile\u015fenli sprey poli\u00fcrea makineleri ile uygulanan, solvent ve u\u00e7ucu madde VOC i\u00e7ermeyen yeni [&hellip;]<\/p>","protected":false},"author":1,"featured_media":248,"parent":0,"menu_order":0,"comment_status":"closed","ping_status":"closed","template":"","meta":[],"_links":{"self":[{"href":"https:\/\/purotto.com.tr\/en\/wp-json\/wp\/v2\/pages\/112"}],"collection":[{"href":"https:\/\/purotto.com.tr\/en\/wp-json\/wp\/v2\/pages"}],"about":[{"href":"https:\/\/purotto.com.tr\/en\/wp-json\/wp\/v2\/types\/page"}],"author":[{"embeddable":true,"href":"https:\/\/purotto.com.tr\/en\/wp-json\/wp\/v2\/users\/1"}],"replies":[{"embeddable":true,"href":"https:\/\/purotto.com.tr\/en\/wp-json\/wp\/v2\/comments?post=112"}],"version-history":[{"count":4,"href":"https:\/\/purotto.com.tr\/en\/wp-json\/wp\/v2\/pages\/112\/revisions"}],"predecessor-version":[{"id":365,"href":"https:\/\/purotto.com.tr\/en\/wp-json\/wp\/v2\/pages\/112\/revisions\/365"}],"wp:featuredmedia":[{"embeddable":true,"href":"https:\/\/purotto.com.tr\/en\/wp-json\/wp\/v2\/media\/248"}],"wp:attachment":[{"href":"https:\/\/purotto.com.tr\/en\/wp-json\/wp\/v2\/media?parent=112"}],"curies":[{"name":"wp","href":"https:\/\/api.w.org\/{rel}","templated":true}]}}