{"id":510,"date":"2024-02-27T10:00:41","date_gmt":"2024-02-27T10:00:41","guid":{"rendered":"https:\/\/purotto.com.tr\/?page_id=510"},"modified":"2024-02-27T10:25:45","modified_gmt":"2024-02-27T10:25:45","slug":"purosive-krk-5400","status":"publish","type":"page","link":"https:\/\/purotto.com.tr\/en\/purosive-krk-5400\/","title":{"rendered":"Purosive KRK 5400"},"content":{"rendered":"<div class=\"wp-block-media-text alignwide is-stacked-on-mobile\"><figure class=\"wp-block-media-text__media\"><img loading=\"lazy\" width=\"925\" height=\"728\" src=\"https:\/\/purotto.com.tr\/wp-content\/uploads\/2024\/02\/WhatsApp-Gorsel-2024-02-27-saat-12.34.30_18ef3eca.jpg\" alt=\"\" class=\"wp-image-513 size-full\" srcset=\"https:\/\/purotto.com.tr\/wp-content\/uploads\/2024\/02\/WhatsApp-Gorsel-2024-02-27-saat-12.34.30_18ef3eca.jpg 925w, https:\/\/purotto.com.tr\/wp-content\/uploads\/2024\/02\/WhatsApp-Gorsel-2024-02-27-saat-12.34.30_18ef3eca-300x236.jpg 300w, https:\/\/purotto.com.tr\/wp-content\/uploads\/2024\/02\/WhatsApp-Gorsel-2024-02-27-saat-12.34.30_18ef3eca-768x604.jpg 768w, https:\/\/purotto.com.tr\/wp-content\/uploads\/2024\/02\/WhatsApp-Gorsel-2024-02-27-saat-12.34.30_18ef3eca-16x12.jpg 16w\" sizes=\"(max-width: 925px) 100vw, 925px\" \/><\/figure><div class=\"wp-block-media-text__content\">\n<p class=\"has-accent-color has-text-color has-large-font-size\"><strong>\u00dcr\u00fcn Tan\u0131m\u0131<\/strong><\/p>\n\n\n\n<p>Purosive KRK 5400 poli\u00fcretan esasl\u0131 \u00e7ift komponentli kau\u00e7uk yap\u0131\u015ft\u0131r\u0131c\u0131s\u0131d\u0131r.<\/p>\n\n\n\n<div class=\"wp-block-buttons\">\n<div class=\"wp-block-button\"><a class=\"wp-block-button__link has-white-color has-accent-background-color has-text-color has-background\" href=\"https:\/\/purotto.com.tr\/wp-content\/uploads\/2024\/02\/Purosive-KRK-5400-TR.pdf\"><img loading=\"lazy\" width=\"1530\" height=\"630\" class=\"wp-image-526\" style=\"width: 170px;\" src=\"https:\/\/purotto.com.tr\/wp-content\/uploads\/2024\/02\/png-icon1-02.png\" alt=\"\" srcset=\"https:\/\/purotto.com.tr\/wp-content\/uploads\/2024\/02\/png-icon1-02.png 1530w, https:\/\/purotto.com.tr\/wp-content\/uploads\/2024\/02\/png-icon1-02-300x124.png 300w, https:\/\/purotto.com.tr\/wp-content\/uploads\/2024\/02\/png-icon1-02-1024x422.png 1024w, https:\/\/purotto.com.tr\/wp-content\/uploads\/2024\/02\/png-icon1-02-768x316.png 768w, https:\/\/purotto.com.tr\/wp-content\/uploads\/2024\/02\/png-icon1-02-16x7.png 16w\" sizes=\"(max-width: 1530px) 100vw, 1530px\" \/><\/a><\/div>\n<\/div>\n\n\n\n<p><\/p>\n<\/div><\/div>\n\n\n\n<div style=\"height:37px\" aria-hidden=\"true\" class=\"wp-block-spacer\"><\/div>\n\n\n\n<div class=\"wp-block-columns\">\n<div class=\"wp-block-column\">\n<p class=\"has-accent-color has-text-color\"><strong>Usage areas<\/strong><\/p>\n\n\n\n<p>Purosive KRK 5400 iki bile\u015fenli poli\u00fcretan esasl\u0131 kau\u00e7uk yap\u0131\u015ft\u0131r\u0131c\u0131s\u0131d\u0131r.<br>Kau\u00e7uk zemin kaplama malzemelerinin beton, mdf, sunta, metal gibi y\u00fczeylere yap\u0131\u015ft\u0131r\u0131lmas\u0131nda kullan\u0131labilir.<\/p>\n\n\n\n<div class=\"wp-block-buttons\"><\/div>\n<\/div>\n\n\n\n<div class=\"wp-block-column\">\n<p class=\"has-accent-color has-text-color\"><strong>\u00dcr\u00fcn \u00d6zellikleri<\/strong><\/p>\n\n\n\n<p>G\u00fcn \u0131\u015f\u0131\u011f\u0131na kar\u015f\u0131 dayan\u0131kl\u0131d\u0131r, sudan ve d\u0131\u015f etkenlerden etkilenmemesinden dolay\u0131 yap\u0131\u015ft\u0131rma \u00f6zelli\u011fini uzun s\u00fcre kaybetmez. PuroSive KRK 5400 genel \u00f6zellikleri;<br>\u2022 Solvent ihtiva etmez.<br>\u2022 Kokusuzdur.<br>\u2022 Her t\u00fcr kau\u00e7uk malzemenin yap\u0131\u015ft\u0131rmas\u0131nda kullan\u0131labilir.<br>\u2022 Tiksotropik, di\u015fli kalan \u00f6zellik g\u00f6sterir.<br>\u2022 G\u00fc\u00e7l\u00fc yap\u0131\u015ft\u0131rma ile sorunsuz uygulan\u0131rlar.<\/p>\n<\/div>\n<\/div>\n\n\n\n<div style=\"height:30px\" aria-hidden=\"true\" class=\"wp-block-spacer\"><\/div>\n\n\n\n<div class=\"wp-block-buttons is-content-justification-center\"><\/div>\n\n\n\n<p><\/p>","protected":false},"excerpt":{"rendered":"<p>Kullan\u0131m Alanlar\u0131 Purosive KRK 5400 iki bile\u015fenli poli\u00fcretan esasl\u0131 kau\u00e7uk yap\u0131\u015ft\u0131r\u0131c\u0131s\u0131d\u0131r.Kau\u00e7uk zemin kaplama malzemelerinin beton, mdf, sunta, metal gibi y\u00fczeylere yap\u0131\u015ft\u0131r\u0131lmas\u0131nda kullan\u0131labilir. \u00dcr\u00fcn \u00d6zellikleri G\u00fcn \u0131\u015f\u0131\u011f\u0131na kar\u015f\u0131 dayan\u0131kl\u0131d\u0131r, sudan ve d\u0131\u015f etkenlerden etkilenmemesinden dolay\u0131 yap\u0131\u015ft\u0131rma \u00f6zelli\u011fini uzun s\u00fcre kaybetmez. PuroSive KRK 5400 genel \u00f6zellikleri;\u2022 Solvent ihtiva etmez.\u2022 Kokusuzdur.\u2022 Her t\u00fcr [&hellip;]<\/p>","protected":false},"author":1,"featured_media":215,"parent":0,"menu_order":0,"comment_status":"closed","ping_status":"closed","template":"","meta":[],"_links":{"self":[{"href":"https:\/\/purotto.com.tr\/en\/wp-json\/wp\/v2\/pages\/510"}],"collection":[{"href":"https:\/\/purotto.com.tr\/en\/wp-json\/wp\/v2\/pages"}],"about":[{"href":"https:\/\/purotto.com.tr\/en\/wp-json\/wp\/v2\/types\/page"}],"author":[{"embeddable":true,"href":"https:\/\/purotto.com.tr\/en\/wp-json\/wp\/v2\/users\/1"}],"replies":[{"embeddable":true,"href":"https:\/\/purotto.com.tr\/en\/wp-json\/wp\/v2\/comments?post=510"}],"version-history":[{"count":9,"href":"https:\/\/purotto.com.tr\/en\/wp-json\/wp\/v2\/pages\/510\/revisions"}],"predecessor-version":[{"id":529,"href":"https:\/\/purotto.com.tr\/en\/wp-json\/wp\/v2\/pages\/510\/revisions\/529"}],"wp:featuredmedia":[{"embeddable":true,"href":"https:\/\/purotto.com.tr\/en\/wp-json\/wp\/v2\/media\/215"}],"wp:attachment":[{"href":"https:\/\/purotto.com.tr\/en\/wp-json\/wp\/v2\/media?parent=510"}],"curies":[{"name":"wp","href":"https:\/\/api.w.org\/{rel}","templated":true}]}}