{"id":97,"date":"2021-10-26T07:35:38","date_gmt":"2021-10-26T07:35:38","guid":{"rendered":"http:\/\/purotto.com.tr\/?page_id=97"},"modified":"2021-11-15T06:28:25","modified_gmt":"2021-11-15T06:28:25","slug":"hakkimizda","status":"publish","type":"page","link":"https:\/\/purotto.com.tr\/en\/hakkimizda\/","title":{"rendered":"About"},"content":{"rendered":"<p style=\"text-align: left;\">PUROTTO Kimya has a 2500 m\u00b2 production area and an 10,000 tons annual production capacity in Tuzla Organized Chemical Industrial Zone. PUROTTO KIMYA is a 100% domestic polyurethane system house. Our company are capable to produce successfully polyurethane systems such as; Flexible, Foam systems, Sealing, Insulation, Adhesives, Casting Systems, Floor Systems, Binders, Polyols, Prepolymers and Polyurea systems.<\/p>\r\n<p style=\"text-align: left;\">PUROTTO Kimya is a company aims to respond to Polyurethane needs in the market which can be reach by synthesizing the experiences gained from the past with an innovative understanding.<\/p>\r\n<p style=\"text-align: left;\">PUROTTO Kimya aims to create new areas of usage in today's market conditions with innovative, competitive and efficient business\nmodels created in line with its goals in the field of polyurethane. It aims to develop domestic production with high added value and quality standards aimed at the domestic and export markets, producing innovative products, and to contribute to the country's\neconomy by concentrating on exports.<\/p>\r\n<p style=\"text-align: left;\">PUROTTO Kimya acts with the principles of long-term strategic and permanent cooperation that produces customer-oriented solutions. It is our priority to produce innovative, human and environmentally friendly products with R&D continuity. With an understanding that\nsees its customers as business partners, successful in producing goods that will respond to their needs and applications, offering different R&D-based solutions and new alternatives.<\/p>\r\n\r\n\r\n\r\n<div class=\"wp-block-media-text alignwide has-media-on-the-right is-stacked-on-mobile is-vertically-aligned-center\" style=\"grid-template-columns: auto 37%;\">\r\n<figure class=\"wp-block-media-text__media\"><img loading=\"lazy\" width=\"1024\" height=\"683\" src=\"http:\/\/purotto.com.tr\/wp-content\/uploads\/2021\/10\/shutterstock_117648727-1024x683.jpg\" alt=\"\" class=\"wp-image-140 size-large\" srcset=\"https:\/\/purotto.com.tr\/wp-content\/uploads\/2021\/10\/shutterstock_117648727-1024x683.jpg 1024w, https:\/\/purotto.com.tr\/wp-content\/uploads\/2021\/10\/shutterstock_117648727-300x200.jpg 300w, https:\/\/purotto.com.tr\/wp-content\/uploads\/2021\/10\/shutterstock_117648727-768x512.jpg 768w, https:\/\/purotto.com.tr\/wp-content\/uploads\/2021\/10\/shutterstock_117648727-1536x1024.jpg 1536w, https:\/\/purotto.com.tr\/wp-content\/uploads\/2021\/10\/shutterstock_117648727-2048x1365.jpg 2048w, https:\/\/purotto.com.tr\/wp-content\/uploads\/2021\/10\/shutterstock_117648727-360x240.jpg 360w, https:\/\/purotto.com.tr\/wp-content\/uploads\/2021\/10\/shutterstock_117648727-600x400.jpg 600w\" sizes=\"(max-width: 1024px) 100vw, 1024px\" \/><\/figure>\r\n<div class=\"wp-block-media-text__content\">\r\n<h2>Our Principles<\/h2>\r\n\r\n\r\n\r\n<ul class=\"has-black-color has-text-color\">\r\n<li>Innovative R & D Center<\/li>\r\n<li>Quality in Management and Production<\/li>\r\n<li>Customer oriented solution partnership<\/li>\r\n<li>Continuity in Quality<\/li>\r\n<li>Human and Eco-Friendly Products<\/li>\r\n<li>Respectful Production against Nature<\/li>\r\n<li>Safety in production<\/li>\r\n<\/ul>\r\n<\/div>\r\n<\/div>","protected":false},"excerpt":{"rendered":"<p>PUROTTO Kimya A.\u015e., Tuzla Kimyac\u0131lar Organize Sanayi B\u00f6lgesinde 2500 m2 faaliyet alan\u0131na, y\u0131ll\u0131k 10.000 ton \u00fcretim kapasitesine sahiptir. Firmam\u0131z, %100 Yerli \u00fcretim yapan Poli\u00fcretan sistem evidir. Esnek, K\u00f6p\u00fck sistemler, S\u0131zd\u0131rmazl\u0131k, Yal\u0131t\u0131m, Yap\u0131\u015ft\u0131r\u0131c\u0131lar, D\u00f6k\u00fcm Sistemleri, Zemin Sistemleri, Ba\u011flay\u0131c\u0131lar, Polioller, Prepolimerler ve Polyurea gibi Poli\u00fcretan sistemlerini ba\u015far\u0131yla \u00fcretmektedir. PUROTTO Kimya A.\u015e., yenilik\u00e7i [&hellip;]<\/p>","protected":false},"author":1,"featured_media":137,"parent":0,"menu_order":0,"comment_status":"closed","ping_status":"closed","template":"","meta":[],"_links":{"self":[{"href":"https:\/\/purotto.com.tr\/en\/wp-json\/wp\/v2\/pages\/97"}],"collection":[{"href":"https:\/\/purotto.com.tr\/en\/wp-json\/wp\/v2\/pages"}],"about":[{"href":"https:\/\/purotto.com.tr\/en\/wp-json\/wp\/v2\/types\/page"}],"author":[{"embeddable":true,"href":"https:\/\/purotto.com.tr\/en\/wp-json\/wp\/v2\/users\/1"}],"replies":[{"embeddable":true,"href":"https:\/\/purotto.com.tr\/en\/wp-json\/wp\/v2\/comments?post=97"}],"version-history":[{"count":10,"href":"https:\/\/purotto.com.tr\/en\/wp-json\/wp\/v2\/pages\/97\/revisions"}],"predecessor-version":[{"id":324,"href":"https:\/\/purotto.com.tr\/en\/wp-json\/wp\/v2\/pages\/97\/revisions\/324"}],"wp:featuredmedia":[{"embeddable":true,"href":"https:\/\/purotto.com.tr\/en\/wp-json\/wp\/v2\/media\/137"}],"wp:attachment":[{"href":"https:\/\/purotto.com.tr\/en\/wp-json\/wp\/v2\/media?parent=97"}],"curies":[{"name":"wp","href":"https:\/\/api.w.org\/{rel}","templated":true}]}}