{"id":105,"date":"2021-10-26T07:43:33","date_gmt":"2021-10-26T07:43:33","guid":{"rendered":"http:\/\/purotto.com.tr\/?page_id=105"},"modified":"2021-11-09T09:07:48","modified_gmt":"2021-11-09T09:07:48","slug":"puro-cast-dokum-sistemleri-grubu","status":"publish","type":"page","link":"https:\/\/purotto.com.tr\/ru\/puro-cast-dokum-sistemleri-grubu\/","title":{"rendered":"\u0413\u0440\u0443\u043f\u043f\u0430 Puro Cast Casting Systems"},"content":{"rendered":"<h2 class=\"has-accent-color has-text-color has-large-font-size\">Purocast RIM<\/h2>\n\n\n\n<h6>R.I.M. \u043d\u0430 \u043e\u0441\u043d\u043e\u0432\u0435 \u043f\u043e\u043b\u0438\u0443\u0440\u0435\u0442\u0430\u043d\u0430. (\u041b\u0438\u0442\u044c\u0435\n\u043f\u043e\u0434 \u0434\u0430\u0432\u043b\u0435\u043d\u0438\u0435\u043c) \u0421\u0438\u0441\u0442\u0435\u043c\u044b<\/h6>\n\n\n\n<p>\u0414\u0435\u0442\u0430\u043b\u0438 RIM \u043e\u0442\u043b\u0438\u0447\u0430\u044e\u0442\u0441\u044f \u0432\u044b\u0441\u043e\u043a\u043e\u0439 \u043f\u043b\u043e\u0442\u043d\u043e\u0441\u0442\u044c\u044e, \u043f\u0440\u043e\u0447\u043d\u043e\u0441\u0442\u044c\u044e, \u0443\u0434\u0430\u0440\u043e\u043f\u0440\u043e\u0447\u043d\u043e\u0441\u0442\u044c\u044e \u0438 \u0441\u0442\u043e\u0439\u043a\u043e\u0441\u0442\u044c\u044e. \u041e\u043d\u0438 \u043e\u0431\u0440\u0430\u0437\u0443\u044e\u0442\u0441\u044f \u0432 \u0440\u0435\u0437\u0443\u043b\u044c\u0442\u0430\u0442\u0435 \u0432\u043f\u0440\u044b\u0441\u043a\u0430 \u0441\u043f\u0435\u0446\u0438\u0430\u043b\u044c\u043d\u043e \u043f\u043e\u0434\u0433\u043e\u0442\u043e\u0432\u043b\u0435\u043d\u043d\u044b\u0445 \u0434\u0432\u0443\u0445\u043a\u043e\u043c\u043f\u043e\u043d\u0435\u043d\u0442\u043d\u044b\u0445 \u043f\u043e\u043b\u0438\u0443\u0440\u0435\u0442\u0430\u043d\u043e\u0432\u044b\u0445 \u0441\u0438\u0441\u0442\u0435\u043c \u0432 \u0444\u043e\u0440\u043c\u0443 \u0441 \u043f\u043e\u043c\u043e\u0449\u044c\u044e \u043c\u0430\u0448\u0438\u043d \u0432\u044b\u0441\u043e\u043a\u043e\u0433\u043e \u0434\u0430\u0432\u043b\u0435\u043d\u0438\u044f. \u0412\u043d\u0435\u0448\u043d\u0438\u0435 \u0447\u0430\u0441\u0442\u0438 \u0430\u0432\u0442\u043e\u043c\u043e\u0431\u0438\u043b\u0435\u0439 \u043f\u0440\u043e\u0438\u0437\u0432\u043e\u0434\u044f\u0442\u0441\u044f \u0438\u0437 RIM. \u041e\u043d\n\u0448\u0438\u0440\u043e\u043a\u043e \u0438\u0441\u043f\u043e\u043b\u044c\u0437\u0443\u0435\u0442\u0441\u044f \u0432 \u0430\u0432\u0442\u043e\u043c\u043e\u0431\u0438\u043b\u044c\u043d\u043e\u0439 \u043f\u0440\u043e\u043c\u044b\u0448\u043b\u0435\u043d\u043d\u043e\u0441\u0442\u0438. RIM, \u043a\u043e\u0442\u043e\u0440\u044b\u0439 \u0438\u0441\u043f\u043e\u043b\u044c\u0437\u0443\u0435\u0442\u0441\u044f \u043f\u0440\u0438 \u043f\u0440\u043e\u0438\u0437\u0432\u043e\u0434\u0441\u0442\u0432\u0435 \u043c\u043d\u043e\u0433\u0438\u0445 \u0434\u0435\u0442\u0430\u043b\u0435\u0439 \u0432 \u0430\u0432\u0442\u043e\u043c\u043e\u0431\u0438\u043b\u044c\u043d\u043e\u0439 \u043f\u0440\u043e\u043c\u044b\u0448\u043b\u0435\u043d\u043d\u043e\u0441\u0442\u0438, \u0441\u043e\u0441\u0442\u043e\u0438\u0442 \u0438\u0437 \u0438\u043d\u0438\u0446\u0438\u0430\u043b\u043e\u0432 \u044d\u0442\u0438\u0445 \u0442\u0440\u0435\u0445 \u0441\u043b\u043e\u0432 \u043d\u0430 \u0430\u043d\u0433\u043b\u0438\u0439\u0441\u043a\u043e\u043c \u044f\u0437\u044b\u043a\u0435.<\/p>\n\n\n\n<p>\u0420\u0435\u0430\u043a\u0446\u0438\u044f: \u043d\u0430\u0447\u0438\u043d\u0430\u0435\u0442\u0441\u044f \u0441\u043e \u0441\u043c\u0435\u0441\u0438 \u0434\u0432\u0443\u0445 \u0438\u043b\u0438 \u0431\u043e\u043b\u0435\u0435 \u043a\u043e\u043c\u043f\u043e\u043d\u0435\u043d\u0442\u043e\u0432.<\/p>\n\n\n\n<p>\u0418\u043d\u044a\u0435\u043a\u0446\u0438\u044f: \u044d\u0442\u043e \u043f\u0440\u043e\u0446\u0435\u0441\u0441 \u043f\u0435\u0440\u0435\u043d\u043e\u0441\u0430 \u0441\u043c\u0435\u0441\u0438 \u0432 \u0444\u043e\u0440\u043c\u0443.<\/p>\n\n\n\n<p>\u0424\u043e\u0440\u043c\u043e\u0432\u0430\u043d\u0438\u0435: \u043e\u0431\u0440\u0430\u0437\u0443\u0435\u0442 \u0436\u0435\u043b\u0430\u0435\u043c\u0443\u044e \u0434\u0435\u0442\u0430\u043b\u044c \u0432 \u0440\u0435\u0437\u0443\u043b\u044c\u0442\u0430\u0442\u0435 \u043e\u0442\u0432\u0435\u0440\u0436\u0434\u0435\u043d\u0438\u044f \u043f\u0443\u0442\u0435\u043c \u043f\u0440\u0438\u0434\u0430\u043d\u0438\u044f \u0444\u043e\u0440\u043c\u044b \u0440\u0430\u0437\u043b\u0438\u0442\u043e\u0439 \u0441\u043c\u0435\u0441\u0438.<\/p>\n\n\n\n<figure class=\"wp-block-gallery aligncenter columns-3 is-cropped\"><ul class=\"blocks-gallery-grid\"><li class=\"blocks-gallery-item\"><figure><img loading=\"lazy\" width=\"1000\" height=\"1000\" src=\"http:\/\/purotto.com.tr\/wp-content\/uploads\/2021\/11\/purocast-RIM02.jpg\" alt=\"\" data-id=\"165\" data-link=\"http:\/\/purotto.com.tr\/puro-cast-dokum-sistemleri-grubu\/purocast-rim02\/\" class=\"wp-image-165\" srcset=\"https:\/\/purotto.com.tr\/wp-content\/uploads\/2021\/11\/purocast-RIM02.jpg 1000w, https:\/\/purotto.com.tr\/wp-content\/uploads\/2021\/11\/purocast-RIM02-300x300.jpg 300w, https:\/\/purotto.com.tr\/wp-content\/uploads\/2021\/11\/purocast-RIM02-150x150.jpg 150w, https:\/\/purotto.com.tr\/wp-content\/uploads\/2021\/11\/purocast-RIM02-768x768.jpg 768w, https:\/\/purotto.com.tr\/wp-content\/uploads\/2021\/11\/purocast-RIM02-600x600.jpg 600w, https:\/\/purotto.com.tr\/wp-content\/uploads\/2021\/11\/purocast-RIM02-160x160.jpg 160w\" sizes=\"(max-width: 1000px) 100vw, 1000px\" \/><\/figure><\/li><li class=\"blocks-gallery-item\"><figure><img loading=\"lazy\" width=\"1024\" height=\"576\" src=\"http:\/\/purotto.com.tr\/wp-content\/uploads\/2021\/11\/purocast-RIM01-1024x576.jpg\" alt=\"\" data-id=\"166\" data-link=\"http:\/\/purotto.com.tr\/puro-cast-dokum-sistemleri-grubu\/purocast-rim01\/\" class=\"wp-image-166\" srcset=\"https:\/\/purotto.com.tr\/wp-content\/uploads\/2021\/11\/purocast-RIM01-1024x576.jpg 1024w, https:\/\/purotto.com.tr\/wp-content\/uploads\/2021\/11\/purocast-RIM01-300x169.jpg 300w, https:\/\/purotto.com.tr\/wp-content\/uploads\/2021\/11\/purocast-RIM01-768x432.jpg 768w, https:\/\/purotto.com.tr\/wp-content\/uploads\/2021\/11\/purocast-RIM01-1536x864.jpg 1536w, https:\/\/purotto.com.tr\/wp-content\/uploads\/2021\/11\/purocast-RIM01-600x338.jpg 600w, https:\/\/purotto.com.tr\/wp-content\/uploads\/2021\/11\/purocast-RIM01.jpg 1920w\" sizes=\"(max-width: 1024px) 100vw, 1024px\" \/><\/figure><\/li><li class=\"blocks-gallery-item\"><figure><img loading=\"lazy\" width=\"1024\" height=\"768\" src=\"http:\/\/purotto.com.tr\/wp-content\/uploads\/2021\/11\/PUROTTO-52-1024x768.jpg\" alt=\"\" data-id=\"168\" data-full-url=\"http:\/\/purotto.com.tr\/wp-content\/uploads\/2021\/11\/PUROTTO-52.jpg\" data-link=\"http:\/\/purotto.com.tr\/puro-cast-dokum-sistemleri-grubu\/purotto-52\/\" class=\"wp-image-168\" srcset=\"https:\/\/purotto.com.tr\/wp-content\/uploads\/2021\/11\/PUROTTO-52-1024x768.jpg 1024w, https:\/\/purotto.com.tr\/wp-content\/uploads\/2021\/11\/PUROTTO-52-300x225.jpg 300w, https:\/\/purotto.com.tr\/wp-content\/uploads\/2021\/11\/PUROTTO-52-768x576.jpg 768w, https:\/\/purotto.com.tr\/wp-content\/uploads\/2021\/11\/PUROTTO-52-600x450.jpg 600w, https:\/\/purotto.com.tr\/wp-content\/uploads\/2021\/11\/PUROTTO-52.jpg 1066w\" sizes=\"(max-width: 1024px) 100vw, 1024px\" \/><\/figure><\/li><\/ul><\/figure>\n\n\n\n<h2 class=\"has-accent-color has-text-color has-large-font-size\">Purocast MOB<\/h2>\n\n\n\n<h6>\u0421\u0438\u0441\u0442\u0435\u043c\u044b \u043b\u0438\u0442\u044c\u044f \u043f\u043e\u0434 \u0434\u0430\u0432\u043b\u0435\u043d\u0438\u0435\u043c \u0438\u0437 \u043f\u043e\u043b\u0438\u0443\u0440\u0435\u0442\u0430\u043d\u0430<\/h6>\n\n\n\n<p>Purocast MOB \u043f\u0440\u0435\u0434\u0441\u0442\u0430\u0432\u043b\u044f\u0435\u0442 \u0441\u043e\u0431\u043e\u0439 \u043b\u0438\u0442\u043e\u0439 \u043f\u043e\u043b\u0438\u043e\u043b, \u0438\u043c\u0438\u0442\u0438\u0440\u0443\u044e\u0449\u0438\u0439 \u0434\u0435\u0440\u0435\u0432\u043e, \u0434\u043b\u044f \u043f\u043e\u043b\u0438\u0443\u0440\u0435\u0442\u0430\u043d\u043e\u0432\u044b\u0445 \u0441\u0438\u0441\u0442\u0435\u043c. \u0416\u0435\u0441\u0442\u043a\u0438\u0435 \u043f\u0435\u043d\u043e\u043f\u043e\u043b\u0438\u0443\u0440\u0435\u0442\u0430\u043d\u044b, \u0438\u0441\u043f\u043e\u043b\u044c\u0437\u0443\u0435\u043c\u044b\u0435 \u0434\u043b\u044f \u043e\u0442\u0434\u0435\u043b\u043a\u0438, \u043f\u0440\u0435\u0434\u0441\u0442\u0430\u0432\u043b\u044f\u044e\u0442 \u0441\u043e\u0431\u043e\u0439 \u0438\u0437\u0434\u0435\u043b\u0438\u044f,\n\u0438\u043c\u0438\u0442\u0438\u0440\u0443\u044e\u0449\u0438\u0435 \u0434\u0435\u0440\u0435\u0432\u043e. \u042d\u0442\u0438 \u043f\u0440\u043e\u0434\u0443\u043a\u0442\u044b \u0438\u0441\u043f\u043e\u043b\u044c\u0437\u0443\u044e\u0442\u0441\u044f \u0432 \u043f\u0440\u0435\u0434\u043c\u0435\u0442\u0430\u0445 \u043c\u0435\u0431\u0435\u043b\u0438, \u0447\u0435\u0445\u043b\u0430\u0445 \u0434\u043b\u044f \u043a\u043e\u043d\u0434\u0438\u0446\u0438\u043e\u043d\u0435\u0440\u043e\u0432, \u0440\u0430\u043c\u0430\u0445 \u0434\u043b\u044f \u0437\u0435\u0440\u043a\u0430\u043b \u0438 \u0442. \u0434 \u041f\u043e \u0441\u043f\u043e\u0441\u043e\u0431\u0443 \u043b\u0438\u0442\u044c\u044f \u043e\u043d\u0438 \u0434\u0435\u043b\u044f\u0442\u0441\u044f \u043d\u0430 \u0434\u0432\u0435: \u043e\u0442\u043a\u0440\u044b\u0442\u044b\u0435 \u0438 \u0437\u0430\u043a\u0440\u044b\u0442\u044b\u0435 \u0441\u0438\u0441\u0442\u0435\u043c\u044b. \u041f\u0440\u043e\u0438\u0437\u0432\u043e\u0434\u0438\u0442\u0441\u044f \u043e\u0447\u0435\u043d\u044c \u0431\u044b\u0441\u0442\u0440\u043e, \u043f\u043e\n\u0441\u0440\u0430\u0432\u043d\u0435\u043d\u0438\u044e \u0441 \u0440\u0435\u0437\u044c\u0431\u043e\u0439 \u0438\u043b\u0438 \u0440\u0443\u0447\u043d\u043e\u0439 \u0440\u0430\u0431\u043e\u0442\u043e\u0439. \u042d\u0442\u043e\u0442 \u0434\u0440\u0435\u0432\u0435\u0441\u043d\u043e-\u043f\u043b\u043e\u0442\u043d\u044b\u0439 \u043c\u0430\u0442\u0435\u0440\u0438\u0430\u043b \u043c\u043e\u0436\u043d\u043e \u043e\u0431\u0440\u0430\u0431\u0430\u0442\u044b\u0432\u0430\u0442\u044c \u043d\u0430 \u043c\u0435\u0431\u0435\u043b\u044c\u043d\u044b\u0445 \u0441\u0442\u0430\u043d\u043a\u0430\u0445 \u0438 \u0448\u043b\u0438\u0444\u043e\u0432\u0430\u0442\u044c \u0432\u0440\u0443\u0447\u043d\u0443\u044e. \u042d\u0442\u043e\u0442 \u043b\u0430\u043a\u043e\u043a\u0440\u0430\u0441\u043e\u0447\u043d\u044b\u0439 \u043c\u0430\u0442\u0435\u0440\u0438\u0430\u043b \u043e\u0447\u0435\u043d\u044c \u044d\u043a\u043e\u043d\u043e\u043c\u0438\u0447\u0435\u043d. \u0412\u0440\u0435\u043c\u044f\n\u0440\u0430\u0431\u043e\u0442\u044b \u0438 \u0432\u0440\u0435\u043c\u044f \u0437\u0430\u043c\u043e\u0440\u043e\u0437\u043a\u0438 \u043c\u043e\u0436\u043d\u043e \u0440\u0435\u0433\u0443\u043b\u0438\u0440\u043e\u0432\u0430\u0442\u044c \u043f\u043e \u0437\u0430\u043f\u0440\u043e\u0441\u0443.<\/p>\n\n\n\n<div class=\"wp-block-group\"><div class=\"wp-block-group__inner-container\">\n<div class=\"wp-block-columns\">\n<div class=\"wp-block-column\">\n<figure class=\"wp-block-gallery columns-3 is-cropped\"><ul class=\"blocks-gallery-grid\"><li class=\"blocks-gallery-item\"><figure><img loading=\"lazy\" width=\"1024\" height=\"768\" src=\"http:\/\/purotto.com.tr\/wp-content\/uploads\/2021\/11\/purocast-MOB-02-1024x768.jpg\" alt=\"\" data-id=\"176\" data-full-url=\"http:\/\/purotto.com.tr\/wp-content\/uploads\/2021\/11\/purocast-MOB-02.jpg\" data-link=\"http:\/\/purotto.com.tr\/puro-cast-dokum-sistemleri-grubu\/purocast-mob-02\/\" class=\"wp-image-176\" srcset=\"https:\/\/purotto.com.tr\/wp-content\/uploads\/2021\/11\/purocast-MOB-02-1024x768.jpg 1024w, https:\/\/purotto.com.tr\/wp-content\/uploads\/2021\/11\/purocast-MOB-02-300x225.jpg 300w, https:\/\/purotto.com.tr\/wp-content\/uploads\/2021\/11\/purocast-MOB-02-768x576.jpg 768w, https:\/\/purotto.com.tr\/wp-content\/uploads\/2021\/11\/purocast-MOB-02-1536x1152.jpg 1536w, https:\/\/purotto.com.tr\/wp-content\/uploads\/2021\/11\/purocast-MOB-02-600x450.jpg 600w, https:\/\/purotto.com.tr\/wp-content\/uploads\/2021\/11\/purocast-MOB-02.jpg 2048w\" sizes=\"(max-width: 1024px) 100vw, 1024px\" \/><\/figure><\/li><li class=\"blocks-gallery-item\"><figure><img loading=\"lazy\" width=\"1024\" height=\"470\" src=\"http:\/\/purotto.com.tr\/wp-content\/uploads\/2021\/11\/purocast-MOB-01-1-1024x470.png\" alt=\"\" data-id=\"175\" data-full-url=\"http:\/\/purotto.com.tr\/wp-content\/uploads\/2021\/11\/purocast-MOB-01-1.png\" data-link=\"http:\/\/purotto.com.tr\/puro-cast-dokum-sistemleri-grubu\/purocast-mob-01-1\/\" class=\"wp-image-175\" srcset=\"https:\/\/purotto.com.tr\/wp-content\/uploads\/2021\/11\/purocast-MOB-01-1-1024x470.png 1024w, https:\/\/purotto.com.tr\/wp-content\/uploads\/2021\/11\/purocast-MOB-01-1-300x138.png 300w, https:\/\/purotto.com.tr\/wp-content\/uploads\/2021\/11\/purocast-MOB-01-1-768x353.png 768w, https:\/\/purotto.com.tr\/wp-content\/uploads\/2021\/11\/purocast-MOB-01-1-600x275.png 600w, https:\/\/purotto.com.tr\/wp-content\/uploads\/2021\/11\/purocast-MOB-01-1.png 1381w\" sizes=\"(max-width: 1024px) 100vw, 1024px\" \/><\/figure><\/li><li class=\"blocks-gallery-item\"><figure><img loading=\"lazy\" width=\"780\" height=\"480\" src=\"http:\/\/purotto.com.tr\/wp-content\/uploads\/2021\/11\/Puro-Cast1.jpg\" alt=\"\" data-id=\"174\" data-full-url=\"http:\/\/purotto.com.tr\/wp-content\/uploads\/2021\/11\/Puro-Cast1.jpg\" data-link=\"http:\/\/purotto.com.tr\/puro-cast-dokum-sistemleri-grubu\/puro-cast1\/\" class=\"wp-image-174\" srcset=\"https:\/\/purotto.com.tr\/wp-content\/uploads\/2021\/11\/Puro-Cast1.jpg 780w, https:\/\/purotto.com.tr\/wp-content\/uploads\/2021\/11\/Puro-Cast1-300x185.jpg 300w, https:\/\/purotto.com.tr\/wp-content\/uploads\/2021\/11\/Puro-Cast1-768x473.jpg 768w, https:\/\/purotto.com.tr\/wp-content\/uploads\/2021\/11\/Puro-Cast1-600x369.jpg 600w\" sizes=\"(max-width: 780px) 100vw, 780px\" \/><\/figure><\/li><\/ul><\/figure>\n<\/div>\n<\/div>\n<\/div><\/div>","protected":false},"excerpt":{"rendered":"<p>Purocast RIM Poli\u00fcretan Esasl\u0131 R.I.M. (Bas\u0131n\u00e7l\u0131 D\u00f6k\u00fcm) Sistemleri RIM par\u00e7alar y\u00fcksek yo\u011funluklu, sert, darbeye dayan\u0131kl\u0131 ve diren\u00e7lidirler. \u00d6zel haz\u0131rlanm\u0131\u015f iki komponentli poli\u00fcretan sistemlerin, y\u00fcksek bas\u0131n\u00e7l\u0131 makineler yard\u0131m\u0131yla kal\u0131ba enjeksiyonu sonucu olu\u015furlar. Otomobillerin \u00f6zellikle d\u0131\u015f par\u00e7alar\u0131 RIM den \u00fcretilir. Otomotiv sekt\u00f6r\u00fcnde yayg\u0131n bir kullan\u0131m alan\u0131na sahiptir. Otomotiv sekt\u00f6r\u00fcnde bir\u00e7ok par\u00e7an\u0131n \u00fcretiminde [&hellip;]<\/p>","protected":false},"author":1,"featured_media":170,"parent":0,"menu_order":0,"comment_status":"closed","ping_status":"closed","template":"","meta":[],"_links":{"self":[{"href":"https:\/\/purotto.com.tr\/ru\/wp-json\/wp\/v2\/pages\/105"}],"collection":[{"href":"https:\/\/purotto.com.tr\/ru\/wp-json\/wp\/v2\/pages"}],"about":[{"href":"https:\/\/purotto.com.tr\/ru\/wp-json\/wp\/v2\/types\/page"}],"author":[{"embeddable":true,"href":"https:\/\/purotto.com.tr\/ru\/wp-json\/wp\/v2\/users\/1"}],"replies":[{"embeddable":true,"href":"https:\/\/purotto.com.tr\/ru\/wp-json\/wp\/v2\/comments?post=105"}],"version-history":[{"count":6,"href":"https:\/\/purotto.com.tr\/ru\/wp-json\/wp\/v2\/pages\/105\/revisions"}],"predecessor-version":[{"id":199,"href":"https:\/\/purotto.com.tr\/ru\/wp-json\/wp\/v2\/pages\/105\/revisions\/199"}],"wp:featuredmedia":[{"embeddable":true,"href":"https:\/\/purotto.com.tr\/ru\/wp-json\/wp\/v2\/media\/170"}],"wp:attachment":[{"href":"https:\/\/purotto.com.tr\/ru\/wp-json\/wp\/v2\/media?parent=105"}],"curies":[{"name":"wp","href":"https:\/\/api.w.org\/{rel}","templated":true}]}}