{"id":106,"date":"2021-10-26T07:43:33","date_gmt":"2021-10-26T07:43:33","guid":{"rendered":"http:\/\/purotto.com.tr\/?page_id=106"},"modified":"2021-11-15T12:42:34","modified_gmt":"2021-11-15T12:42:34","slug":"puro-floor-zemin-sistemleri-grubu","status":"publish","type":"page","link":"https:\/\/purotto.com.tr\/ru\/puro-floor-zemin-sistemleri-grubu\/","title":{"rendered":"\u0413\u0440\u0443\u043f\u043f\u0430 \u043f\u043e\u043b\u043e\u0432 Puro Floor Systems"},"content":{"rendered":"<div class=\"wp-block-media-text alignwide is-stacked-on-mobile is-image-fill\" style=\"grid-template-columns:31% auto\"><figure class=\"wp-block-media-text__media\" style=\"background-image:url(http:\/\/purotto.com.tr\/wp-content\/uploads\/2021\/11\/PUROTTO-58-1.jpg);background-position:50% 50%\"><img loading=\"lazy\" width=\"982\" height=\"780\" src=\"http:\/\/purotto.com.tr\/wp-content\/uploads\/2021\/11\/PUROTTO-58-1.jpg\" alt=\"\" class=\"wp-image-191 size-full\" srcset=\"https:\/\/purotto.com.tr\/wp-content\/uploads\/2021\/11\/PUROTTO-58-1.jpg 982w, https:\/\/purotto.com.tr\/wp-content\/uploads\/2021\/11\/PUROTTO-58-1-300x238.jpg 300w, https:\/\/purotto.com.tr\/wp-content\/uploads\/2021\/11\/PUROTTO-58-1-768x610.jpg 768w, https:\/\/purotto.com.tr\/wp-content\/uploads\/2021\/11\/PUROTTO-58-1-600x477.jpg 600w\" sizes=\"(max-width: 982px) 100vw, 982px\" \/><\/figure><div class=\"wp-block-media-text__content\">\n<h2 class=\"has-accent-color has-text-color has-large-font-size\">Purofloor END<\/h2>\n\n\n\n<p>Purofloor END - \u044d\u0442\u043e \u0441\u0430\u043c\u043e\u0432\u044b\u0440\u0430\u0432\u043d\u0438\u0432\u0430\u044e\u0449\u0430\u044f\u0441\u044f \u0434\u0432\u0443\u0445\u043a\u043e\u043c\u043f\u043e\u043d\u0435\u043d\u0442\u043d\u0430\u044f \u0433\u0440\u0443\u043f\u043f\u0430 \u043f\u0440\u043e\u0434\u0443\u043a\u0442\u043e\u0432 \u043d\u0430 \u043e\u0441\u043d\u043e\u0432\u0435 \u043f\u043e\u043b\u0438\u0443\u0440\u0435\u0442\u0430\u043d\u0430, \u043f\u0440\u0435\u0434\u043d\u0430\u0437\u043d\u0430\u0447\u0435\u043d\u043d\u0430\u044f \u0434\u043b\u044f\n\u0438\u0441\u043f\u043e\u043b\u044c\u0437\u043e\u0432\u0430\u043d\u0438\u044f \u0432 \u043a\u0430\u0447\u0435\u0441\u0442\u0432\u0435 \u0433\u0440\u0443\u043d\u0442\u043e\u0432\u043a\u0438, \u0433\u0440\u0443\u043d\u0442\u043e\u0432\u043a\u0438 \u0438 \u0444\u0438\u043d\u0438\u0448\u043d\u043e\u0433\u043e \u043f\u043e\u043a\u0440\u044b\u0442\u0438\u044f, \u043a\u0430\u043a \u0438 \u0434\u043b\u044f \u043c\u043d\u043e\u0433\u0438\u0445 \u0434\u0440\u0443\u0433\u0438\u0445 \u043d\u0430\u043f\u043e\u043b\u044c\u043d\u044b\u0445 \u043f\u043e\u043a\u0440\u044b\u0442\u0438\u0439.\n\u041c\u0435\u0445\u0430\u043d\u0438\u0447\u0435\u0441\u043a\u0438\u0439 \u0438 \u0445\u0438\u043c\u0438\u0447\u0435\u0441\u043a\u0438\u0439 \u043e\u043d \u043e\u0441\u043e\u0431\u0435\u043d\u043d\u043e \u043f\u0440\u0435\u0434\u043f\u043e\u0447\u0442\u0438\u0442\u0435\u043b\u0435\u043d \u043d\u0430 \u043f\u043e\u043b\u0430\u0445, \u0433\u0434\u0435 \u043d\u0435\u043e\u0431\u0445\u043e\u0434\u0438\u043c\u043e\n\u0441\u043e\u043f\u0440\u043e\u0442\u0438\u0432\u043b\u0435\u043d\u0438\u0435.<\/p>\n\n\n\n<p><strong>\u0421\u0444\u0435\u0440\u0430 \u043f\u0440\u0438\u043c\u0435\u043d\u0435\u043d\u0438\u044f<\/strong><\/p>\n\n\n\n<p>\u041f\u043e\u043b\u044b \u0437\u0430\u0432\u043e\u0434\u043e\u0432 \u0438 \u0442\u044f\u0436\u0435\u043b\u043e\u0439 \u043f\u0440\u043e\u043c\u044b\u0448\u043b\u0435\u043d\u043d\u043e\u0441\u0442\u0438,<br>\u041f\u043e\u043b\u044b \u0434\u043b\u044f \u043f\u0438\u0449\u0435\u0432\u043e\u0439, \u0445\u0438\u043c\u0438\u0447\u0435\u0441\u043a\u043e\u0439 \u0438 \u0444\u0430\u0440\u043c\u0430\u0446\u0435\u0432\u0442\u0438\u0447\u0435\u0441\u043a\u043e\u0439 \u043f\u0440\u043e\u043c\u044b\u0448\u043b\u0435\u043d\u043d\u043e\u0441\u0442\u0438,<br>\u0421\u043a\u043b\u0430\u0434, \u0430\u043d\u0433\u0430\u0440, \u0430\u0432\u0442\u043e\u0441\u0442\u043e\u044f\u043d\u043a\u0430 \u0438 \u0442. \u0434<\/p>\n<\/div><\/div>\n\n\n\n<div style=\"height:31px\" aria-hidden=\"true\" class=\"wp-block-spacer\"><\/div>\n\n\n\n<div class=\"wp-block-media-text alignwide has-media-on-the-right is-stacked-on-mobile is-image-fill\" style=\"grid-template-columns:auto 36%\"><figure class=\"wp-block-media-text__media\" style=\"background-image:url(http:\/\/purotto.com.tr\/wp-content\/uploads\/2021\/11\/PUROTTO-60-1024x571.jpg);background-position:50% 50%\"><img loading=\"lazy\" width=\"1024\" height=\"571\" src=\"http:\/\/purotto.com.tr\/wp-content\/uploads\/2021\/11\/PUROTTO-60-1024x571.jpg\" alt=\"\" class=\"wp-image-196 size-full\" srcset=\"https:\/\/purotto.com.tr\/wp-content\/uploads\/2021\/11\/PUROTTO-60-1024x571.jpg 1024w, https:\/\/purotto.com.tr\/wp-content\/uploads\/2021\/11\/PUROTTO-60-300x167.jpg 300w, https:\/\/purotto.com.tr\/wp-content\/uploads\/2021\/11\/PUROTTO-60-768x428.jpg 768w, https:\/\/purotto.com.tr\/wp-content\/uploads\/2021\/11\/PUROTTO-60-600x334.jpg 600w, https:\/\/purotto.com.tr\/wp-content\/uploads\/2021\/11\/PUROTTO-60.jpg 1172w\" sizes=\"(max-width: 1024px) 100vw, 1024px\" \/><\/figure><div class=\"wp-block-media-text__content\">\n<h2 class=\"has-accent-color has-text-color has-large-font-size\">Purofloor SPR<\/h2>\n\n\n\n<p>Purofloor SPR - \u044d\u0442\u043e \u0434\u0432\u0443\u0445\u043a\u043e\u043c\u043f\u043e\u043d\u0435\u043d\u0442\u043d\u044b\u0439 \u044d\u043b\u0430\u0441\u0442\u0438\u0447\u043d\u044b\u0439 \u0441\u0442\u0440\u0443\u043a\u0442\u0443\u0440\u0438\u0440\u043e\u0432\u0430\u043d\u043d\u044b\u0439 \u043f\u0440\u043e\u0434\u0443\u043a\u0442 \u043d\u0430 \u043f\u043e\u043b\u0438\u0443\u0440\u0435\u0442\u0430\u043d\u043e\u0432\u043e\u0439 \u043e\u0441\u043d\u043e\u0432\u0435, \u0441\u043e\u0441\u0442\u043e\u044f\u0449\u0438\u0439 \u0438\u0437 \u0448\u043f\u0430\u0442\u043b\u0435\u0432\u043a\u0438, \u0433\u0440\u0443\u043d\u0442\u043e\u0432\u043a\u0438, \u0433\u0440\u0443\u043d\u0442\u043e\u0432\u043a\u0438 \u0438 \u0444\u0438\u043d\u0438\u0448\u043d\u043e\u0433\u043e \u043f\u043e\u043a\u0440\u044b\u0442\u0438\u044f, \u0438\u0441\u043f\u043e\u043b\u044c\u0437\u0443\u0435\u043c\u044b\u0439 \u0432 \u0437\u0430\u043a\u0440\u044b\u0442\u044b\u0445 \u0438 \u043e\u0442\u043a\u0440\u044b\u0442\u044b\u0445 \u0441\u043f\u043e\u0440\u0442\u0438\u0432\u043d\u044b\u0445 \u0437\u0430\u043b\u0430\u0445. \u0421\u0438\u0441\u0442\u0435\u043c\u044b \u0441\u043f\u043e\u0440\u0442\u0438\u0432\u043d\u044b\u0445 \u043f\u043e\u043b\u043e\u0432 \u0438\u0437\n\u043f\u043e\u043b\u0438\u0443\u0440\u0435\u0442\u0430\u043d\u0430 \u0438\u0441\u043f\u043e\u043b\u044c\u0437\u0443\u044e\u0442\u0441\u044f \u0432 \u043f\u0440\u043e\u0444\u0435\u0441\u0441\u0438\u043e\u043d\u0430\u043b\u044c\u043d\u044b\u0445 \u0438 \u0440\u0435\u043a\u0440\u0435\u0430\u0446\u0438\u043e\u043d\u043d\u044b\u0445 \u0441\u043f\u043e\u0440\u0442\u0438\u0432\u043d\u044b\u0445 \u0446\u0435\u043b\u044f\u0445 \u0431\u043b\u0430\u0433\u043e\u0434\u0430\u0440\u044f \u0438\u0445 \u0443\u0441\u0442\u043e\u0439\u0447\u0438\u0432\u043e\u0441\u0442\u0438 \u043a \u0441\u043a\u043e\u043b\u044c\u0436\u0435\u043d\u0438\u044e \u0438\n\u0438\u0441\u0442\u0438\u0440\u0430\u043d\u0438\u044e.<\/p>\n<\/div><\/div>\n\n\n\n<div style=\"height:35px\" aria-hidden=\"true\" class=\"wp-block-spacer\"><\/div>\n\n\n\n<div class=\"wp-block-media-text alignwide is-stacked-on-mobile is-image-fill\" style=\"grid-template-columns:35% auto\"><figure class=\"wp-block-media-text__media\" style=\"background-image:url(http:\/\/purotto.com.tr\/wp-content\/uploads\/2021\/11\/PUROTTO-63-1024x690.jpg);background-position:50% 50%\"><img loading=\"lazy\" width=\"1024\" height=\"690\" src=\"http:\/\/purotto.com.tr\/wp-content\/uploads\/2021\/11\/PUROTTO-63-1024x690.jpg\" alt=\"\" class=\"wp-image-192 size-full\" srcset=\"https:\/\/purotto.com.tr\/wp-content\/uploads\/2021\/11\/PUROTTO-63-1024x690.jpg 1024w, https:\/\/purotto.com.tr\/wp-content\/uploads\/2021\/11\/PUROTTO-63-300x202.jpg 300w, https:\/\/purotto.com.tr\/wp-content\/uploads\/2021\/11\/PUROTTO-63-768x518.jpg 768w, https:\/\/purotto.com.tr\/wp-content\/uploads\/2021\/11\/PUROTTO-63-600x404.jpg 600w, https:\/\/purotto.com.tr\/wp-content\/uploads\/2021\/11\/PUROTTO-63.jpg 1104w\" sizes=\"(max-width: 1024px) 100vw, 1024px\" \/><\/figure><div class=\"wp-block-media-text__content\">\n<h2 class=\"has-accent-color has-text-color has-large-font-size\">Purofloor BTN<\/h2>\n\n\n\n<p>Purofloor BTN - \u044d\u0442\u043e \u0441\u0438\u0441\u0442\u0435\u043c\u0430 \u043f\u043e\u043b\u043e\u0432 \u0431\u0435\u0437 \u0437\u0430\u043f\u0430\u0445\u0430 \u043d\u0430 \u0432\u043e\u0434\u043d\u043e\u0439 \u043e\u0441\u043d\u043e\u0432\u0435, \u043d\u0430\u043d\u043e\u0441\u0438\u043c\u0430\u044f \u043d\u0430 \u0434\u0432\u0443\u0445\u043a\u043e\u043c\u043f\u043e\u043d\u0435\u043d\u0442\u043d\u0443\u044e \u043f\u043e\u043b\u0438\u0443\u0440\u0435\u0442\u0430\u043d\u043e\u0432\u0443\u044e \u0441\u0438\u0441\u0442\u0435\u043c\u0443 \u0441\n\u0434\u043e\u0431\u0430\u0432\u043b\u0435\u043d\u0438\u0435\u043c \u0441\u043c\u0435\u0441\u0438 \u0446\u0435\u043c\u0435\u043d\u0442\u0430, \u043d\u0430\u043f\u043e\u043b\u043d\u0438\u0442\u0435\u043b\u044f \u0438 \u0434\u043e\u0431\u0430\u0432\u043e\u043a \u0432 \u043a\u0430\u0447\u0435\u0441\u0442\u0432\u0435 \u0442\u0440\u0435\u0442\u044c\u0435\u0433\u043e \u043a\u043e\u043c\u043f\u043e\u043d\u0435\u043d\u0442\u0430. \u041f\u043e\u043b\u0438\u0443\u0440\u0435\u0442\u0430\u043d\u043e\u0432\u0430\u044f \u0431\u0435\u0442\u043e\u043d\u043d\u0430\u044f \u0441\u0438\u0441\u0442\u0435\u043c\u0430,\n\u043d\u0430\u043d\u0435\u0441\u0435\u043d\u043d\u0430\u044f \u0441 \u044d\u0442\u0438\u043c \u0441\u043e\u0432\u0435\u0440\u0448\u0435\u043d\u043d\u044b\u043c \u0441\u043e\u0441\u0442\u0430\u0432\u043e\u043c, \u043e\u0431\u043b\u0430\u0434\u0430\u0435\u0442 \u043e\u0442\u043b\u0438\u0447\u043d\u043e\u0439 \u0441\u0442\u043e\u0439\u043a\u043e\u0441\u0442\u044c\u044e \u043a \u0443\u0434\u0430\u0440\u0430\u043c \u0438 \u0438\u0441\u0442\u0438\u0440\u0430\u043d\u0438\u044e. \u041f\u043e\u0441\u043a\u043e\u043b\u044c\u043a\u0443 \u043f\u043e\u043b\u0438\u0443\u0440\u0435\u0442\u0430\u043d\u043e\u0432\u0430\u044f\n\u0431\u0435\u0442\u043e\u043d\u043d\u0430\u044f \u0441\u0438\u0441\u0442\u0435\u043c\u0430, \u043a\u043e\u0442\u043e\u0440\u0430\u044f \u043e\u0441\u043e\u0431\u0435\u043d\u043d\u043e \u043f\u0440\u0435\u0434\u043f\u043e\u0447\u0442\u0438\u0442\u0435\u043b\u044c\u043d\u0430 \u0432 \u0441\u0440\u0435\u0434\u0430\u0445, \u0442\u0440\u0435\u0431\u0443\u044e\u0449\u0438\u0445 \u0433\u0438\u0433\u0438\u0435\u043d\u044b, \u0437\u0430\u0442\u0432\u0435\u0440\u0434\u0435\u0432\u0430\u0435\u0442 \u0437\u0430 \u043a\u043e\u0440\u043e\u0442\u043a\u043e\u0435 \u0432\u0440\u0435\u043c\u044f, \u0440\u0430\u0431\u043e\u0447\u0438\u0435\n\u043e\u0431\u043b\u0430\u0441\u0442\u0438 \u043c\u043e\u0433\u0443\u0442 \u0431\u044b\u0442\u044c \u0431\u044b\u0441\u0442\u0440\u043e \u043e\u0442\u043a\u0440\u044b\u0442\u044b \u0434\u043b\u044f \u0440\u0430\u0431\u043e\u0447\u0435\u0433\u043e \u0434\u0432\u0438\u0436\u0435\u043d\u0438\u044f. \u042d\u0442\u043e\u0442 \u0442\u0435\u0440\u043c\u043e\u0441\u0442\u043e\u0439\u043a\u0438\u0439 \u0438 \u044d\u043b\u0430\u0441\u0442\u0438\u0447\u043d\u044b\u0439 \u043f\u0440\u043e\u0434\u0443\u043a\u0442 \u043d\u0435 \u0441\u043e\u0437\u0434\u0430\u0435\u0442 \u0441\u043a\u043e\u043b\u044c\u0437\u043a\u043e\u0433\u043e \u043f\u043e\u043b\u0430.\n\u0415\u0433\u043e \u0442\u0430\u043a\u0436\u0435 \u043c\u043e\u0436\u043d\u043e \u0438\u0441\u043f\u043e\u043b\u044c\u0437\u043e\u0432\u0430\u0442\u044c \u0432 \u0434\u0435\u043a\u043e\u0440\u0430\u0442\u0438\u0432\u043d\u044b\u0445 \u0446\u0435\u043b\u044f\u0445, \u043f\u043e\u0441\u043a\u043e\u043b\u044c\u043a\u0443 \u043e\u043d \u0438\u043c\u0435\u0435\u0442 \u043c\u0430\u0442\u043e\u0432\u044b\u0439 \u0432\u0438\u0434 \u0440\u0430\u0437\u043b\u0438\u0447\u043d\u044b\u0445 \u0446\u0432\u0435\u0442\u043e\u0432 \u0438 \u043f\u043e\u0437\u0432\u043e\u043b\u044f\u0435\u0442 \u043f\u0440\u0438 \u0436\u0435\u043b\u0430\u043d\u0438\u0438\n\u043d\u0430\u043d\u043e\u0441\u0438\u0442\u044c \u0437\u0435\u0440\u043d\u0438\u0441\u0442\u0443\u044e \u043f\u043e\u0432\u0435\u0440\u0445\u043d\u043e\u0441\u0442\u044c.<\/p>\n\n\n\n<p><strong>\u0421\u0444\u0435\u0440\u0430 \u043f\u0440\u0438\u043c\u0435\u043d\u0435\u043d\u0438\u044f<\/strong><\/p>\n\n\n\n<p>\u041f\u043e\u043b\u044b \u0431\u043e\u043b\u044c\u043d\u0438\u0446, \u043c\u0435\u0434\u0438\u0446\u0438\u043d\u0441\u043a\u0438\u0445 \u043b\u0430\u0431\u043e\u0440\u0430\u0442\u043e\u0440\u0438\u0439,\u0438 \u0442. \u0434<br>\u041f\u043e\u043b\u044b \u0437\u0430\u0432\u043e\u0434\u043e\u0432 \u0438 \u0442\u044f\u0436\u0435\u043b\u043e\u0439 \u043f\u0440\u043e\u043c\u044b\u0448\u043b\u0435\u043d\u043d\u043e\u0441\u0442\u0438,<br>\u041f\u043e\u043b\u044b \u0434\u043b\u044f \u043f\u0438\u0449\u0435\u0432\u043e\u0439, \u0445\u0438\u043c\u0438\u0447\u0435\u0441\u043a\u043e\u0439 \u0438 \u0444\u0430\u0440\u043c\u0430\u0446\u0435\u0432\u0442\u0438\u0447\u0435\u0441\u043a\u043e\u0439 \u043f\u0440\u043e\u043c\u044b\u0448\u043b\u0435\u043d\u043d\u043e\u0441\u0442\u0438,<br>\u0421\u043a\u043b\u0430\u0434, \u0430\u043d\u0433\u0430\u0440, \u0430\u0432\u0442\u043e\u0441\u0442\u043e\u044f\u043d\u043a\u0430 \u0438 \u0442. \u0434<\/p>\n<\/div><\/div>\n\n\n\n<div style=\"height:152px\" aria-hidden=\"true\" class=\"wp-block-spacer\"><\/div>","protected":false},"excerpt":{"rendered":"<p>Purofloor END Purofloor END, bir \u00e7ok zemin uygulamas\u0131nda oldu\u011fu gibi astar, arakat ve sonkat \u00fcr\u00fcnlerden tasarlanm\u0131\u015f, poli\u00fcretan esasl\u0131, kendinden yay\u0131lan, 2 bile\u015fenden olu\u015fan \u00fcr\u00fcn grubudur. Mekanik ve kimyasal dayan\u0131ma ihtiya\u00e7 duyulan zeminlerde \u00f6zellikle tercih edilmektedir. Kullan\u0131m Alanlar\u0131 \u2022 Fabrika ve a\u011f\u0131r sanayi zeminleri,\u2022 G\u0131da, kimya ve ila\u00e7 end\u00fcstrisi zeminleri,\u2022 Depo, [&hellip;]<\/p>","protected":false},"author":1,"featured_media":189,"parent":0,"menu_order":0,"comment_status":"closed","ping_status":"closed","template":"","meta":[],"_links":{"self":[{"href":"https:\/\/purotto.com.tr\/ru\/wp-json\/wp\/v2\/pages\/106"}],"collection":[{"href":"https:\/\/purotto.com.tr\/ru\/wp-json\/wp\/v2\/pages"}],"about":[{"href":"https:\/\/purotto.com.tr\/ru\/wp-json\/wp\/v2\/types\/page"}],"author":[{"embeddable":true,"href":"https:\/\/purotto.com.tr\/ru\/wp-json\/wp\/v2\/users\/1"}],"replies":[{"embeddable":true,"href":"https:\/\/purotto.com.tr\/ru\/wp-json\/wp\/v2\/comments?post=106"}],"version-history":[{"count":9,"href":"https:\/\/purotto.com.tr\/ru\/wp-json\/wp\/v2\/pages\/106\/revisions"}],"predecessor-version":[{"id":358,"href":"https:\/\/purotto.com.tr\/ru\/wp-json\/wp\/v2\/pages\/106\/revisions\/358"}],"wp:featuredmedia":[{"embeddable":true,"href":"https:\/\/purotto.com.tr\/ru\/wp-json\/wp\/v2\/media\/189"}],"wp:attachment":[{"href":"https:\/\/purotto.com.tr\/ru\/wp-json\/wp\/v2\/media?parent=106"}],"curies":[{"name":"wp","href":"https:\/\/api.w.org\/{rel}","templated":true}]}}