{"id":109,"date":"2021-10-26T07:43:33","date_gmt":"2021-10-26T07:43:33","guid":{"rendered":"http:\/\/purotto.com.tr\/?page_id=109"},"modified":"2021-11-23T07:11:25","modified_gmt":"2021-11-23T07:11:25","slug":"puro-sive-yapistirici-sistemleri-grubu","status":"publish","type":"page","link":"https:\/\/purotto.com.tr\/ru\/puro-sive-yapistirici-sistemleri-grubu\/","title":{"rendered":"\u0413\u0440\u0443\u043f\u043f\u0430 Puro Sive Adhesive Systems"},"content":{"rendered":"<div class=\"wp-block-media-text alignwide has-media-on-the-right is-stacked-on-mobile is-image-fill\"><figure class=\"wp-block-media-text__media\" style=\"background-image:url(http:\/\/purotto.com.tr\/wp-content\/uploads\/2021\/11\/Purosive-PRK-UZIN-Parkett-verlegen-Stage-1024x410.jpg);background-position:50% 50%\"><img loading=\"lazy\" width=\"1024\" height=\"410\" src=\"http:\/\/purotto.com.tr\/wp-content\/uploads\/2021\/11\/Purosive-PRK-UZIN-Parkett-verlegen-Stage-1024x410.jpg\" alt=\"\" class=\"wp-image-382 size-full\" srcset=\"https:\/\/purotto.com.tr\/wp-content\/uploads\/2021\/11\/Purosive-PRK-UZIN-Parkett-verlegen-Stage-1024x410.jpg 1024w, https:\/\/purotto.com.tr\/wp-content\/uploads\/2021\/11\/Purosive-PRK-UZIN-Parkett-verlegen-Stage-300x120.jpg 300w, https:\/\/purotto.com.tr\/wp-content\/uploads\/2021\/11\/Purosive-PRK-UZIN-Parkett-verlegen-Stage-768x307.jpg 768w, https:\/\/purotto.com.tr\/wp-content\/uploads\/2021\/11\/Purosive-PRK-UZIN-Parkett-verlegen-Stage-1536x614.jpg 1536w, https:\/\/purotto.com.tr\/wp-content\/uploads\/2021\/11\/Purosive-PRK-UZIN-Parkett-verlegen-Stage-2048x819.jpg 2048w, https:\/\/purotto.com.tr\/wp-content\/uploads\/2021\/11\/Purosive-PRK-UZIN-Parkett-verlegen-Stage-16x6.jpg 16w\" sizes=\"(max-width: 1024px) 100vw, 1024px\" \/><\/figure><div class=\"wp-block-media-text__content\">\n<h2 class=\"has-accent-color has-text-color has-large-font-size\">Purosive PRK <\/h2>\n\n\n\n<p><strong>\u041a\u043b\u0435\u0438 \u0434\u043b\u044f \u043f\u0430\u0440\u043a\u0435\u0442\u0430 \u043d\u0430 \u043e\u0441\u043d\u043e\u0432\u0435 \u043f\u043e\u043b\u0438\u0443\u0440\u0435\u0442\u0430\u043d\u0430<\/strong><\/p>\n\n\n\n<p>Prosive PRK - \u0434\u0432\u0443\u0445\u043a\u043e\u043c\u043f\u043e\u043d\u0435\u043d\u0442\u043d\u044b\u0439, \u043d\u0430 \u043e\u0441\u043d\u043e\u0432\u0435 \u043f\u043e\u043b\u0438\u0443\u0440\u0435\u0442\u0430\u043d\u0430, \u043d\u0435 \u0441\u043e\u0434\u0435\u0440\u0436\u0430\u0449\u0438\u0439 \u0440\u0430\u0441\u0442\u0432\u043e\u0440\u0438\u0442\u0435\u043b\u0435\u0439, \u0432\u043e\u0434\u043e- \u0438 \u0432\u043b\u0430\u0433\u043e\u0441\u0442\u043e\u0439\u043a\u0438\u0439,\n\u043e\u0431\u043b\u0430\u0434\u0430\u044e\u0449\u0438\u0439 \u043f\u0440\u0435\u0432\u043e\u0441\u0445\u043e\u0434\u043d\u044b\u043c\u0438 \u0441\u0432\u043e\u0439\u0441\u0442\u0432\u0430\u043c\u0438. \u041f\u0440\u0438\u043c\u0435\u043d\u044f\u0435\u0442\u0441\u044f \u0434\u043b\u044f \u043f\u0440\u0438\u043a\u043b\u0435\u0438\u0432\u0430\u043d\u0438\u044f \u0432\u0441\u0435\u0445 \u0432\u0438\u0434\u043e\u0432 \u043f\u0430\u0440\u043a\u0435\u0442\u0430 \u043a \u0431\u0435\u0442\u043e\u043d\u0443, \u043a\u0435\u0440\u0430\u043c\u0438\u043a\u0435, \u043c\u0440\u0430\u043c\u043e\u0440\u0443 \u0438 \u0434\u0435\u0440\u0435\u0432\u0443. \u041f\u0440\u0438 \u0432\u044b\u0442\u044f\u0433\u0438\u0432\u0430\u043d\u0438\u0438 \u0441\n\u0440\u0430\u0441\u0447\u0435\u0441\u043a\u043e\u0439 \u0441\u043b\u0435\u0434 \u043e\u0441\u0442\u0430\u0435\u0442\u0441\u044f \u043d\u0430 \u043f\u043e\u0432\u0435\u0440\u0445\u043d\u043e\u0441\u0442\u0438. \u041e\u0431\u0435\u0441\u043f\u0435\u0447\u0438\u0432\u0430\u0435\u0442 \u0431\u043e\u043b\u0435\u0435 \u043f\u0440\u043e\u0447\u043d\u0443\u044e \u0430\u0434\u0433\u0435\u0437\u0438\u044e, \u0442\u0430\u043a \u043a\u0430\u043a \u043d\u0435 \u0432\u043f\u0438\u0442\u044b\u0432\u0430\u0435\u0442\u0441\u044f \u0431\u0435\u0442\u043e\u043d\u043e\u043c. \u041f\u043b\u0435\u043d\u043e\u0447\u043d\u044b\u0439 \u0441\u043e\u0441\u0442\u0430\u0432 \u043a\u043b\u0435\u044f \u0442\u0432\u0435\u0440\u0434\u043e\u0439 \u0438 \u0433\u0438\u0431\u043a\u043e\u0439, \u043f\u0440\u0438\u0433\u043e\u0434\u0435\u043d \u0434\u043b\u044f \u0438\u0441\u043f\u043e\u043b\u044c\u0437\u043e\u0432\u0430\u043d\u0438\u044f \u0438 \u0443\u0441\u0442\u043e\u0439\u0447\u0438\u0432 \u043a \u043f\u0435\u0440\u0435\u0433\u0440\u0443\u0437\u043a\u0430\u043c. <\/p>\n\n\n\n<p><strong>\u0421\u0444\u0435\u0440\u0430 \u043f\u0440\u0438\u043c\u0435\u043d\u0435\u043d\u0438\u044f<\/strong><\/p>\n\n\n\n<p>\u041c\u043d\u043e\u0433\u043e\u0441\u043b\u043e\u0439\u043d\u044b\u0439 \u043c\u0430\u0441\u0441\u0438\u0432\u043d\u044b\u0439 \u0438 \u043b\u0430\u043c\u0438\u043d\u0438\u0440\u043e\u0432\u0430\u043d\u043d\u044b\u0439 \u043f\u0430\u0440\u043a\u0435\u0442 \u0432\u043d\u0443\u0442\u0440\u0438 \u043f\u043e\u043c\u0435\u0449\u0435\u043d\u0438\u0439,<br>\u041c\u0430\u0441\u0441\u0438\u0432 \u043b\u0430\u043c\u0438\u043d\u0430\u0442\u0430, \u043c\u043e\u0437\u0430\u0438\u0447\u043d\u044b\u0439 \u043f\u0430\u0440\u043a\u0435\u0442, \u043c\u0430\u0441\u0441\u0438\u0432 \u0434\u0435\u0440\u0435\u0432\u0430,<br>\u041f\u0430\u043b\u043a\u0430 \u0438 \u043c\u0430\u0441\u0441\u0438\u0432 \u0445\u0432\u043e\u0439\u043d\u044b\u0445 \u043f\u043e\u0440\u043e\u0434, \u0430 \u0442\u0430\u043a\u0436\u0435 \u043f\u043e\u043b\u043e\u0432\u044b\u0435 \u0434\u043e\u0441\u043a\u0438. \u0418\u0441\u043f\u043e\u043b\u044c\u0437\u0443\u0435\u0442\u0441\u044f \u0434\u043b\u044f \u043f\u0440\u0438\u043a\u043b\u0435\u0438\u0432\u0430\u043d\u0438\u044f \u043a \u0432\u043f\u0438\u0442\u044b\u0432\u0430\u044e\u0449\u0438\u043c \u0438 \u043d\u0435\u0432\u043f\u0438\u0442\u044b\u0432\u0430\u044e\u0449\u0438\u043c \u043f\u043e\u0432\u0435\u0440\u0445\u043d\u043e\u0441\u0442\u044f\u043c.<\/p>\n<\/div><\/div>\n\n\n\n<div style=\"height:100px\" aria-hidden=\"true\" class=\"wp-block-spacer\"><\/div>\n\n\n\n<div class=\"wp-block-media-text alignwide is-stacked-on-mobile is-image-fill\"><figure class=\"wp-block-media-text__media\" style=\"background-image:url(http:\/\/purotto.com.tr\/wp-content\/uploads\/2021\/11\/PUROTTO-43-1024x691.jpg);background-position:50% 50%\"><img loading=\"lazy\" width=\"1024\" height=\"691\" src=\"http:\/\/purotto.com.tr\/wp-content\/uploads\/2021\/11\/PUROTTO-43-1024x691.jpg\" alt=\"\" class=\"wp-image-213 size-full\" srcset=\"https:\/\/purotto.com.tr\/wp-content\/uploads\/2021\/11\/PUROTTO-43-1024x691.jpg 1024w, https:\/\/purotto.com.tr\/wp-content\/uploads\/2021\/11\/PUROTTO-43-300x202.jpg 300w, https:\/\/purotto.com.tr\/wp-content\/uploads\/2021\/11\/PUROTTO-43-768x518.jpg 768w, https:\/\/purotto.com.tr\/wp-content\/uploads\/2021\/11\/PUROTTO-43-600x405.jpg 600w, https:\/\/purotto.com.tr\/wp-content\/uploads\/2021\/11\/PUROTTO-43.jpg 1144w\" sizes=\"(max-width: 1024px) 100vw, 1024px\" \/><\/figure><div class=\"wp-block-media-text__content\">\n<h2 class=\"has-accent-color has-text-color has-large-font-size\">Purosive DNZ<\/h2>\n\n\n\n<h6>\u041c\u043e\u0440\u0441\u043a\u0438\u0435 \u043a\u043b\u0435\u0438 \u043d\u0430 \u043e\u0441\u043d\u043e\u0432\u0435 \u043f\u043e\u043b\u0438\u0443\u0440\u0435\u0442\u0430\u043d\u0430<\/h6>\n\n\n\n<p>Purosive DNZ, \u0442\u0430\u043a\u0436\u0435 \u0438\u0437\u0432\u0435\u0441\u0442\u043d\u044b\u0439 \u043a\u0430\u043a \u043c\u043e\u0440\u0441\u043a\u043e\u0439 \u043a\u043b\u0435\u0439, \u043f\u0440\u0435\u0434\u0441\u0442\u0430\u0432\u043b\u044f\u0435\u0442 \u0441\u043e\u0431\u043e\u0439 \u043e\u0434\u043d\u043e\u043a\u043e\u043c\u043f\u043e\u043d\u0435\u043d\u0442\u043d\u044b\u0439 \u043a\u043b\u0435\u0439 \u0434\u043b\u044f \u0434\u0440\u0435\u0432\u0435\u0441\u0438\u043d\u044b, \u043a\u043e\u0442\u043e\u0440\u044b\u0439 \u0437\u0430\u0442\u0432\u0435\u0440\u0434\u0435\u0432\u0430\u0435\u0442 \u043f\u043e\u0434 \u0432\u043e\u0437\u0434\u0435\u0439\u0441\u0442\u0432\u0438\u0435\u043c \u0432\u043b\u0430\u0433\u0438 \u043e\u043a\u0440\u0443\u0436\u0430\u044e\u0449\u0435\u0439 \u0441\u0440\u0435\u0434\u044b \u0438 \u0441\u0442\u0440\u0443\u043a\u0442\u0443\u0440\u044b \u0434\u0440\u0435\u0432\u0435\u0441\u0438\u043d\u044b. \u041f\u043e\u0441\u043a\u043e\u043b\u044c\u043a\u0443 \u043e\u043d \u0438\u043c\u0435\u0435\u0442 \u043d\u0438\u0437\u043a\u0443\u044e \u0432\u044f\u0437\u043a\u043e\u0441\u0442\u044c \u0438 \u044f\u0432\u043b\u044f\u0435\u0442\u0441\u044f \u043e\u0434\u043d\u043e\u043a\u043e\u043c\u043f\u043e\u043d\u0435\u043d\u0442\u043d\u044b\u043c, \u0435\u0433\u043e \u043b\u0435\u0433\u043a\u043e \u043d\u0430\u043d\u043e\u0441\u0438\u0442\u044c \u0438 \u043e\u043d \u0431\u044b\u0441\u0442\u0440\u043e \u0441\u043e\u0445\u043d\u0435\u0442. \u041c\u043e\u0436\u0435\u0442 \u0438\u0441\u043f\u043e\u043b\u044c\u0437\u043e\u0432\u0430\u0442\u044c\u0441\u044f \u043d\u0430 \u0441\u043b\u0435\u0433\u043a\u0430 \u0432\u043b\u0430\u0436\u043d\u044b\u0445 \u043f\u043e\u0432\u0435\u0440\u0445\u043d\u043e\u0441\u0442\u044f\u0445. \u041d\u0435 \u0442\u0435\u0440\u044f\u0435\u0442 \u043f\u0440\u043e\u0447\u043d\u043e\u0441\u0442\u0438 \u043f\u0440\u0438 \u043d\u0438\u0437\u043a\u0438\u0445 \u0438 \u0432\u044b\u0441\u043e\u043a\u0438\u0445 \u0442\u0435\u043c\u043f\u0435\u0440\u0430\u0442\u0443\u0440\u0430\u0445. \u041e\u043d \u0443\u0441\u0442\u043e\u0439\u0447\u0438\u0432 \u043a \u0432\u043e\u0437\u0434\u0435\u0439\u0441\u0442\u0432\u0438\u044e \u0432\u043b\u0430\u0433\u0438 \u0438 \u0445\u0438\u043c\u0438\u043a\u0430\u0442\u043e\u0432 \u0438 \u043e\u0431\u043b\u0430\u0434\u0430\u0435\u0442 \u043e\u0442\u043b\u0438\u0447\u043d\u043e\u0439 \u0430\u0434\u0433\u0435\u0437\u0438\u0435\u0439.<\/p>\n\n\n\n<p>\u0421\u0444\u0435\u0440\u0430 \u043f\u0440\u0438\u043c\u0435\u043d\u0435\u043d\u0438\u044f<\/p>\n\n\n\n<ul><li>\u041f\u0440\u0438 \u043f\u0440\u043e\u0438\u0437\u0432\u043e\u0434\u0441\u0442\u0432\u0435 \u043c\u0435\u0431\u0435\u043b\u0438 \u0438 \u0441\u0442\u0440\u043e\u0438\u0442\u0435\u043b\u044c\u0441\u0442\u0432\u0435 \u043b\u043e\u0434\u043e\u043a,<\/li><li>\u0414\u0440\u0435\u0432\u0435\u0441\u043d\u044b\u0435 \u043c\u0430\u0442\u0435\u0440\u0438\u0430\u043b\u044b, \u043f\u0435\u043d\u043e\u043f\u043e\u043b\u0438\u0441\u0442\u0438\u0440\u043e\u043b, \u0430\u043a\u0443\u0441\u0442\u0438\u0447\u0435\u0441\u043a\u0438\u0435 \u043f\u043b\u0438\u0442\u044b, \u043e\u0431\u0448\u0438\u0432\u043a\u0430, \u043b\u0435\u0441\u0442\u043d\u0438\u0447\u043d\u044b\u0435 \u043f\u0440\u043e\u0444\u0438\u043b\u0438, \u0434\u0432\u0435\u0440\u043d\u044b\u0435 \u043f\u043e\u0440\u043e\u0433\u0438, \u043f\u043b\u0430\u0441\u0442\u0438\u043a \u0438 \u0442. \u0434.\n\u041e\u043d \u0438\u0441\u043f\u043e\u043b\u044c\u0437\u0443\u0435\u0442\u0441\u044f \u0434\u043b\u044f \u0441\u043a\u043b\u0435\u0438\u0432\u0430\u043d\u0438\u044f \u043c\u0430\u0442\u0435\u0440\u0438\u0430\u043b\u043e\u0432 \u0434\u0440\u0443\u0433 \u0441 \u0434\u0440\u0443\u0433\u043e\u043c \u0438 \u0441 \u0432\u043f\u0438\u0442\u044b\u0432\u0430\u044e\u0449\u0438\u043c\u0438 \u043f\u043e\u0432\u0435\u0440\u0445\u043d\u043e\u0441\u0442\u044f\u043c\u0438, \u0442\u0430\u043a\u0438\u043c\u0438 \u043a\u0430\u043a \u0431\u0435\u0442\u043e\u043d \u0438 \u043c\u0435\u0442\u0430\u043b\u043b.<\/li><\/ul>\n<\/div><\/div>\n\n\n\n<div style=\"height:100px\" aria-hidden=\"true\" class=\"wp-block-spacer\"><\/div>\n\n\n\n<div class=\"wp-block-media-text alignwide has-media-on-the-right is-stacked-on-mobile is-image-fill\"><figure class=\"wp-block-media-text__media\" style=\"background-image:url(http:\/\/purotto.com.tr\/wp-content\/uploads\/2021\/11\/PUROTTO-46.jpg);background-position:50% 50%\"><img loading=\"lazy\" width=\"701\" height=\"534\" src=\"http:\/\/purotto.com.tr\/wp-content\/uploads\/2021\/11\/PUROTTO-46.jpg\" alt=\"\" class=\"wp-image-214 size-full\" srcset=\"https:\/\/purotto.com.tr\/wp-content\/uploads\/2021\/11\/PUROTTO-46.jpg 701w, https:\/\/purotto.com.tr\/wp-content\/uploads\/2021\/11\/PUROTTO-46-300x229.jpg 300w, https:\/\/purotto.com.tr\/wp-content\/uploads\/2021\/11\/PUROTTO-46-600x457.jpg 600w\" sizes=\"(max-width: 701px) 100vw, 701px\" \/><\/figure><div class=\"wp-block-media-text__content\">\n<h2 class=\"has-accent-color has-text-color has-large-font-size\">Purosive DHS<\/h2>\n\n\n\n<h6>\u041a\u043b\u0435\u0438 \u0434\u043b\u044f \u043a\u043e\u0432\u0440\u043e\u0432\u044b\u0445 \u043f\u043e\u043a\u0440\u044b\u0442\u0438\u0439 \u043d\u0430 \u043e\u0441\u043d\u043e\u0432\u0435\n\u043f\u043e\u043b\u0438\u0443\u0440\u0435\u0442\u0430\u043d\u0430<\/h6>\n\n\n\n<p>Purosive DHS - \u044d\u0442\u043e \u0434\u0432\u0443\u0445\u043a\u043e\u043c\u043f\u043e\u043d\u0435\u043d\u0442\u043d\u044b\u0439, \u0432\u043e\u0434\u043e- \u0438 \u0432\u043b\u0430\u0433\u043e\u0441\u0442\u043e\u0439\u043a\u0438\u0439, \u043d\u0435 \u0441\u043e\u0434\u0435\u0440\u0436\u0430\u0449\u0438\u0439 \u0440\u0430\u0441\u0442\u0432\u043e\u0440\u0438\u0442\u0435\u043b\u0435\u0439, \u043c\u043d\u043e\u0433\u043e\u0446\u0435\u043b\u0435\u0432\u043e\u0439 \u043f\u043e\u043b\u0435\u0432\u043e\u0439 \u043a\u043b\u0435\u0439 \u0434\u043b\u044f \u043a\u043e\u0432\u0440\u043e\u0432\u044b\u0445 \u043f\u043e\u043a\u0440\u044b\u0442\u0438\u0439 \u043d\u0430 \u043f\u043e\u043b\u0438\u0443\u0440\u0435\u0442\u0430\u043d\u043e\u0432\u043e\u0439 \u043e\u0441\u043d\u043e\u0432\u0435. \u0421\u0442\u0430\u043d\u0434\u0430\u0440\u0442\u043d\u043e\n\u0432\u044b\u043f\u0443\u0441\u043a\u0430\u0435\u0442\u0441\u044f \u0432 \u0437\u0435\u043b\u0435\u043d\u043e\u043c, \u043f\u043b\u0438\u0442\u043e\u0447\u043d\u043e\u043c, \u0436\u0435\u043b\u0442\u043e\u043c \u0438 \u0431\u0435\u0436\u0435\u0432\u043e\u043c \u0446\u0432\u0435\u0442\u0430\u0445, \u0430 \u043f\u043e \u0437\u0430\u043f\u0440\u043e\u0441\u0443 \u043c\u043e\u0436\u0435\u0442 \u0431\u044b\u0442\u044c \u0438\u0437\u0433\u043e\u0442\u043e\u0432\u043b\u0435\u043d \u0441\u043f\u0435\u0446\u0438\u0430\u043b\u044c\u043d\u044b\u0439 \u0446\u0432\u0435\u0442. \u0410\u0434\u0433\u0435\u0437\u0438\u044f \u043f\u0440\u043e\u043c\u044b\u0448\u043b\u0435\u043d\u043d\u044b\u0445 \u0440\u0435\u0437\u0438\u043d\u043e\u0432\u044b\u0445 \u043f\u043e\u043a\u0440\u044b\u0442\u0438\u0439 \u043a \u043f\u043e\u043b\u0443, \u0430\u0434\u0433\u0435\u0437\u0438\u044f \u0438\u0437\u043e\u043b\u044f\u0446\u0438\u043e\u043d\u043d\u044b\u0445 \u043f\u043e\u043a\u0440\u044b\u0442\u0438\u0439 \u043a \u043a\u0440\u044b\u0448\u0430\u043c \u0438 \u0442\u0435\u0440\u0440\u0430\u0441\u0430\u043c, \u043d\u0430\u0442\u0443\u0440\u0430\u043b\u044c\u043d\u044b\u0439 \u043a\u0430\u043c\u0435\u043d\u044c, \u043a\u0435\u0440\u0430\u043c\u0438\u043a\u0430, \u0433\u0440\u0430\u043d\u0438\u0442, \u043c\u0440\u0430\u043c\u043e\u0440 \u0438 \u0434\u0435\u043a\u043e\u0440\u0430\u0442\u0438\u0432\u043d\u044b\u0439 \u043a\u0438\u0440\u043f\u0438\u0447, \u043d\u0430\u043f\u043e\u043b\u044c\u043d\u044b\u0435 \u043f\u043e\u043a\u0440\u044b\u0442\u0438\u044f \u0438\u0437 \u041f\u0412\u0425, \u0414\u0421\u041f, \u0414\u0421\u041f, \u043f\u0435\u043d\u043e\u043f\u043e\u043b\u0438\u0441\u0442\u0438\u0440\u043e\u043b, \u043b\u0438\u0441\u0442\u044b \u043f\u043e\u043b\u0438\u0441\u0442\u0438\u0440\u043e\u043b\u0430, \u0437\u0432\u0443\u043a\u043e\u0438\u0437\u043e\u043b\u044f\u0446\u0438\u044f, \u0431\u0435\u0442\u043e\u043d, \u0441\u0442\u0435\u043a\u043b\u043e, \u043c\u0435\u0442\u0430\u043b\u043b\u044b.\u042d\u0442\u043e \u0441\u0438\u0441\u0442\u0435\u043c\u044b, \u043a\u043e\u0442\u043e\u0440\u044b\u0435 \u043e\u0431\u0435\u0441\u043f\u0435\u0447\u0438\u0432\u0430\u044e\u0442\n\u043f\u0440\u0435\u0432\u043e\u0441\u0445\u043e\u0434\u043d\u044b\u0435 \u0445\u0430\u0440\u0430\u043a\u0442\u0435\u0440\u0438\u0441\u0442\u0438\u043a\u0438 \u0438 \u043f\u0440\u0435\u0438\u043c\u0443\u0449\u0435\u0441\u0442\u0432\u043e \u0432 \u0441\u043a\u043b\u0435\u0438\u0432\u0430\u043d\u0438\u0438 \u043d\u0435\u0430\u0431\u0441\u043e\u0440\u0431\u0438\u0440\u0443\u044e\u0449\u0438\u0445 \u043f\u043e\u0432\u0435\u0440\u0445\u043d\u043e\u0441\u0442\u0435\u0439\n\u0434\u0440\u0443\u0433 \u0441 \u0434\u0440\u0443\u0433\u043e\u043c, \u0441 \u0432\u044b\u0441\u043e\u043a\u043e\u0439 \u043f\u0440\u043e\u0447\u043d\u043e\u0441\u0442\u044c\u044e \u0441\u0446\u0435\u043f\u043b\u0435\u043d\u0438\u044f, \u0443\u0441\u0442\u043e\u0439\u0447\u0438\u0432\u044b \u043a \u0432\u043e\u0434\u0435, \u0432\u043b\u0430\u0433\u0435, \u0442\u0435\u043f\u043b\u0443.<\/p>\n\n\n\n<p>\u0421\u0444\u0435\u0440\u0430 \u043f\u0440\u0438\u043c\u0435\u043d\u0435\u043d\u0438\u044f<\/p>\n\n\n\n<ul><li>\u0412 \u043f\u043e\u043a\u0440\u044b\u0442\u0438\u044f\u0445 \u0434\u043b\u044f \u0441\u043f\u043e\u0440\u0442\u0438\u0432\u043d\u044b\u0445 \u043f\u043b\u043e\u0449\u0430\u0434\u043e\u043a,<\/li><li>\u041f\u0440\u0438\u043a\u043b\u0435\u0438\u0432\u0430\u043d\u0438\u0435 \u043c\u0430\u0442\u0435\u0440\u0438\u0430\u043b\u043e\u0432, \u0442\u0430\u043a\u0438\u0445 \u043a\u0430\u043a \u043a\u0435\u0440\u0430\u043c\u0438\u043a\u0430, \u0433\u0440\u0430\u043d\u0438\u0442, \u043c\u0440\u0430\u043c\u043e\u0440, \u043a\n\u0438\u0433\u0440\u043e\u0432\u044b\u043c \u043f\u043b\u043e\u0449\u0430\u0434\u043a\u0430\u043c \u0438 \u0434\u0440\u0443\u0433\u0438\u043c \u0441\u0442\u0435\u043d\u0430\u043c,<\/li><li>\u041f\u0440\u0438 \u043f\u0440\u0438\u043a\u043b\u0435\u0438\u0432\u0430\u043d\u0438\u0438 \u0432\u0441\u0435\u0445 \u0432\u0438\u0434\u043e\u0432 \u043f\u0430\u0440\u043a\u0435\u0442\u0430,<\/li><li>\u0421\u043a\u043b\u0435\u0438\u0432\u0430\u043d\u0438\u0435 \u0434\u0435\u0440\u0435\u0432\u0430 \u0441 \u0431\u0435\u0442\u043e\u043d\u043e\u043c,<\/li><li>\u0412 \u0441\u0438\u0441\u0442\u0435\u043c\u0430\u0445 \u0441 \u0442\u0435\u043f\u043b\u044b\u043c \u043f\u043e\u043b\u043e\u043c, \u0442\u0430\u043a \u043a\u0430\u043a \u044d\u0442\u043e \u0442\u0435\u0440\u043c\u043e\u0441\u0442\u043e\u0439\u043a\u0438\u0439 \u043f\u043e\u043b\u0438\u0443\u0440\u0435\u0442\u0430\u043d,<\/li><li>\u041f\u0440\u0438 \u043f\u0440\u043e\u0438\u0437\u0432\u043e\u0434\u0441\u0442\u0432\u0435 \u0432\u0435\u0440\u0445\u043d\u0435\u0433\u043e \u0441\u0442\u043e\u043b\u0430 \u0432 \u0441\u0435\u043a\u0442\u043e\u0440\u0435 \u0431\u044b\u0442\u043e\u0432\u043e\u0439 \u0442\u0435\u0445\u043d\u0438\u043a\u0438,<\/li><li>\u041f\u0440\u0438\u043a\u043b\u0435\u0438\u0432\u0430\u043d\u0438\u0435 \u043f\u043b\u0430\u0441\u0442\u0438\u043a\u043e\u0432\u044b\u0445 \u0434\u0435\u0442\u0430\u043b\u0435\u0439 \u043a \u0414\u0421\u041f,<\/li><li>\u0412 \u0448\u043b\u0438\u0444\u043e\u0432\u0430\u043b\u044c\u043d\u044b\u0445 \u043c\u0430\u0448\u0438\u043d\u0430\u0445 \u0434\u043b\u044f \u0448\u0432\u0430\u0431\u0440 \u0431\u0435\u0437 \u0440\u0443\u0447\u0435\u043a,<\/li><li>\u041c\u043e\u0436\u0435\u0442 \u0438\u0441\u043f\u043e\u043b\u044c\u0437\u043e\u0432\u0430\u0442\u044c\u0441\u044f \u0434\u043b\u044f \u0441\u043a\u043b\u0435\u0438\u0432\u0430\u043d\u0438\u044f \u043f\u043b\u0430\u0441\u0442\u0438\u043a\u0430 \u0438 \u043d\u0430\u0436\u0434\u0430\u0447\u043d\u043e\u0439 \u0431\u0443\u043c\u0430\u0433\u0438.<\/li><\/ul>\n<\/div><\/div>\n\n\n\n<div style=\"height:100px\" aria-hidden=\"true\" class=\"wp-block-spacer\"><\/div>\n\n\n\n<div class=\"wp-block-media-text alignwide is-stacked-on-mobile is-image-fill\"><figure class=\"wp-block-media-text__media\" style=\"background-image:url(http:\/\/purotto.com.tr\/wp-content\/uploads\/2021\/11\/PUROTTO-48-1024x689.jpg);background-position:50% 50%\"><img loading=\"lazy\" width=\"1024\" height=\"689\" src=\"http:\/\/purotto.com.tr\/wp-content\/uploads\/2021\/11\/PUROTTO-48-1024x689.jpg\" alt=\"\" class=\"wp-image-215 size-full\" srcset=\"https:\/\/purotto.com.tr\/wp-content\/uploads\/2021\/11\/PUROTTO-48-1024x689.jpg 1024w, https:\/\/purotto.com.tr\/wp-content\/uploads\/2021\/11\/PUROTTO-48-300x202.jpg 300w, https:\/\/purotto.com.tr\/wp-content\/uploads\/2021\/11\/PUROTTO-48-768x517.jpg 768w, https:\/\/purotto.com.tr\/wp-content\/uploads\/2021\/11\/PUROTTO-48-600x404.jpg 600w, https:\/\/purotto.com.tr\/wp-content\/uploads\/2021\/11\/PUROTTO-48.jpg 1075w\" sizes=\"(max-width: 1024px) 100vw, 1024px\" \/><\/figure><div class=\"wp-block-media-text__content\">\n<h2 class=\"has-accent-color has-text-color has-large-font-size\">Purosive KRK<\/h2>\n\n\n\n<h6>\u0420\u0435\u0437\u0438\u043d\u043e\u0432\u044b\u0435 \u043a\u043b\u0435\u0438 \u043d\u0430 \u043e\u0441\u043d\u043e\u0432\u0435 \u043f\u043e\u043b\u0438\u0443\u0440\u0435\u0442\u0430\u043d\u0430<\/h6>\n\n\n\n<p>Purosive KRK - \u044d\u0442\u043e \u0434\u0432\u0443\u0445\u043a\u043e\u043c\u043f\u043e\u043d\u0435\u043d\u0442\u043d\u044b\u0439 \u043c\u043d\u043e\u0433\u043e\u0446\u0435\u043b\u0435\u0432\u043e\u0439 \u043a\u043b\u0435\u0439 \u043d\u0430 \u043e\u0441\u043d\u043e\u0432\u0435 \u043f\u043e\u043b\u0438\u0443\u0440\u0435\u0442\u0430\u043d\u0430, \u043d\u0435 \u0441\u043e\u0434\u0435\u0440\u0436\u0430\u0449\u0438\u0439 \u0440\u0430\u0441\u0442\u0432\u043e\u0440\u0438\u0442\u0435\u043b\u0435\u0439. \u0418\u0441\u043f\u043e\u043b\u044c\u0437\u0443\u0435\u0442\u0441\u044f \u0432\n\u043a\u0430\u0447\u0435\u0441\u0442\u0432\u0435 \u043a\u043b\u0435\u044f \u043f\u0440\u0438 \u0440\u0430\u0431\u043e\u0442\u0435 \u0441 \u0440\u0435\u0437\u0438\u043d\u043e\u0432\u044b\u043c\u0438 \u043f\u043e\u043a\u0440\u044b\u0442\u0438\u044f\u043c\u0438. \u041f\u043e\u0441\u043a\u043e\u043b\u044c\u043a\u0443 \u043e\u043d \u043d\u0435 \u0441\u043e\u0434\u0435\u0440\u0436\u0438\u0442 \u0440\u0430\u0441\u0442\u0432\u043e\u0440\u0438\u0442\u0435\u043b\u044f, \u043e\u043d \u043d\u0435 \u0438\u043c\u0435\u0435\u0442 \u0433\u043e\u0440\u044f\u0449\u0438\u0445 \u0441\u0432\u043e\u0439\u0441\u0442\u0432. \u0415\u0433\u043e \u043c\u043e\u0436\u043d\u043e \u0438\u0441\u043f\u043e\u043b\u044c\u0437\u043e\u0432\u0430\u0442\u044c \u0432 \u0441\u0430\u043c\u044b\u0445 \u0440\u0430\u0437\u043d\u044b\u0445 \u043c\u0435\u0441\u0442\u0430\u0445 \u0438\u0437-\u0437\u0430 \u0435\u0433\u043e \u0443\u0441\u0442\u043e\u0439\u0447\u0438\u0432\u043e\u0441\u0442\u0438 \u043a \u0443\u0434\u0430\u0440\u0430\u043c, \u0432\u043e\u0434\u0435, \u043c\u043e\u0440\u0441\u043a\u043e\u0439 \u0432\u043e\u0434\u0435 \u0438 \u043c\u043d\u043e\u0433\u0438\u043c \u0445\u0438\u043c\u0438\u0447\u0435\u0441\u043a\u0438 \u0430\u0433\u0440\u0435\u0441\u0441\u0438\u0432\u043d\u044b\u043c \u043c\u0430\u0442\u0435\u0440\u0438\u0430\u043b\u0430\u043c. \u0425\u043e\u0442\u044f \u043e\u043d \u0437\u0430\u0442\u0432\u0435\u0440\u0434\u0435\u0432\u0430\u0435\u0442 \u043f\u0440\u0438 \u043d\u0438\u0437\u043a\u0438\u0445 \u0442\u0435\u043c\u043f\u0435\u0440\u0430\u0442\u0443\u0440\u0430\u0445, \u043e\u043d \u043d\u0435 \u043f\u043e\u043a\u0430\u0437\u044b\u0432\u0430\u0435\u0442 \u0437\u043d\u0430\u0447\u0438\u0442\u0435\u043b\u044c\u043d\u043e\u0433\u043e \u0438\u0437\u043c\u0435\u043d\u0435\u043d\u0438\u044f \u043e\u0431\u044a\u0435\u043c\u0430 \u0432\u043e \u0432\u0440\u0435\u043c\u044f \u0437\u0430\u0442\u0432\u0435\u0440\u0434\u0435\u0432\u0430\u043d\u0438\u044f. \u0414\u043e\u0431\u0430\u0432\u043b\u044f\u044f \u043a\u0430\u0442\u0430\u043b\u0438\u0437\u0430\u0442\u043e\u0440\u044b, \u043c\u043e\u0436\u043d\u043e \u0441\u043e\u043a\u0440\u0430\u0442\u0438\u0442\u044c \u0432\u0440\u0435\u043c\u044f \u0432\u044b\u0441\u044b\u0445\u0430\u043d\u0438\u044f. \u0412 \u043f\u0440\u043e\u0446\u0435\u0441\u0441\u0435 \u043e\u0442\u0432\u0435\u0440\u0436\u0434\u0435\u043d\u0438\u044f \u043e\u0431\u0440\u0430\u0437\u0443\u0435\u0442 \u043f\u0440\u043e\u0447\u043d\u044b\u0439 \u0441\u043b\u043e\u0439.<\/p>\n\n\n\n<p>\u0421\u0444\u0435\u0440\u0430 \u043f\u0440\u0438\u043c\u0435\u043d\u0435\u043d\u0438\u044f<\/p>\n\n\n\n<ul><li>\u0412 \u0441\u0438\u0441\u0442\u0435\u043c\u0430\u0445 \u0437\u0430\u043b\u0438\u0432\u043a\u0438 \u0440\u0435\u0437\u0438\u043d\u043e\u0432\u044b\u0445 \u043f\u043e\u043b\u043e\u0432,<\/li><li>\u0421\u043a\u043b\u0435\u0438\u0432\u0430\u043d\u0438\u0435 \u0431\u0435\u0442\u043e\u043d\u0430, \u043c\u0435\u0442\u0430\u043b\u043b\u0430 \u0438 \u041f\u0412\u0425.<\/li><li>\u041f\u0440\u0438 \u0441\u043a\u043b\u0435\u0438\u0432\u0430\u043d\u0438\u0438 \u0434\u0435\u0440\u0435\u0432\u044f\u043d\u043d\u044b\u0445 \u043c\u0430\u0442\u0435\u0440\u0438\u0430\u043b\u043e\u0432<\/li><li>\u041f\u0440\u0438\u043c\u0435\u043d\u044f\u0435\u0442\u0441\u044f \u0434\u043b\u044f \u043f\u0440\u0438\u043a\u043b\u0435\u0438\u0432\u0430\u043d\u0438\u044f \u0440\u0435\u0437\u0438\u043d\u044b, \u043f\u0440\u043e\u043a\u043b\u0430\u0434\u043a\u0438, \u0432\u043e\u0439\u043b\u043e\u0447\u043d\u043e\u0439 \u043f\u0440\u043e\u0431\u043a\u0438.<\/li><\/ul>\n<\/div><\/div>\n\n\n\n<div style=\"height:100px\" aria-hidden=\"true\" class=\"wp-block-spacer\"><\/div>","protected":false},"excerpt":{"rendered":"<p>Purosive PRK Poli\u00fcretan Esasl\u0131 Parke Yap\u0131\u015ft\u0131r\u0131c\u0131lar\u0131 Prosive PRK, \u00e7ift komponentli, poli\u00fcretan esasl\u0131, suya ve neme dayan\u0131kl\u0131 \u00fcst\u00fcn \u00f6zelliklere sahip solventsiz bir yap\u0131\u015ft\u0131r\u0131c\u0131d\u0131r. Her t\u00fcrl\u00fc parkenin beton, seramik, mermer ve ah\u015fap \u00fczerine yap\u0131\u015ft\u0131r\u0131lmas\u0131nda kullan\u0131l\u0131r. Tarak ile \u00e7ekildi\u011finde izi y\u00fczeyde kal\u0131c\u0131d\u0131r. Beton taraf\u0131ndan emilmedi\u011fi i\u00e7in daha g\u00fc\u00e7l\u00fc yap\u0131\u015fma sa\u011flar. Tutkal\u0131n film yap\u0131s\u0131 [&hellip;]<\/p>","protected":false},"author":1,"featured_media":211,"parent":0,"menu_order":0,"comment_status":"closed","ping_status":"closed","template":"","meta":[],"_links":{"self":[{"href":"https:\/\/purotto.com.tr\/ru\/wp-json\/wp\/v2\/pages\/109"}],"collection":[{"href":"https:\/\/purotto.com.tr\/ru\/wp-json\/wp\/v2\/pages"}],"about":[{"href":"https:\/\/purotto.com.tr\/ru\/wp-json\/wp\/v2\/types\/page"}],"author":[{"embeddable":true,"href":"https:\/\/purotto.com.tr\/ru\/wp-json\/wp\/v2\/users\/1"}],"replies":[{"embeddable":true,"href":"https:\/\/purotto.com.tr\/ru\/wp-json\/wp\/v2\/comments?post=109"}],"version-history":[{"count":8,"href":"https:\/\/purotto.com.tr\/ru\/wp-json\/wp\/v2\/pages\/109\/revisions"}],"predecessor-version":[{"id":481,"href":"https:\/\/purotto.com.tr\/ru\/wp-json\/wp\/v2\/pages\/109\/revisions\/481"}],"wp:featuredmedia":[{"embeddable":true,"href":"https:\/\/purotto.com.tr\/ru\/wp-json\/wp\/v2\/media\/211"}],"wp:attachment":[{"href":"https:\/\/purotto.com.tr\/ru\/wp-json\/wp\/v2\/media?parent=109"}],"curies":[{"name":"wp","href":"https:\/\/api.w.org\/{rel}","templated":true}]}}