{"id":110,"date":"2021-10-26T07:43:33","date_gmt":"2021-10-26T07:43:33","guid":{"rendered":"http:\/\/purotto.com.tr\/?page_id=110"},"modified":"2023-11-20T11:54:20","modified_gmt":"2023-11-20T11:54:20","slug":"puro-binder-baglayici-sistemler-grubu","status":"publish","type":"page","link":"https:\/\/purotto.com.tr\/ru\/puro-binder-baglayici-sistemler-grubu\/","title":{"rendered":"Puro Binder Ba\u011flay\u0131c\u0131 Sistemler"},"content":{"rendered":"<div class=\"wp-block-media-text alignwide is-stacked-on-mobile is-image-fill\"><figure class=\"wp-block-media-text__media\" style=\"background-image:url(http:\/\/purotto.com.tr\/wp-content\/uploads\/2021\/11\/shutterstock_1094947025.jpg);background-position:50% 50%\"><img src=\"http:\/\/purotto.com.tr\/wp-content\/uploads\/2021\/11\/shutterstock_1094947025.jpg\" alt=\"\" class=\"wp-image-369 size-full\"\/><\/figure><div class=\"wp-block-media-text__content\">\n<h2 class=\"has-accent-color has-text-color has-large-font-size\">Purobinder PDM<\/h2>\n\n\n\n<h6>\u0421\u0432\u044f\u0437\u0443\u044e\u0449\u0438\u0435 \u0434\u043b\u044f \u043a\u0430\u0443\u0447\u0443\u043a\u0430 \u0438 EPDM \u043d\u0430 \u043e\u0441\u043d\u043e\u0432\u0435 \u043f\u043e\u043b\u0438\u0443\u0440\u0435\u0442\u0430\u043d\u0430<\/h6>\n\n\n\n<p>Purobinder PDM - \u043e\u0434\u043d\u043e\u043a\u043e\u043c\u043f\u043e\u043d\u0435\u043d\u0442\u043d\u043e\u0435 \u0432\u043b\u0430\u0433\u043e\u043e\u0442\u0432\u0435\u0440\u0436\u0434\u0430\u0435\u043c\u043e\u0435 \u0441\u0432\u044f\u0437\u0443\u044e\u0449\u0435\u0435 \u043d\u0430 \u043e\u0441\u043d\u043e\u0432\u0435 \u043f\u043e\u043b\u0438\u0443\u0440\u0435\u0442\u0430\u043d\u0430, \u0438\u0441\u043f\u043e\u043b\u044c\u0437\u0443\u0435\u043c\u043e\u0435 \u0432 \u0441\u0438\u0441\u0442\u0435\u043c\u0430\u0445\n\u0437\u0430\u043b\u0438\u0432\u043a\u0438, \u0443\u0441\u0442\u043e\u0439\u0447\u0438\u0432\u043e\u0435 \u043a \u0432\u043e\u0437\u0434\u0435\u0439\u0441\u0442\u0432\u0438\u044e \u0432\u043e\u0434\u044b \u0438 \u0432\u043d\u0435\u0448\u043d\u0438\u0445 \u0443\u0441\u043b\u043e\u0432\u0438\u0439. \u041f\u043e\u0434\u0445\u043e\u0434\u0438\u0442 \u0434\u043b\u044f \u043f\u0440\u0438\u043c\u0435\u043d\u0435\u043d\u0438\u044f \u043d\u0430 \u043c\u0435\u0441\u0442\u0435 \u043f\u0440\u0438 \u0441\u0442\u0440\u043e\u0438\u0442\u0435\u043b\u044c\u0441\u0442\u0432\u0435 \u0434\u043e\u0440\u043e\u0436\u0435\u043a \u0434\u043b\u044f \u0448\u043e\u0442\u043b\u0430\u043d\u0434\u043a\u0438, \u0431\u0435\u0433\u043e\u0432\u044b\u0445 \u0438 \u043f\u0440\u043e\u0433\u0443\u043b\u043e\u0447\u043d\u044b\u0445 \u0434\u043e\u0440\u043e\u0436\u0435\u043a, \u043d\u0430 \u043c\u0435\u0441\u0442\u0430\u0445 \u0438\u043b\u0438 \u043d\u0430 \u0437\u0435\u043c\u043b\u0435 \u043d\u0430 \u043f\u043e\u043b\u0430\u0445 \u0441\u043f\u043e\u0440\u0442\u0438\u0432\u043d\u044b\u0445 \u043f\u043b\u043e\u0449\u0430\u0434\u043e\u043a, \u0442\u0430\u043a\u0438\u0445 \u043a\u0430\u043a \u0431\u0430\u0441\u043a\u0435\u0442\u0431\u043e\u043b, \u0432\u043e\u043b\u0435\u0439\u0431\u043e\u043b, \u0442\u0435\u043d\u043d\u0438\u0441. \u041f\u0440\u0438\u043c\u0435\u043d\u044f\u0435\u0442\u0441\u044f \u043f\u0440\u0438 \u043f\u0440\u043e\u0438\u0437\u0432\u043e\u0434\u0441\u0442\u0432\u0435\n\u043a\u043b\u0435\u0435\u043d\u044b\u0445 \u0433\u043e\u0442\u043e\u0432\u044b\u0445 \u0440\u0435\u0437\u0438\u043d\u043e\u0432\u044b\u0445 \u043a\u043e\u0432\u0440\u043e\u0432, \u043d\u0430 \u043f\u043e\u043b\u0443 \u0434\u0435\u0442\u0441\u043a\u0438\u0445 \u043f\u043b\u043e\u0449\u0430\u0434\u043e\u043a,  \u043f\u0440\u0438 \u043f\u0440\u043e\u0438\u0437\u0432\u043e\u0434\u0441\u0442\u0432\u0435 \u0440\u0435\u0437\u0438\u043d\u043e\u0432\u044b\u0445 \u043f\u0440\u043e\u043a\u043b\u0430\u0434\u043e\u043a \u0441 \u0431\u0430\u043b\u043b\u0438\u0441\u0442\u0438\u0447\u0435\u0441\u043a\u043e\u0439\n\u0437\u0430\u0449\u0438\u0442\u043e\u0439, \u0437\u0432\u0443\u043a\u043e\u0438\u0437\u043e\u043b\u044f\u0446\u0438\u0435\u0439 \u0438 \u043a\u043e\u043c\u0444\u043e\u0440\u0442\u043e\u043c.<\/p>\n<\/div><\/div>\n\n\n\n<div style=\"height:47px\" aria-hidden=\"true\" class=\"wp-block-spacer\"><\/div>\n\n\n\n<div class=\"wp-block-media-text alignwide has-media-on-the-right is-stacked-on-mobile is-image-fill\"><figure class=\"wp-block-media-text__media\" style=\"background-image:url(http:\/\/purotto.com.tr\/wp-content\/uploads\/2021\/11\/shutterstock_1391708588-1024x683.jpg);background-position:50% 50%\"><img loading=\"lazy\" width=\"1024\" height=\"683\" src=\"http:\/\/purotto.com.tr\/wp-content\/uploads\/2021\/11\/shutterstock_1391708588-1024x683.jpg\" alt=\"\" class=\"wp-image-233 size-full\" srcset=\"https:\/\/purotto.com.tr\/wp-content\/uploads\/2021\/11\/shutterstock_1391708588-1024x683.jpg 1024w, https:\/\/purotto.com.tr\/wp-content\/uploads\/2021\/11\/shutterstock_1391708588-300x200.jpg 300w, https:\/\/purotto.com.tr\/wp-content\/uploads\/2021\/11\/shutterstock_1391708588-768x512.jpg 768w, https:\/\/purotto.com.tr\/wp-content\/uploads\/2021\/11\/shutterstock_1391708588-1536x1024.jpg 1536w, https:\/\/purotto.com.tr\/wp-content\/uploads\/2021\/11\/shutterstock_1391708588-2048x1365.jpg 2048w, https:\/\/purotto.com.tr\/wp-content\/uploads\/2021\/11\/shutterstock_1391708588-360x240.jpg 360w, https:\/\/purotto.com.tr\/wp-content\/uploads\/2021\/11\/shutterstock_1391708588-600x400.jpg 600w\" sizes=\"(max-width: 1024px) 100vw, 1024px\" \/><\/figure><div class=\"wp-block-media-text__content\">\n<h2 class=\"has-accent-color has-text-color has-large-font-size\">Purobinder SRY<\/h2>\n\n\n\n<p>Purobinder Sry - \u044d\u0442\u043e \u043e\u0434\u043d\u043e\u043a\u043e\u043c\u043f\u043e\u043d\u0435\u043d\u0442\u043d\u043e\u0435 \u0441\u0432\u044f\u0437\u0443\u044e\u0449\u0435\u0435 \u043d\u0430 \u043e\u0441\u043d\u043e\u0432\u0435 \u043f\u043e\u043b\u0438\u0443\u0440\u0435\u0442\u0430\u043d\u0430, \u0441\u043e\u0434\u0435\u0440\u0436\u0430\u0449\u0435\u0435 \u0440\u0430\u0441\u0442\u0432\u043e\u0440\u0438\u0442\u0435\u043b\u044c. \u041d\u0430\u0448 \u043f\u0440\u043e\u0434\u0443\u043a\u0442, \u043e\u0431\u0440\u0430\u0437\u0443\u044e\u0449\u0438\u0439 \u044d\u043b\u0430\u0441\u0442\u0438\u0447\u043d\u043e\u0435 \u043f\u043e\u043a\u0440\u044b\u0442\u0438\u0435, \u043e\u0431\u043b\u0430\u0434\u0430\u0435\u0442 \u0432\u043e\u0434\u043e\u0441\u0442\u043e\u0439\u043a\u043e\u0441\u0442\u044c\u044e \u0438 \u0432\u043e\u0434\u043e\u043f\u0440\u043e\u043d\u0438\u0446\u0430\u0435\u043c\u043e\u0441\u0442\u044c\u044e. \u041e\u0442\u0432\u0435\u0440\u0436\u0434\u0435\u043d\u0438\u0435 \u0443\u0441\u043a\u043e\u0440\u044f\u0435\u0442\u0441\u044f \u0432 \u0436\u0430\u0440\u043a\u0443\u044e \u0438 \u0432\u043b\u0430\u0436\u043d\u0443\u044e \u043f\u043e\u0433\u043e\u0434\u0443.\n\u041f\u0440\u0438\u043c\u0435\u043d\u044f\u0435\u0442\u0441\u044f \u0432 \u043f\u043e\u043c\u0435\u0449\u0435\u043d\u0438\u044f\u0445 \u0438 \u043d\u0430 \u043e\u0442\u043a\u0440\u044b\u0442\u043e\u043c \u0432\u043e\u0437\u0434\u0443\u0445\u0435, \u0441\u043f\u043e\u0440\u0442\u0438\u0432\u043d\u044b\u0445 \u0441\u043e\u043e\u0440\u0443\u0436\u0435\u043d\u0438\u044f\u0445, \u0434\u0435\u0442\u0441\u043a\u0438\u0445 \u043f\u043b\u043e\u0449\u0430\u0434\u043a\u0430\u0445, \u043f\u0435\u0448\u0435\u0445\u043e\u0434\u043d\u044b\u0445 \u0438 \u0432\u0435\u043b\u043e\u0441\u0438\u043f\u0435\u0434\u043d\u044b\u0445\n\u0434\u043e\u0440\u043e\u0436\u043a\u0430\u0445.<\/p>\n<\/div><\/div>\n\n\n\n<div style=\"height:34px\" aria-hidden=\"true\" class=\"wp-block-spacer\"><\/div>\n\n\n\n<div class=\"wp-block-media-text alignwide is-stacked-on-mobile is-image-fill\"><figure class=\"wp-block-media-text__media\" style=\"background-image:url(http:\/\/purotto.com.tr\/wp-content\/uploads\/2021\/11\/shutterstock_676880869-1024x680.jpg);background-position:50% 50%\"><img loading=\"lazy\" width=\"1024\" height=\"680\" src=\"http:\/\/purotto.com.tr\/wp-content\/uploads\/2021\/11\/shutterstock_676880869-1024x680.jpg\" alt=\"\" class=\"wp-image-234 size-full\" srcset=\"https:\/\/purotto.com.tr\/wp-content\/uploads\/2021\/11\/shutterstock_676880869-1024x680.jpg 1024w, https:\/\/purotto.com.tr\/wp-content\/uploads\/2021\/11\/shutterstock_676880869-300x199.jpg 300w, https:\/\/purotto.com.tr\/wp-content\/uploads\/2021\/11\/shutterstock_676880869-768x510.jpg 768w, https:\/\/purotto.com.tr\/wp-content\/uploads\/2021\/11\/shutterstock_676880869-1536x1021.jpg 1536w, https:\/\/purotto.com.tr\/wp-content\/uploads\/2021\/11\/shutterstock_676880869-2048x1361.jpg 2048w, https:\/\/purotto.com.tr\/wp-content\/uploads\/2021\/11\/shutterstock_676880869-360x240.jpg 360w, https:\/\/purotto.com.tr\/wp-content\/uploads\/2021\/11\/shutterstock_676880869-600x399.jpg 600w\" sizes=\"(max-width: 1024px) 100vw, 1024px\" \/><\/figure><div class=\"wp-block-media-text__content\">\n<h2 class=\"has-accent-color has-text-color has-large-font-size\">Purobinder GRN<\/h2>\n\n\n\n<h6>\u0413\u0443\u0431\u0447\u0430\u0442\u044b\u0435 \u0441\u0432\u044f\u0437\u0443\u044e\u0449\u0438\u0435 \u0434\u043b\u044f \u0433\u0440\u0430\u043d\u0443\u043b \u043d\u0430 \u043e\u0441\u043d\u043e\u0432\u0435 \u043f\u043e\u043b\u0438\u0443\u0440\u0435\u0442\u0430\u043d\u0430<\/h6>\n\n\n\n<p>Purobinder GRN - \u044d\u0442\u043e \u043e\u0434\u043d\u043e\u043a\u043e\u043c\u043f\u043e\u043d\u0435\u043d\u0442\u043d\u044b\u0435 \u0441\u0432\u044f\u0437\u0443\u044e\u0449\u0438\u0435 \u043d\u0430 \u043e\u0441\u043d\u043e\u0432\u0435 \u043f\u043e\u043b\u0438\u0443\u0440\u0435\u0442\u0430\u043d\u0430, \u043a\u043e\u0442\u043e\u0440\u044b\u0435 \u0443\u0441\u043a\u043e\u0440\u044f\u044e\u0442\u0441\u044f \u043f\u043e\u0434 \u0434\u0435\u0439\u0441\u0442\u0432\u0438\u0435\u043c \u0442\u0435\u043f\u043b\u0430,\n\u043e\u0442\u0432\u0435\u0440\u0436\u0434\u0430\u044e\u0442\u0441\u044f \u0432\u043b\u0430\u0433\u043e\u0439 \u0438 \u043d\u0435 \u0441\u043e\u0434\u0435\u0440\u0436\u0430\u0442 \u0440\u0430\u0441\u0442\u0432\u043e\u0440\u0438\u0442\u0435\u043b\u0435\u0439. \u041f\u0440\u043e\u0434\u0443\u043a\u0442 \u0438\u0441\u043f\u043e\u043b\u044c\u0437\u0443\u0435\u0442\u0441\u044f \u0432 \u0437\u0434\u0430\u043d\u0438\u044f\u0445 \u0434\u043b\u044f \u0437\u0432\u0443\u043a\u043e\u0438\u0437\u043e\u043b\u044f\u0446\u0438\u0438 \u0438 \u0438\u0437\u043e\u043b\u044f\u0446\u0438\u0438, \u043f\u043e\u0434 \u043a\u043e\u0432\u0440\u0430\u043c\u0438 \u0434\u043b\u044f \u043a\u043e\u043c\u0444\u043e\u0440\u0442\u0430, \u0432 \u0430\u0432\u0442\u043e\u043c\u043e\u0431\u0438\u043b\u044c\u043d\u044b\u0445 \u0441\u0438\u0434\u0435\u043d\u044c\u044f\u0445 \u0432 \u043a\u0430\u0447\u0435\u0441\u0442\u0432\u0435 \u043a\u043b\u0438\u043d\u044c\u0435\u0432 \u0438 \u0432 \u0430\u0432\u0442\u043e\u043c\u043e\u0431\u0438\u043b\u044c\u043d\u043e\u0439 \u043f\u0440\u043e\u043c\u044b\u0448\u043b\u0435\u043d\u043d\u043e\u0441\u0442\u0438 \u0434\u043b\u044f \u0437\u0432\u0443\u043a\u043e\u0438\u0437\u043e\u043b\u044f\u0446\u0438\u0438. \u0412\n\u043f\u0440\u0438\u043b\u043e\u0436\u0435\u043d\u0438\u0438 \u0433\u043e\u0440\u044f\u0447\u0435\u0433\u043e \u043f\u0440\u0435\u0441\u0441\u0430 \u0438\u0441\u043f\u043e\u043b\u044c\u0437\u0443\u0435\u0442\u0441\u044f \u0434\u043b\u044f \u0441\u0432\u044f\u0437\u044b\u0432\u0430\u043d\u0438\u044f \u0433\u0440\u0430\u043d\u0443\u043b \u0432\u043c\u0435\u0441\u0442\u0435. \u0423\u0441\u0442\u043e\u0439\u0447\u0438\u0432 \u043a \u0432\u043e\u0437\u0434\u0435\u0439\u0441\u0442\u0432\u0438\u044e \u0432\u043e\u0434\u044b \u0438 \u0432\u043d\u0435\u0448\u043d\u0438\u0445 \u0443\u0441\u043b\u043e\u0432\u0438\u0439.<\/p>\n<\/div><\/div>\n\n\n\n<div style=\"height:100px\" aria-hidden=\"true\" class=\"wp-block-spacer\"><\/div>","protected":false},"excerpt":{"rendered":"<p>Purobinder PDM Poli\u00fcretan Esasl\u0131 Kau\u00e7uk ve EPDM Ba\u011flay\u0131c\u0131lar\u0131 D\u00f6kme sistemlerde kullan\u0131lan tek bile\u015fenli, nem ile k\u00fcrlenen suya ve d\u0131\u015f mekan ko\u015fullar\u0131na dayan\u0131kl\u0131 poli\u00fcretan esasl\u0131 ba\u011flay\u0131c\u0131lard\u0131r. Tartan Pistlerin, ko\u015fu ve y\u00fcr\u00fcme parkurlar\u0131n\u0131n yap\u0131m\u0131 s\u0131ras\u0131nda yerinde uygulamalara uygun. Basketbol, Voleybol, Tenis gibi spor sahalar\u0131n zeminlerinde yerinde uygulama ya da zemine yap\u0131\u015ft\u0131r\u0131lan, kullan\u0131ma [&hellip;]<\/p>","protected":false},"author":1,"featured_media":229,"parent":0,"menu_order":0,"comment_status":"closed","ping_status":"closed","template":"","meta":[],"_links":{"self":[{"href":"https:\/\/purotto.com.tr\/ru\/wp-json\/wp\/v2\/pages\/110"}],"collection":[{"href":"https:\/\/purotto.com.tr\/ru\/wp-json\/wp\/v2\/pages"}],"about":[{"href":"https:\/\/purotto.com.tr\/ru\/wp-json\/wp\/v2\/types\/page"}],"author":[{"embeddable":true,"href":"https:\/\/purotto.com.tr\/ru\/wp-json\/wp\/v2\/users\/1"}],"replies":[{"embeddable":true,"href":"https:\/\/purotto.com.tr\/ru\/wp-json\/wp\/v2\/comments?post=110"}],"version-history":[{"count":8,"href":"https:\/\/purotto.com.tr\/ru\/wp-json\/wp\/v2\/pages\/110\/revisions"}],"predecessor-version":[{"id":501,"href":"https:\/\/purotto.com.tr\/ru\/wp-json\/wp\/v2\/pages\/110\/revisions\/501"}],"wp:featuredmedia":[{"embeddable":true,"href":"https:\/\/purotto.com.tr\/ru\/wp-json\/wp\/v2\/media\/229"}],"wp:attachment":[{"href":"https:\/\/purotto.com.tr\/ru\/wp-json\/wp\/v2\/media?parent=110"}],"curies":[{"name":"wp","href":"https:\/\/api.w.org\/{rel}","templated":true}]}}