{"id":111,"date":"2021-10-26T07:43:33","date_gmt":"2021-10-26T07:43:33","guid":{"rendered":"http:\/\/purotto.com.tr\/?page_id=111"},"modified":"2021-11-23T07:25:52","modified_gmt":"2021-11-23T07:25:52","slug":"puro-lymer-poliol-ve-prepolimer-sistemleri-grubu","status":"publish","type":"page","link":"https:\/\/purotto.com.tr\/ru\/puro-lymer-poliol-ve-prepolimer-sistemleri-grubu\/","title":{"rendered":"\u0413\u0440\u0443\u043f\u043f\u0430 \u043f\u043e\u043b\u0438\u043e\u043b\u043e\u0432 \u0438 \u043f\u0440\u0435\u043f\u043e\u043b\u0438\u043c\u0435\u0440\u043d\u044b\u0445 \u0441\u0438\u0441\u0442\u0435\u043c Puro Lymer"},"content":{"rendered":"<div class=\"wp-block-media-text alignwide is-stacked-on-mobile is-image-fill\"><figure class=\"wp-block-media-text__media\" style=\"background-image:url(http:\/\/purotto.com.tr\/wp-content\/uploads\/2021\/11\/PUROTTO-69-e1573781500404-1024x554-2.jpg);background-position:50% 50%\"><img loading=\"lazy\" width=\"1024\" height=\"554\" src=\"http:\/\/purotto.com.tr\/wp-content\/uploads\/2021\/11\/PUROTTO-69-e1573781500404-1024x554-2.jpg\" alt=\"\" class=\"wp-image-239 size-full\" srcset=\"https:\/\/purotto.com.tr\/wp-content\/uploads\/2021\/11\/PUROTTO-69-e1573781500404-1024x554-2.jpg 1024w, https:\/\/purotto.com.tr\/wp-content\/uploads\/2021\/11\/PUROTTO-69-e1573781500404-1024x554-2-300x162.jpg 300w, https:\/\/purotto.com.tr\/wp-content\/uploads\/2021\/11\/PUROTTO-69-e1573781500404-1024x554-2-768x416.jpg 768w, https:\/\/purotto.com.tr\/wp-content\/uploads\/2021\/11\/PUROTTO-69-e1573781500404-1024x554-2-600x325.jpg 600w\" sizes=\"(max-width: 1024px) 100vw, 1024px\" \/><\/figure><div class=\"wp-block-media-text__content\">\n<h2 class=\"has-accent-color has-text-color has-large-font-size\"><strong>Purolymer PLY<\/strong><\/h2>\n\n\n\n<h6>\u041f\u043e\u043b\u0438\u043e\u043b\u044b<\/h6>\n\n\n\n<p>Purolymer PLY - \u044d\u0442\u043e \u0433\u0438\u0431\u043a\u0430\u044f \u0433\u0443\u0431\u043a\u0430,\n\u0432\u044f\u0437\u043a\u043e\u0443\u043f\u0440\u0443\u0433\u0430\u044f \u0433\u0443\u0431\u043a\u0430, \u0446\u0435\u043b\u044c\u043d\u0430\u044f \u0433\u0443\u0431\u043a\u0430,\u044d\u0442\u043e\n\u043f\u043e\u043b\u0438\u043e\u043b\u044b \u043d\u0430 \u043e\u0441\u043d\u043e\u0432\u0435 \u043d\u0430\u0442\u0443\u0440\u0430\u043b\u044c\u043d\u044b\u0445 \u043c\u0430\u0441\u0435\u043b,\n\u043a\u043e\u0442\u043e\u0440\u044b\u0435 \u043e\u0431\u0435\u0441\u043f\u0435\u0447\u0438\u0432\u0430\u044e\u0442 \u043f\u0440\u0435\u0432\u043e\u0441\u0445\u043e\u0434\u043d\u044b\u0435\n\u0445\u0430\u0440\u0430\u043a\u0442\u0435\u0440\u0438\u0441\u0442\u0438\u043a\u0438 \u043a\u0430\u043a \u0441 \u0442\u043e\u0447\u043a\u0438 \u0437\u0440\u0435\u043d\u0438\u044f\n\u044d\u043a\u043e\u043d\u043e\u043c\u0438\u0447\u0435\u0441\u043a\u043e\u0439 \u044d\u0444\u0444\u0435\u043a\u0442\u0438\u0432\u043d\u043e\u0441\u0442\u0438, \u0442\u0430\u043a \u0438 \u0441 \u0442\u043e\u0447\u043a\u0438\n\u0437\u0440\u0435\u043d\u0438\u044f \u043c\u0435\u0445\u0430\u043d\u0438\u0447\u0435\u0441\u043a\u0438\u0445 \u0441\u0432\u043e\u0439\u0441\u0442\u0432 \u043a\u043e\u043d\u0435\u0447\u043d\u043e\u0433\u043e\n\u043f\u0440\u043e\u0434\u0443\u043a\u0442\u0430 \u0432 \u044d\u043b\u0430\u0441\u0442\u043e\u043c\u0435\u0440\u0430\u0445 \u0438 \u043c\u0438\u043a\u0440\u043e\u043f\u043e\u0440\u0438\u0441\u0442\u044b\u0445\n\u0441\u0438\u0441\u0442\u0435\u043c\u0430\u0445.<\/p>\n\n\n\n<p>\u041e\u0441\u043d\u043e\u0432\u043d\u044b\u0435 \u043f\u0440\u0435\u0438\u043c\u0443\u0449\u0435\u0441\u0442\u0432\u0430 \u043f\u043e\u043b\u0438\u043e\u043b\u043e\u0432:<\/p>\n\n\n\n<ul><li>\u0423\u0441\u0442\u043e\u0439\u0447\u0438\u0432\u043e\u0441\u0442\u044c \u043a \u043a\u0438\u0441\u043b\u043e\u0442\u0430\u043c<\/li><li>\u0412\u044b\u0441\u043e\u043a\u0430\u044f \u044d\u043b\u0430\u0441\u0442\u0438\u0447\u043d\u043e\u0441\u0442\u044c \u043f\u0440\u0438 \u043d\u0438\u0437\u043a\u0438\u0445 \u0442\u0435\u043c\u043f\u0435\u0440\u0430\u0442\u0443\u0440\u0430\u0445.<\/li><li>\u0412\u044b\u0441\u043e\u043a\u0438\u0435 \u043c\u0435\u0445\u0430\u043d\u0438\u0447\u0435\u0441\u043a\u0438\u0435 \u0441\u0432\u043e\u0439\u0441\u0442\u0432\u0430.<\/li><li>\u0413\u0438\u0434\u0440\u043e\u043b\u0438\u0442\u0438\u0447\u0435\u0441\u043a\u0430\u044f \u0441\u0442\u043e\u0439\u043a\u043e\u0441\u0442\u044c<\/li><\/ul>\n\n\n\n<p><\/p>\n<\/div><\/div>\n\n\n\n<div style=\"height:100px\" aria-hidden=\"true\" class=\"wp-block-spacer\"><\/div>\n\n\n\n<div class=\"wp-block-media-text alignwide has-media-on-the-right is-stacked-on-mobile is-image-fill\"><figure class=\"wp-block-media-text__media\" style=\"background-image:url(http:\/\/purotto.com.tr\/wp-content\/uploads\/2021\/11\/PRP.jpg);background-position:50% 50%\"><img loading=\"lazy\" width=\"538\" height=\"455\" src=\"http:\/\/purotto.com.tr\/wp-content\/uploads\/2021\/11\/PRP.jpg\" alt=\"\" class=\"wp-image-244 size-full\" srcset=\"https:\/\/purotto.com.tr\/wp-content\/uploads\/2021\/11\/PRP.jpg 538w, https:\/\/purotto.com.tr\/wp-content\/uploads\/2021\/11\/PRP-300x254.jpg 300w\" sizes=\"(max-width: 538px) 100vw, 538px\" \/><\/figure><div class=\"wp-block-media-text__content\">\n<h2 class=\"has-accent-color has-text-color has-large-font-size\">Purolymer PRP<\/h2>\n\n\n\n<h6>\u041f\u0440\u0435\u043f\u043e\u043b\u0438\u043c\u0435\u0440\u044b<\/h6>\n\n\n\n<p>Purolymer PRP - \u044d\u0442\u043e \u043e\u0442\u0432\u0435\u0440\u0436\u0434\u0430\u0435\u043c\u043e\u0435 \u0432\u043b\u0430\u0433\u043e\u0439\n\u043e\u0434\u043d\u043e\u043a\u043e\u043c\u043f\u043e\u043d\u0435\u043d\u0442\u043d\u043e\u0435 \u0441\u0432\u044f\u0437\u0443\u044e\u0449\u0435\u0435 \u043d\u0430 \u043e\u0441\u043d\u043e\u0432\u0435\n\u043f\u043e\u043b\u0438\u0443\u0440\u0435\u0442\u0430\u043d\u0430, \u043d\u0435 \u0441\u043e\u0434\u0435\u0440\u0436\u0430\u0449\u0435\u0435 \u0440\u0430\u0441\u0442\u0432\u043e\u0440\u0438\u0442\u0435\u043b\u0435\u0439.\u042d\u0442\u043e \u0444\u0443\u043d\u043a\u0446\u0438\u043e\u043d\u0430\u043b\u044c\u043d\u044b\u0435 \u043a\u043b\u0435\u0438 \u0441 \u0440\u0430\u0437\u043d\u043e\u0439 \u0442\u0432\u0435\u0440\u0434\u043e\u0441\u0442\u044c\u044e \u0438 \u0432\u0440\u0435\u043c\u0435\u043d\u0435\u043c \u043e\u0442\u0432\u0435\u0440\u0436\u0434\u0435\u043d\u0438\u044f \u0432 \u0437\u0430\u0432\u0438\u0441\u0438\u043c\u043e\u0441\u0442\u0438 \u043e\u0442 \u0446\u0435\u043b\u0438 \u043f\u0440\u0438\u043c\u0435\u043d\u0435\u043d\u0438\u044f.<\/p>\n\n\n\n<p>\u041f\u0440\u0435\u043f\u043e\u043b\u0438\u043c\u0435\u0440\u044b \u0440\u0435\u0430\u043a\u0446\u0438\u043e\u043d\u043d\u043e\u0441\u043f\u043e\u0441\u043e\u0431\u043d\u044b,\n\u043f\u043e\u0434\u0432\u0435\u0440\u0436\u0435\u043d\u044b \u0432\u043b\u0438\u044f\u043d\u0438\u044e \u0432\u043b\u0430\u0436\u043d\u043e\u0441\u0442\u0438 \u0438 \u0442\u0435\u043f\u043b\u0430.\n\u041f\u043e\u044d\u0442\u043e\u043c\u0443 \u043d\u0435\u043e\u0431\u0445\u043e\u0434\u0438\u043c\u043e \u043e\u0431\u0440\u0430\u0442\u0438\u0442\u044c \u0432\u043d\u0438\u043c\u0430\u043d\u0438\u0435 \u043d\u0430 \u0435\u0433\u043e\n\u0441\u0442\u0430\u0431\u0438\u043b\u0438\u0437\u0430\u0446\u0438\u044e.<\/p>\n\n\n\n<p>\u0421\u0444\u0435\u0440\u0430 \u043f\u0440\u0438\u043c\u0435\u043d\u0435\u043d\u0438\u044f<\/p>\n\n\n\n<ul><li>\u0412 \u0441\u0442\u0440\u043e\u0438\u0442\u0435\u043b\u044c\u043d\u043e\u0439 \u043e\u0442\u0440\u0430\u0441\u043b\u0438 \u043f\u0440\u0438 \u043f\u0440\u043e\u0438\u0437\u0432\u043e\u0434\u0441\u0442\u0432\u0435 \u0441\u044d\u043d\u0434\u0432\u0438\u0447-\u043f\u0430\u043d\u0435\u043b\u0435\u0439 \u0438 \u043f\u0435\u0440\u0435\u0433\u043e\u0440\u043e\u0434\u043e\u043a \u0438\u0437 \u043f\u0435\u043d\u043e\u043f\u043e\u043b\u0438\u0441\u0442\u0438\u0440\u043e\u043b\u0430 \u0438 \u043c\u0438\u043d\u0435\u0440\u0430\u043b\u044c\u043d\u043e\u0439 \u0432\u0430\u0442\u044b.<\/li><li>\u041f\u0440\u0438 \u043f\u0440\u043e\u0438\u0437\u0432\u043e\u0434\u0441\u0442\u0432\u0435 \u0433\u0443\u0431\u043e\u043a \u0434\u043b\u044f \u043f\u043e\u0441\u0443\u0434\u044b \u043b\u0430\u043c\u0438\u043d\u0438\u0440\u043e\u0432\u0430\u043d\u0438\u0435 \u0432\u043e\u0439\u043b\u043e\u043a\u0430 \u0438 \u0433\u0443\u0431\u043a\u0438.<\/li><li>\u041a\u0430\u043a \u043c\u043e\u0440\u0441\u043a\u043e\u0439 \u043a\u043b\u0435\u0439 \u0438 \u043c\u0435\u0431\u0435\u043b\u044c\u043d\u044b\u0439 \u043a\u043b\u0435\u0439, \u043e\u043d \u0438\u043c\u0435\u0435\u0442 \u0441\u0432\u043e\u0439\u0441\u0442\u0432\u0430, \u043f\u043e\u0434\u0445\u043e\u0434\u044f\u0449\u0438\u0435 \u0434\u043b\u044f \u043f\u0440\u0430\u043a\u0442\u0438\u0447\u043d\u043e\u0439 \u0443\u043f\u0430\u043a\u043e\u0432\u043a\u0438.<\/li><\/ul>\n<\/div><\/div>\n\n\n\n<div style=\"height:100px\" aria-hidden=\"true\" class=\"wp-block-spacer\"><\/div>","protected":false},"excerpt":{"rendered":"<p>Purolymer PLY Polioller Polioller, \u00e7ift komponentli poli\u00fcretan yap\u0131\u015ft\u0131r\u0131c\u0131lar, prepolimerler, sert d\u00f6k\u00fcmler, y\u00fczey kaplamalar\u0131 ve poli\u00fcretan dolgu macunlar\u0131 \u00fcretiminde ana \u00fcr\u00fcn olarak, esnek s\u00fcnger, visko-elastik s\u00fcnger, integral s\u00fcnger, elastomerler ve mikro g\u00f6zenekli sistemlerde gerek ekonomik verimlilik, gerekse de son \u00fcr\u00fcn\u00fcn mekanik \u00f6zelliklerinde \u00fcst\u00fcn performans sa\u011flayan do\u011fal ya\u011f bazl\u0131 poliollerdir. Polionerin sa\u011flad\u0131\u011f\u0131 [&hellip;]<\/p>","protected":false},"author":1,"featured_media":241,"parent":0,"menu_order":0,"comment_status":"closed","ping_status":"closed","template":"","meta":[],"_links":{"self":[{"href":"https:\/\/purotto.com.tr\/ru\/wp-json\/wp\/v2\/pages\/111"}],"collection":[{"href":"https:\/\/purotto.com.tr\/ru\/wp-json\/wp\/v2\/pages"}],"about":[{"href":"https:\/\/purotto.com.tr\/ru\/wp-json\/wp\/v2\/types\/page"}],"author":[{"embeddable":true,"href":"https:\/\/purotto.com.tr\/ru\/wp-json\/wp\/v2\/users\/1"}],"replies":[{"embeddable":true,"href":"https:\/\/purotto.com.tr\/ru\/wp-json\/wp\/v2\/comments?post=111"}],"version-history":[{"count":6,"href":"https:\/\/purotto.com.tr\/ru\/wp-json\/wp\/v2\/pages\/111\/revisions"}],"predecessor-version":[{"id":485,"href":"https:\/\/purotto.com.tr\/ru\/wp-json\/wp\/v2\/pages\/111\/revisions\/485"}],"wp:featuredmedia":[{"embeddable":true,"href":"https:\/\/purotto.com.tr\/ru\/wp-json\/wp\/v2\/media\/241"}],"wp:attachment":[{"href":"https:\/\/purotto.com.tr\/ru\/wp-json\/wp\/v2\/media?parent=111"}],"curies":[{"name":"wp","href":"https:\/\/api.w.org\/{rel}","templated":true}]}}