{"id":14,"date":"2021-10-25T13:46:22","date_gmt":"2021-10-25T13:46:22","guid":{"rendered":"http:\/\/purotto.com.tr\/?page_id=14"},"modified":"2021-11-22T10:11:49","modified_gmt":"2021-11-22T10:11:49","slug":"iletisim","status":"publish","type":"page","link":"https:\/\/purotto.com.tr\/ru\/iletisim\/","title":{"rendered":"\u041a\u043e\u043c\u043c\u0443\u043d\u0438\u043a\u0430\u0446\u0438\u044f"},"content":{"rendered":"<div class=\"wp-block-columns alignfull\">\n<div class=\"wp-block-column\">\n<div style=\"width: 100%\"><iframe src=\"https:\/\/www.google.com\/maps\/embed?pb=!1m18!1m12!1m3!1d3016.4168096686094!2d29.39357331541023!3d40.884670979313384!2m3!1f0!2f0!3f0!3m2!1i1024!2i768!4f13.1!3m3!1m2!1s0x14cad98b3f9786c3%3A0x645447e7fb9e8588!2sPurotto%20Kimya%20A%C5%9E.!5e0!3m2!1str!2str!4v1635171664209!5m2!1str!2str\" width=\"100%\" height=\"400\" style=\"border:0;\" allowfullscreen=\"\" loading=\"lazy\"><\/iframe><\/div>\n\n\n\n<p><\/p>\n\n\n\n<p> <\/p>\n<\/div>\n<\/div>\n\n\n\n<div class=\"wp-block-columns container\">\n<div class=\"wp-block-column is-vertically-aligned-center\">\n<h2 class=\"hestia-title\">\u0421\u0432\u044f\u0437\u0430\u0442\u044c\u0441\u044f \u0441 \u043d\u0430\u043c\u0438<\/h2>\n\n\n\n\n<div class=\"wpforms-container wpforms-container-full\" id=\"wpforms-151\"><form id=\"wpforms-form-151\" class=\"wpforms-validate wpforms-form\" data-formid=\"151\" method=\"post\" enctype=\"multipart\/form-data\" action=\"\/ru\/wp-json\/wp\/v2\/pages\/14\" data-token=\"18ab4a5197626ba50f99f256c99c9fad\" data-trp-original-action=\"\/ru\/wp-json\/wp\/v2\/pages\/14\"><noscript class=\"wpforms-error-noscript\">\u041f\u043e\u0436\u0430\u043b\u0443\u0439\u0441\u0442\u0430, \u0432\u043a\u043b\u044e\u0447\u0438\u0442\u0435 JavaScript \u0432 \u0432\u0430\u0448\u0435\u043c \u0431\u0440\u0430\u0443\u0437\u0435\u0440\u0435 \u0434\u043b\u044f \u0437\u0430\u043f\u043e\u043b\u043d\u0435\u043d\u0438\u044f \u0434\u0430\u043d\u043d\u043e\u0439 \u0444\u043e\u0440\u043c\u044b.<\/noscript><div class=\"wpforms-field-container\"><div id=\"wpforms-151-field_0-container\" class=\"wpforms-field wpforms-field-name wpforms-one-half wpforms-first\" data-field-id=\"0\"><label class=\"wpforms-field-label wpforms-label-hide\" for=\"wpforms-151-field_0\">\u0130sim <span class=\"wpforms-required-label\">*<\/span><\/label><input type=\"text\" id=\"wpforms-151-field_0\" class=\"wpforms-field-large wpforms-field-required\" name=\"wpforms[fields][0]\" placeholder=\"\u0418\u043c\u044f \u0424\u0430\u043c\u0438\u043b\u0438\u044f\" required><\/div><div id=\"wpforms-151-field_3-container\" class=\"wpforms-field wpforms-field-email wpforms-one-half\" data-field-id=\"3\"><label class=\"wpforms-field-label wpforms-label-hide\" for=\"wpforms-151-field_3\">Email <span class=\"wpforms-required-label\">*<\/span><\/label><input type=\"email\" id=\"wpforms-151-field_3\" class=\"wpforms-field-large wpforms-field-required\" name=\"wpforms[fields][3]\" placeholder=\"Email\" required><\/div><div id=\"wpforms-151-field_4-container\" class=\"wpforms-field wpforms-field-text\" data-field-id=\"4\"><label class=\"wpforms-field-label wpforms-label-hide\" for=\"wpforms-151-field_4\">Subject<\/label><input type=\"text\" id=\"wpforms-151-field_4\" class=\"wpforms-field-large\" name=\"wpforms[fields][4]\" placeholder=\"\u0422\u0435\u043c\u0430\" ><\/div><div id=\"wpforms-151-field_2-container\" class=\"wpforms-field wpforms-field-textarea\" data-field-id=\"2\"><label class=\"wpforms-field-label wpforms-label-hide\" for=\"wpforms-151-field_2\">Message <span class=\"wpforms-required-label\">*<\/span><\/label><textarea id=\"wpforms-151-field_2\" class=\"wpforms-field-medium wpforms-field-required\" name=\"wpforms[fields][2]\" placeholder=\"\u0442\u0432\u043e\u0435 \u0441\u043e\u043e\u0431\u0449\u0435\u043d\u0438\u0435\" required><\/textarea><\/div><\/div><div class=\"wpforms-submit-container\"><input type=\"hidden\" name=\"wpforms[id]\" value=\"151\"><input type=\"hidden\" name=\"wpforms[author]\" value=\"1\"><button type=\"submit\" name=\"wpforms[submit]\" id=\"wpforms-submit-151\" class=\"wpforms-submit\" data-alt-text=\"G\u00f6nderiliyor...\" data-submit-text=\"G\u00f6nder\" aria-live=\"assertive\" value=\"wpforms-submit\">\u043f\u043e\u0441\u043b\u0430\u0442\u044c<\/button><\/div><input type=\"hidden\" name=\"trp-form-language\" value=\"ru\"\/><\/form><\/div>  <!-- .wpforms-container --><\/div>\n\n\n\n<div class=\"wp-block-column is-vertically-aligned-center\">\n<div class=\"wp-block-columns\">\n<div class=\"wp-block-column\"><\/div>\n\n\n\n<div class=\"wp-block-column\" style=\"flex-basis:60%\">\n<h4 class=\"has-text-align-left hestia-title has-text-color\" style=\"color:#3c4858;font-size:18px\"><strong>\u0410\u0434\u0440\u0435\u0441<\/strong><\/h4>\n\n\n\n<p class=\"has-text-align-left has-text-color has-medium-font-size\" style=\"color:#999999\">Ayd\u0131nl\u0131 &#8211; KOSB Mh. Analitik Cd. No: 66 Tuzla  ISTANBUL<\/p>\n\n\n\n<div style=\"height:40px\" aria-hidden=\"true\" class=\"wp-block-spacer\"><\/div>\n\n\n\n<h4 class=\"has-text-align-left hestia-title has-text-color\" style=\"color:#3c4858;font-size:18px\"><strong><strong>\u0442\u0435\u043b\u0435\u0444\u043e\u043d<\/strong><\/strong><\/h4>\n\n\n\n<p class=\"has-text-align-left has-text-color has-medium-font-size\" style=\"color:#999999\">+90 216 593 22 14<\/p>\n\n\n\n<div style=\"height:40px\" aria-hidden=\"true\" class=\"wp-block-spacer\"><\/div>\n\n\n\n<h4 class=\"has-text-align-left hestia-title has-text-color\" style=\"color:#3c4858;font-size:18px\"><strong><strong>Mail<\/strong><\/strong><\/h4>\n\n\n\n<p class=\"has-text-align-left has-text-color has-medium-font-size\" style=\"color:#999999\">info@purotto.com.tr<\/p>\n\n\n\n<p class=\"has-text-align-left has-text-color\" style=\"color:#999999;font-size:14px\"><br><\/p>\n\n\n\n<a href=\"https:\/\/twitter.com\/purottotr?ref_src=twsrc%5Etfw\" class=\"twitter-follow-button\" data-show-count=\"false\">Follow @purottotr<\/a><script async=\"\" src=\"https:\/\/platform.twitter.com\/widgets.js\" charset=\"utf-8\"><\/script>\n\n\n\n<ul class=\"wp-block-social-links\"><li class=\"wp-social-link wp-social-link-linkedin wp-block-social-link\"><a href=\"https:\/\/www.linkedin.com\/company\/purotto\/about\/\" aria-label=\"LinkedIn: https:\/\/www.linkedin.com\/company\/purotto\/about\/\"  class=\"wp-block-social-link-anchor\"> <svg width=\"24\" height=\"24\" viewbox=\"0 0 24 24\" version=\"1.1\" xmlns=\"http:\/\/www.w3.org\/2000\/svg\" role=\"img\" aria-hidden=\"true\" focusable=\"false\"><path d=\"M19.7,3H4.3C3.582,3,3,3.582,3,4.3v15.4C3,20.418,3.582,21,4.3,21h15.4c0.718,0,1.3-0.582,1.3-1.3V4.3 C21,3.582,20.418,3,19.7,3z M8.339,18.338H5.667v-8.59h2.672V18.338z M7.004,8.574c-0.857,0-1.549-0.694-1.549-1.548 c0-0.855,0.691-1.548,1.549-1.548c0.854,0,1.547,0.694,1.547,1.548C8.551,7.881,7.858,8.574,7.004,8.574z M18.339,18.338h-2.669 v-4.177c0-0.996-0.017-2.278-1.387-2.278c-1.389,0-1.601,1.086-1.601,2.206v4.249h-2.667v-8.59h2.559v1.174h0.037 c0.356-0.675,1.227-1.387,2.526-1.387c2.703,0,3.203,1.779,3.203,4.092V18.338z\"><\/path><\/svg><\/a><\/li><\/ul>\n<\/div>\n<\/div>\n<\/div>\n<\/div>\n\n\n\n<div class=\"wp-block-columns\"><\/div>\n\n\n\n<p><\/p>","protected":false},"excerpt":{"rendered":"<p>Bize Ula\u015f\u0131n Adres Ayd\u0131nl\u0131 &#8211; KOSB Mh. Analitik Cd. No: 66 Tuzla ISTANBUL Telefon +90 216 593 22 14 Mail info@purotto.com.tr Follow @purottotr<\/p>","protected":false},"author":1,"featured_media":6,"parent":0,"menu_order":0,"comment_status":"closed","ping_status":"closed","template":"page-templates\/template-pagebuilder-full-width.php","meta":[],"_links":{"self":[{"href":"https:\/\/purotto.com.tr\/ru\/wp-json\/wp\/v2\/pages\/14"}],"collection":[{"href":"https:\/\/purotto.com.tr\/ru\/wp-json\/wp\/v2\/pages"}],"about":[{"href":"https:\/\/purotto.com.tr\/ru\/wp-json\/wp\/v2\/types\/page"}],"author":[{"embeddable":true,"href":"https:\/\/purotto.com.tr\/ru\/wp-json\/wp\/v2\/users\/1"}],"replies":[{"embeddable":true,"href":"https:\/\/purotto.com.tr\/ru\/wp-json\/wp\/v2\/comments?post=14"}],"version-history":[{"count":26,"href":"https:\/\/purotto.com.tr\/ru\/wp-json\/wp\/v2\/pages\/14\/revisions"}],"predecessor-version":[{"id":477,"href":"https:\/\/purotto.com.tr\/ru\/wp-json\/wp\/v2\/pages\/14\/revisions\/477"}],"wp:featuredmedia":[{"embeddable":true,"href":"https:\/\/purotto.com.tr\/ru\/wp-json\/wp\/v2\/media\/6"}],"wp:attachment":[{"href":"https:\/\/purotto.com.tr\/ru\/wp-json\/wp\/v2\/media?parent=14"}],"curies":[{"name":"wp","href":"https:\/\/api.w.org\/{rel}","templated":true}]}}