{"id":545,"date":"2024-04-18T02:10:11","date_gmt":"2024-04-18T02:10:11","guid":{"rendered":"https:\/\/purotto.com.tr\/?page_id=545"},"modified":"2024-04-18T02:26:16","modified_gmt":"2024-04-18T02:26:16","slug":"spor-zeminleri","status":"publish","type":"page","link":"https:\/\/purotto.com.tr\/ru\/zemin-sistemleri\/spor-zeminleri\/","title":{"rendered":"Spor Zeminleri"},"content":{"rendered":"<div class=\"wp-block-media-text alignwide has-media-on-the-right is-stacked-on-mobile is-image-fill\" style=\"grid-template-columns:auto 36%\"><figure class=\"wp-block-media-text__media\" style=\"background-image:url(http:\/\/purotto.com.tr\/wp-content\/uploads\/2021\/11\/PUROTTO-60-1024x571.jpg);background-position:50% 50%\"><img loading=\"lazy\" width=\"1024\" height=\"571\" src=\"http:\/\/purotto.com.tr\/wp-content\/uploads\/2021\/11\/PUROTTO-60-1024x571.jpg\" alt=\"\" class=\"wp-image-196 size-full\" srcset=\"https:\/\/purotto.com.tr\/wp-content\/uploads\/2021\/11\/PUROTTO-60-1024x571.jpg 1024w, https:\/\/purotto.com.tr\/wp-content\/uploads\/2021\/11\/PUROTTO-60-300x167.jpg 300w, https:\/\/purotto.com.tr\/wp-content\/uploads\/2021\/11\/PUROTTO-60-768x428.jpg 768w, https:\/\/purotto.com.tr\/wp-content\/uploads\/2021\/11\/PUROTTO-60-600x334.jpg 600w, https:\/\/purotto.com.tr\/wp-content\/uploads\/2021\/11\/PUROTTO-60.jpg 1172w\" sizes=\"(max-width: 1024px) 100vw, 1024px\" \/><\/figure><div class=\"wp-block-media-text__content\">\n<h2 class=\"has-accent-color has-text-color has-large-font-size\">Purofloor SPR<\/h2>\n\n\n\n<p>Purofloor SPR - \u044d\u0442\u043e \u0434\u0432\u0443\u0445\u043a\u043e\u043c\u043f\u043e\u043d\u0435\u043d\u0442\u043d\u044b\u0439 \u044d\u043b\u0430\u0441\u0442\u0438\u0447\u043d\u044b\u0439 \u0441\u0442\u0440\u0443\u043a\u0442\u0443\u0440\u0438\u0440\u043e\u0432\u0430\u043d\u043d\u044b\u0439 \u043f\u0440\u043e\u0434\u0443\u043a\u0442 \u043d\u0430 \u043f\u043e\u043b\u0438\u0443\u0440\u0435\u0442\u0430\u043d\u043e\u0432\u043e\u0439 \u043e\u0441\u043d\u043e\u0432\u0435, \u0441\u043e\u0441\u0442\u043e\u044f\u0449\u0438\u0439 \u0438\u0437 \u0448\u043f\u0430\u0442\u043b\u0435\u0432\u043a\u0438, \u0433\u0440\u0443\u043d\u0442\u043e\u0432\u043a\u0438, \u0433\u0440\u0443\u043d\u0442\u043e\u0432\u043a\u0438 \u0438 \u0444\u0438\u043d\u0438\u0448\u043d\u043e\u0433\u043e \u043f\u043e\u043a\u0440\u044b\u0442\u0438\u044f, \u0438\u0441\u043f\u043e\u043b\u044c\u0437\u0443\u0435\u043c\u044b\u0439 \u0432 \u0437\u0430\u043a\u0440\u044b\u0442\u044b\u0445 \u0438 \u043e\u0442\u043a\u0440\u044b\u0442\u044b\u0445 \u0441\u043f\u043e\u0440\u0442\u0438\u0432\u043d\u044b\u0445 \u0437\u0430\u043b\u0430\u0445. \u0421\u0438\u0441\u0442\u0435\u043c\u044b \u0441\u043f\u043e\u0440\u0442\u0438\u0432\u043d\u044b\u0445 \u043f\u043e\u043b\u043e\u0432 \u0438\u0437\n\u043f\u043e\u043b\u0438\u0443\u0440\u0435\u0442\u0430\u043d\u0430 \u0438\u0441\u043f\u043e\u043b\u044c\u0437\u0443\u044e\u0442\u0441\u044f \u0432 \u043f\u0440\u043e\u0444\u0435\u0441\u0441\u0438\u043e\u043d\u0430\u043b\u044c\u043d\u044b\u0445 \u0438 \u0440\u0435\u043a\u0440\u0435\u0430\u0446\u0438\u043e\u043d\u043d\u044b\u0445 \u0441\u043f\u043e\u0440\u0442\u0438\u0432\u043d\u044b\u0445 \u0446\u0435\u043b\u044f\u0445 \u0431\u043b\u0430\u0433\u043e\u0434\u0430\u0440\u044f \u0438\u0445 \u0443\u0441\u0442\u043e\u0439\u0447\u0438\u0432\u043e\u0441\u0442\u0438 \u043a \u0441\u043a\u043e\u043b\u044c\u0436\u0435\u043d\u0438\u044e \u0438\n\u0438\u0441\u0442\u0438\u0440\u0430\u043d\u0438\u044e.<\/p>\n<\/div><\/div>\n\n\n\n<div style=\"height:49px\" aria-hidden=\"true\" class=\"wp-block-spacer\"><\/div>\n\n\n\n<div class=\"wp-block-buttons is-content-justification-center\">\n<div class=\"wp-block-button has-custom-font-size has-small-font-size\"><a class=\"wp-block-button__link has-accent-background-color has-background\" href=\"https:\/\/purotto.com.tr\/ru\/purosive-krk-5400\/\" target=\"_blank\" rel=\"noreferrer noopener\"><strong>PUROFLOOR BTN 0210 &#8211; A<\/strong><\/a><\/div>\n\n\n\n<div class=\"wp-block-button has-custom-font-size has-small-font-size\"><a class=\"wp-block-button__link has-accent-background-color has-background\" href=\"https:\/\/purotto.com.tr\/ru\/purosive-krk-5400\/\" target=\"_blank\" rel=\"noreferrer noopener\"><strong><strong>PUROFLOOR BTN 0210 &#8211; B<\/strong><\/strong><\/a><\/div>\n\n\n\n<div class=\"wp-block-button has-custom-font-size has-small-font-size\"><a class=\"wp-block-button__link has-accent-background-color has-background\" href=\"https:\/\/purotto.com.tr\/ru\/purosive-krk-5400\/\"><strong><strong>PUROFLOOR SV-1150 X40<\/strong><\/strong><\/a><\/div>\n<\/div>\n\n\n\n<p><\/p>","protected":false},"excerpt":{"rendered":"<p>Purofloor SPR Purofloor SPR, kapal\u0131 ve a\u00e7\u0131k spor salonlar\u0131nda kullan\u0131lan, \u00e7ift komponentli, macun, astar, arakat ve sonkat uygulamalar\u0131ndan olu\u015fan, poli\u00fcretan esasl\u0131, elastik yap\u0131da \u00fcr\u00fcnlerdir. Poli\u00fcretan spor zemin sistemleri kaymaya ve a\u015f\u0131nmaya kar\u015f\u0131 direncinden dolay\u0131 profesyonel ve e\u011flence spor alanlar\u0131nda kullan\u0131lmaktad\u0131r.<\/p>","protected":false},"author":1,"featured_media":553,"parent":542,"menu_order":0,"comment_status":"closed","ping_status":"closed","template":"","meta":[],"_links":{"self":[{"href":"https:\/\/purotto.com.tr\/ru\/wp-json\/wp\/v2\/pages\/545"}],"collection":[{"href":"https:\/\/purotto.com.tr\/ru\/wp-json\/wp\/v2\/pages"}],"about":[{"href":"https:\/\/purotto.com.tr\/ru\/wp-json\/wp\/v2\/types\/page"}],"author":[{"embeddable":true,"href":"https:\/\/purotto.com.tr\/ru\/wp-json\/wp\/v2\/users\/1"}],"replies":[{"embeddable":true,"href":"https:\/\/purotto.com.tr\/ru\/wp-json\/wp\/v2\/comments?post=545"}],"version-history":[{"count":4,"href":"https:\/\/purotto.com.tr\/ru\/wp-json\/wp\/v2\/pages\/545\/revisions"}],"predecessor-version":[{"id":560,"href":"https:\/\/purotto.com.tr\/ru\/wp-json\/wp\/v2\/pages\/545\/revisions\/560"}],"up":[{"embeddable":true,"href":"https:\/\/purotto.com.tr\/ru\/wp-json\/wp\/v2\/pages\/542"}],"wp:featuredmedia":[{"embeddable":true,"href":"https:\/\/purotto.com.tr\/ru\/wp-json\/wp\/v2\/media\/553"}],"wp:attachment":[{"href":"https:\/\/purotto.com.tr\/ru\/wp-json\/wp\/v2\/media?parent=545"}],"curies":[{"name":"wp","href":"https:\/\/api.w.org\/{rel}","templated":true}]}}