{"id":97,"date":"2021-10-26T07:35:38","date_gmt":"2021-10-26T07:35:38","guid":{"rendered":"http:\/\/purotto.com.tr\/?page_id=97"},"modified":"2021-11-15T06:28:25","modified_gmt":"2021-11-15T06:28:25","slug":"hakkimizda","status":"publish","type":"page","link":"https:\/\/purotto.com.tr\/ru\/hakkimizda\/","title":{"rendered":"\u041e \u041d\u0410\u0421"},"content":{"rendered":"<p style=\"text-align: left;\">PUROTTO Kimya A.\u015e., \u0438\u043c\u0435\u0435\u0442 \u043f\u0440\u043e\u0438\u0437\u0432\u043e\u0434\u0441\u0442\u0432\u0435\u043d\u043d\u0443\u044e \u043f\u043b\u043e\u0449\u0430\u0434\u044c 2500 \u043c2\n\u0438 \u0433\u043e\u0434\u043e\u0432\u0443\u044e \u043f\u0440\u043e\u0438\u0437\u0432\u043e\u0434\u0441\u0442\u0432\u0435\u043d\u043d\u0443\u044e \u043c\u043e\u0449\u043d\u043e\u0441\u0442\u044c 10 000 \u0442\u043e\u043d\u043d \u0432 \u043e\u0440\u0433\u0430\u043d\u0438\u0437\u043e\u0432\u0430\u043d\u043d\u043e\u0439 \u043f\u0440\u043e\u043c\u044b\u0448\u043b\u0435\u043d\u043d\u043e\u0439 \u0437\u043e\u043d\u0435 Tuzla Chemists. PUROTTO K\u0130MYA A\u015e - \u044d\u0442\u043e \u0434\u043e\u043c \u0441 \u043f\u043e\u043b\u0438\u0443\u0440\u0435\u0442\u0430\u043d\u043e\u0432\u043e\u0439 \u0441\u0438\u0441\u0442\u0435\u043c\u043e\u0439 100%\n\u043e\u0442\u0435\u0447\u0435\u0441\u0442\u0432\u0435\u043d\u043d\u043e\u0433\u043e \u043f\u0440\u043e\u0438\u0437\u0432\u043e\u0434\u0441\u0442\u0432\u0430. \u041d\u0430\u0448\u0430 \u043a\u043e\u043c\u043f\u0430\u043d\u0438\u044f \u0443\u0441\u043f\u0435\u0448\u043d\u043e \u043f\u0440\u043e\u0438\u0437\u0432\u043e\u0434\u0438\u0442 \u0442\u0430\u043a\u0438\u0435 \u0433\u0440\u0443\u043f\u043f\u044b \u043f\u043e\u043b\u0438\u0443\u0440\u0435\u0442\u0430\u043d\u043e\u0432\u044b\u0445 \u0441\u0438\u0441\u0442\u0435\u043c, \u043a\u0430\u043a \u0433\u0438\u0431\u043a\u0438\u0435, \u0432\u0441\u043f\u0435\u043d\u0435\u043d\u043d\u044b\u0435 \u0441\u0438\u0441\u0442\u0435\u043c\u044b, \u0443\u043f\u043b\u043e\u0442\u043d\u0435\u043d\u0438\u044f, \u0438\u0437\u043e\u043b\u044f\u0446\u0438\u044f, \u043a\u043b\u0435\u0438, \u043b\u0438\u0442\u0435\u0439\u043d\u044b\u0435 \u0441\u0438\u0441\u0442\u0435\u043c\u044b, \u043d\u0430\u043f\u043e\u043b\u044c\u043d\u044b\u0435 \u0441\u0438\u0441\u0442\u0435\u043c\u044b, \u0441\u0432\u044f\u0437\u0443\u044e\u0449\u0438\u0435, \u043f\u043e\u043b\u0438\u043e\u043b\u044b,\n\u043f\u0440\u0435\u043f\u043e\u043b\u0438\u043c\u0435\u0440\u044b \u0438 \u043f\u043e\u043b\u0438\u043c\u043e\u0447\u0435\u0432\u0438\u043d\u0430.<\/p>\r\n<p style=\"text-align: left;\">PUROTTO Kimya A.\u015e., \u044d\u0442\u043e \u043a\u043e\u043c\u043f\u0430\u043d\u0438\u044f, \u043a\u043e\u0442\u043e\u0440\u0430\u044f \u0441\u0442\u0440\u0435\u043c\u0438\u0442\u0441\u044f \u0443\u0434\u043e\u0432\u043b\u0435\u0442\u0432\u043e\u0440\u0438\u0442\u044c \u043f\u043e\u0442\u0440\u0435\u0431\u043d\u043e\u0441\u0442\u0438 \u043d\u0430\u0448\u0435\u0439 \u0441\u0442\u0440\u0430\u043d\u044b \u0438 \u0433\u0435\u043e\u0433\u0440\u0430\u0444\u0438\u0447\u0435\u0441\u043a\u0438\u0445 \u0440\u0435\u0433\u0438\u043e\u043d\u043e\u0432 \u0432 \u043f\u043e\u043b\u0438\u0443\u0440\u0435\u0442\u0430\u043d\u0435, \u0441\u0438\u043d\u0442\u0435\u0437\u0438\u0440\u0443\u044f \u0441\u0432\u043e\u0439 \u043f\u0440\u043e\u0448\u043b\u044b\u0439 \u043e\u043f\u044b\u0442 \u0441\n\u0438\u043d\u043d\u043e\u0432\u0430\u0446\u0438\u043e\u043d\u043d\u044b\u043c \u043f\u043e\u0434\u0445\u043e\u0434\u043e\u043c.<\/p>\r\n<p style=\"text-align: left;\">PUROTTO Kimya A.\u015e., \u0441\u0442\u0440\u0435\u043c\u0438\u0442\u0441\u044f \u0441\u043e\u0437\u0434\u0430\u0432\u0430\u0442\u044c \u043d\u043e\u0432\u044b\u0435 \u043e\u0431\u043b\u0430\u0441\u0442\u0438 \u0438\u0441\u043f\u043e\u043b\u044c\u0437\u043e\u0432\u0430\u043d\u0438\u044f \u0432 \u0441\u043e\u0432\u0440\u0435\u043c\u0435\u043d\u043d\u044b\u0445 \u0440\u044b\u043d\u043e\u0447\u043d\u044b\u0445 \u0443\u0441\u043b\u043e\u0432\u0438\u044f\u0445 \u0441 \u043f\u043e\u043c\u043e\u0449\u044c\u044e \u0438\u043d\u043d\u043e\u0432\u0430\u0446\u0438\u043e\u043d\u043d\u044b\u0445, \u043a\u043e\u043d\u043a\u0443\u0440\u0435\u043d\u0442\u043e\u0441\u043f\u043e\u0441\u043e\u0431\u043d\u044b\u0445 \u0438 \u044d\u0444\u0444\u0435\u043a\u0442\u0438\u0432\u043d\u044b\u0445\n\u0431\u0438\u0437\u043d\u0435\u0441-\u043c\u043e\u0434\u0435\u043b\u0435\u0439, \u0441\u043e\u0437\u0434\u0430\u043d\u043d\u044b\u0445 \u0432 \u0441\u043e\u043e\u0442\u0432\u0435\u0442\u0441\u0442\u0432\u0438\u0438 \u0441 \u0435\u0435 \u0446\u0435\u043b\u044f\u043c\u0438 \u0432 \u043e\u0431\u043b\u0430\u0441\u0442\u0438 \u043f\u043e\u043b\u0438\u0443\u0440\u0435\u0442\u0430\u043d\u0430. \u041e\u043d \u043d\u0430\u043f\u0440\u0430\u0432\u043b\u0435\u043d \u043d\u0430 \u0440\u0430\u0437\u0432\u0438\u0442\u0438\u0435 \u0432\u043d\u0443\u0442\u0440\u0435\u043d\u043d\u0435\u0433\u043e \u043f\u0440\u043e\u0438\u0437\u0432\u043e\u0434\u0441\u0442\u0432\u0430 \u043f\u0443\u0442\u0435\u043c \u043f\u0440\u043e\u0438\u0437\u0432\u043e\u0434\u0441\u0442\u0432\u0430 \u0438\u043d\u043d\u043e\u0432\u0430\u0446\u0438\u043e\u043d\u043d\u044b\u0445 \u043f\u0440\u043e\u0434\u0443\u043a\u0442\u043e\u0432 \u0441 \u0432\u044b\u0441\u043e\u043a\u043e\u0439 \u0434\u043e\u0431\u0430\u0432\u043b\u0435\u043d\u043d\u043e\u0439 \u0441\u0442\u043e\u0438\u043c\u043e\u0441\u0442\u044c\u044e \u0438 \u0441\u0442\u0430\u043d\u0434\u0430\u0440\u0442\u0430\u043c\u0438 \u043a\u0430\u0447\u0435\u0441\u0442\u0432\u0430, \u043d\u0430\u0446\u0435\u043b\u0435\u043d\u043d\u044b\u0445 \u043d\u0430 \u0432\u043d\u0443\u0442\u0440\u0435\u043d\u043d\u0438\u0439 \u0440\u044b\u043d\u043e\u043a \u0438 \u044d\u043a\u0441\u043f\u043e\u0440\u0442 \u0432 \u044d\u0442\u043e\u043c \u0441\u0435\u043a\u0442\u043e\u0440\u0435, \u0430 \u0442\u0430\u043a\u0436\u0435 \u043d\u0430 \u0441\u043e\u0434\u0435\u0439\u0441\u0442\u0432\u0438\u0435 \u044d\u043a\u043e\u043d\u043e\u043c\u0438\u043a\u0435 \u0441\u0442\u0440\u0430\u043d\u044b \u0437\u0430 \u0441\u0447\u0435\u0442 \u043a\u043e\u043d\u0446\u0435\u043d\u0442\u0440\u0430\u0446\u0438\u0438 \u043d\u0430 \u044d\u043a\u0441\u043f\u043e\u0440\u0442\u0435.<\/p>\r\n<p style=\"text-align: left;\">PUROTTO Kimya A.\u015e., \u0434\u0435\u0439\u0441\u0442\u0432\u0443\u0435\u0442 \u0432 \u0441\u043e\u043e\u0442\u0432\u0435\u0442\u0441\u0442\u0432\u0438\u0438 \u0441 \u043f\u0440\u0438\u043d\u0446\u0438\u043f\u0430\u043c\u0438\n\u0434\u043e\u043b\u0433\u043e\u0441\u0440\u043e\u0447\u043d\u043e\u0433\u043e \u0441\u0442\u0440\u0430\u0442\u0435\u0433\u0438\u0447\u0435\u0441\u043a\u043e\u0433\u043e \u0438 \u043f\u043e\u0441\u0442\u043e\u044f\u043d\u043d\u043e\u0433\u043e \u0441\u043e\u0442\u0440\u0443\u0434\u043d\u0438\u0447\u0435\u0441\u0442\u0432\u0430, \u043f\u0440\u0435\u0434\u043b\u0430\u0433\u0430\u044f \u0440\u0435\u0448\u0435\u043d\u0438\u044f, \u043e\u0440\u0438\u0435\u043d\u0442\u0438\u0440\u043e\u0432\u0430\u043d\u043d\u044b\u0435 \u043d\u0430 \u043a\u043b\u0438\u0435\u043d\u0442\u0430. \u041d\u0430\u0448\u0438\u043c \u043f\u0440\u0438\u043e\u0440\u0438\u0442\u0435\u0442\u043e\u043c \u044f\u0432\u043b\u044f\u0435\u0442\u0441\u044f \u043f\u0440\u043e\u0438\u0437\u0432\u043e\u0434\u0441\u0442\u0432\u043e \u0438\u043d\u043d\u043e\u0432\u0430\u0446\u0438\u043e\u043d\u043d\u044b\u0445,\n\u0431\u0435\u0437\u043e\u043f\u0430\u0441\u043d\u044b\u0445 \u0434\u043b\u044f \u0447\u0435\u043b\u043e\u0432\u0435\u043a\u0430 \u0438 \u043e\u043a\u0440\u0443\u0436\u0430\u044e\u0449\u0435\u0439 \u0441\u0440\u0435\u0434\u044b \u043f\u0440\u043e\u0434\u0443\u043a\u0442\u043e\u0432 \u0441 \u043d\u0435\u043f\u0440\u0435\u0440\u044b\u0432\u043d\u043e\u0439 \u043d\u0430\u0443\u0447\u043d\u043e-\u0438\u0441\u0441\u043b\u0435\u0434\u043e\u0432\u0430\u0442\u0435\u043b\u044c\u0441\u043a\u043e\u0439 \u0440\u0430\u0431\u043e\u0442\u043e\u0439. \u0421 \u043f\u043e\u043d\u0438\u043c\u0430\u043d\u0438\u0435\u043c \u0442\u043e\u0433\u043e, \u0447\u0442\u043e \u043a\u043b\u0438\u0435\u043d\u0442\u044b \u0432\u043e\u0441\u043f\u0440\u0438\u043d\u0438\u043c\u0430\u044e\u0442\u0441\u044f \u043a\u0430\u043a \u0434\u0435\u043b\u043e\u0432\u044b\u0435 \u043f\u0430\u0440\u0442\u043d\u0435\u0440\u044b,\n\u043a\u043e\u043c\u043f\u0430\u043d\u0438\u044f \u0443\u0441\u043f\u0435\u0448\u043d\u043e \u043f\u0440\u043e\u0438\u0437\u0432\u043e\u0434\u0438\u0442 \u043f\u0440\u043e\u0434\u0443\u043a\u0442\u044b, \u043e\u0442\u0432\u0435\u0447\u0430\u044e\u0449\u0438\u0435 \u0438\u0445 \u043f\u043e\u0442\u0440\u0435\u0431\u043d\u043e\u0441\u0442\u044f\u043c \u0438 \u043f\u0440\u0438\u043b\u043e\u0436\u0435\u043d\u0438\u044f\u043c, \u043f\u0440\u0435\u0434\u043b\u0430\u0433\u0430\u044f \u0440\u0430\u0437\u043b\u0438\u0447\u043d\u044b\u0435 \u0440\u0435\u0448\u0435\u043d\u0438\u044f, \u043e\u0440\u0438\u0435\u043d\u0442\u0438\u0440\u043e\u0432\u0430\u043d\u043d\u044b\u0435 \u043d\u0430 \u0438\u0441\u0441\u043b\u0435\u0434\u043e\u0432\u0430\u043d\u0438\u044f \u0438 \u0440\u0430\u0437\u0440\u0430\u0431\u043e\u0442\u043a\u0438, \u0438 \u043d\u043e\u0432\u044b\u0435\n\u0430\u043b\u044c\u0442\u0435\u0440\u043d\u0430\u0442\u0438\u0432\u044b.<\/p>\r\n\r\n\r\n\r\n<div class=\"wp-block-media-text alignwide has-media-on-the-right is-stacked-on-mobile is-vertically-aligned-center\" style=\"grid-template-columns: auto 37%;\">\r\n<figure class=\"wp-block-media-text__media\"><img loading=\"lazy\" width=\"1024\" height=\"683\" src=\"http:\/\/purotto.com.tr\/wp-content\/uploads\/2021\/10\/shutterstock_117648727-1024x683.jpg\" alt=\"\" class=\"wp-image-140 size-large\" srcset=\"https:\/\/purotto.com.tr\/wp-content\/uploads\/2021\/10\/shutterstock_117648727-1024x683.jpg 1024w, https:\/\/purotto.com.tr\/wp-content\/uploads\/2021\/10\/shutterstock_117648727-300x200.jpg 300w, https:\/\/purotto.com.tr\/wp-content\/uploads\/2021\/10\/shutterstock_117648727-768x512.jpg 768w, https:\/\/purotto.com.tr\/wp-content\/uploads\/2021\/10\/shutterstock_117648727-1536x1024.jpg 1536w, https:\/\/purotto.com.tr\/wp-content\/uploads\/2021\/10\/shutterstock_117648727-2048x1365.jpg 2048w, https:\/\/purotto.com.tr\/wp-content\/uploads\/2021\/10\/shutterstock_117648727-360x240.jpg 360w, https:\/\/purotto.com.tr\/wp-content\/uploads\/2021\/10\/shutterstock_117648727-600x400.jpg 600w\" sizes=\"(max-width: 1024px) 100vw, 1024px\" \/><\/figure>\r\n<div class=\"wp-block-media-text__content\">\r\n<h2>\u041d\u0410\u0428\u0418 \u041f\u0420\u0418\u041d\u0426\u0418\u041f\u042b<\/h2>\r\n\r\n\r\n\r\n<ul class=\"has-black-color has-text-color\">\r\n<li>\u0418\u043d\u043d\u043e\u0432\u0430\u0446\u0438\u0438, \u043e\u0440\u0438\u0435\u043d\u0442\u0438\u0440\u043e\u0432\u0430\u043d\u043d\u044b\u0435 \u043d\u0430 \u0438\u0441\u0441\u043b\u0435\u0434\u043e\u0432\u0430\u043d\u0438\u044f \u0438 \u0440\u0430\u0437\u0440\u0430\u0431\u043e\u0442\u043a\u0438<\/li>\r\n<li>\u041a\u0430\u0447\u0435\u0441\u0442\u0432\u043e \u0432 \u043c\u0435\u043d\u0435\u0434\u0436\u043c\u0435\u043d\u0442\u0435 \u0438 \u043f\u0440\u043e\u0438\u0437\u0432\u043e\u0434\u0441\u0442\u0432\u0435<\/li>\r\n<li>\u041f\u0430\u0440\u0442\u043d\u0435\u0440\u0441\u0442\u0432\u043e \u0441 \u043e\u0440\u0438\u0435\u043d\u0442\u0438\u0440\u043e\u0432\u0430\u043d\u043d\u044b\u043c\u0438 \u043d\u0430 \u043a\u043b\u0438\u0435\u043d\u0442\u0430 \u0440\u0435\u0448\u0435\u043d\u0438\u044f\u043c\u0438<\/li>\r\n<li>\u041d\u0435\u043f\u0440\u0435\u0440\u044b\u0432\u043d\u043e\u0441\u0442\u044c \u0432 \u043a\u0430\u0447\u0435\u0441\u0442\u0432\u0435<\/li>\r\n<li>\u041f\u0440\u043e\u0434\u0443\u043a\u0442\u044b, \u0431\u0435\u0437\u043e\u043f\u0430\u0441\u043d\u044b\u0435 \u0434\u043b\u044f \u0447\u0435\u043b\u043e\u0432\u0435\u043a\u0430 \u0438 \u043e\u043a\u0440\u0443\u0436\u0430\u044e\u0449\u0435\u0439 \u0441\u0440\u0435\u0434\u044b<\/li>\r\n<li>\u041f\u0440\u0438\u0440\u043e\u0434\u043e\u043e\u0445\u0440\u0430\u043d\u043d\u043e\u0435 \u043f\u0440\u043e\u0438\u0437\u0432\u043e\u0434\u0441\u0442\u0432\u043e<\/li>\r\n<li>\u0411\u0435\u0437\u043e\u043f\u0430\u0441\u043d\u043e\u0435 \u043f\u0440\u043e\u0438\u0437\u0432\u043e\u0434\u0441\u0442\u0432\u043e<\/li>\r\n<\/ul>\r\n<\/div>\r\n<\/div>","protected":false},"excerpt":{"rendered":"<p>PUROTTO Kimya A.\u015e., Tuzla Kimyac\u0131lar Organize Sanayi B\u00f6lgesinde 2500 m2 faaliyet alan\u0131na, y\u0131ll\u0131k 10.000 ton \u00fcretim kapasitesine sahiptir. Firmam\u0131z, %100 Yerli \u00fcretim yapan Poli\u00fcretan sistem evidir. Esnek, K\u00f6p\u00fck sistemler, S\u0131zd\u0131rmazl\u0131k, Yal\u0131t\u0131m, Yap\u0131\u015ft\u0131r\u0131c\u0131lar, D\u00f6k\u00fcm Sistemleri, Zemin Sistemleri, Ba\u011flay\u0131c\u0131lar, Polioller, Prepolimerler ve Polyurea gibi Poli\u00fcretan sistemlerini ba\u015far\u0131yla \u00fcretmektedir. PUROTTO Kimya A.\u015e., yenilik\u00e7i [&hellip;]<\/p>","protected":false},"author":1,"featured_media":137,"parent":0,"menu_order":0,"comment_status":"closed","ping_status":"closed","template":"","meta":[],"_links":{"self":[{"href":"https:\/\/purotto.com.tr\/ru\/wp-json\/wp\/v2\/pages\/97"}],"collection":[{"href":"https:\/\/purotto.com.tr\/ru\/wp-json\/wp\/v2\/pages"}],"about":[{"href":"https:\/\/purotto.com.tr\/ru\/wp-json\/wp\/v2\/types\/page"}],"author":[{"embeddable":true,"href":"https:\/\/purotto.com.tr\/ru\/wp-json\/wp\/v2\/users\/1"}],"replies":[{"embeddable":true,"href":"https:\/\/purotto.com.tr\/ru\/wp-json\/wp\/v2\/comments?post=97"}],"version-history":[{"count":10,"href":"https:\/\/purotto.com.tr\/ru\/wp-json\/wp\/v2\/pages\/97\/revisions"}],"predecessor-version":[{"id":324,"href":"https:\/\/purotto.com.tr\/ru\/wp-json\/wp\/v2\/pages\/97\/revisions\/324"}],"wp:featuredmedia":[{"embeddable":true,"href":"https:\/\/purotto.com.tr\/ru\/wp-json\/wp\/v2\/media\/137"}],"wp:attachment":[{"href":"https:\/\/purotto.com.tr\/ru\/wp-json\/wp\/v2\/media?parent=97"}],"curies":[{"name":"wp","href":"https:\/\/api.w.org\/{rel}","templated":true}]}}